{"id":8461,"date":"2026-02-10T19:06:15","date_gmt":"2026-02-10T18:06:15","guid":{"rendered":"https:\/\/holz-faszination.de\/faszination\/?post_type=product&#038;p=8461"},"modified":"2026-04-16T05:22:34","modified_gmt":"2026-04-16T03:22:34","slug":"special-prem-macassar-guitar-fretboard-preassembled","status":"publish","type":"product","link":"https:\/\/holz-faszination.de\/faszination\/produkt\/special-prem-macassar-guitar-fretboard-preassembled\/","title":{"rendered":"SPECIAL: Prem. Macassar Guitar Fretboard preassembled&#8211;"},"content":{"rendered":"","protected":false},"excerpt":{"rendered":"<h2 style=\"text-align: left;\"><img decoding=\"async\" class=\"wp-image-6707 alignnone\" src=\"https:\/\/holz-faszination.de\/faszination\/wp-content\/uploads\/2025\/08\/Flagge-Deut.png\" alt=\"\" width=\"50\" height=\"42\" \/><br \/>\n<span style=\"color: #ff6600;\">SPECIAL:<\/span><\/h2>\n<h4><span style=\"color: #993300;\">Ein tolles fertig geschlitztes und gerundetes MACASSAR Griffbrett. Aufleimfertig!!<\/span><\/h4>\n[video width=\"800\" height=\"800\" mp4=\"https:\/\/holz-faszination.de\/faszination\/wp-content\/uploads\/2026\/02\/Macassar-fretb.mp4\"][\/video]\n<h4><span style=\"color: #ff0000;\">Spezifikationen:<\/span><br \/>\n<span style=\"color: #ff6600;\">Mensur\u00a0 :\u00a0 \u00a0 \u00a0 \u00a0 \u00a0 \u00a0 \u00a025&#8243; (635mm)<br \/>\nBundschlitze :\u00a0 \u00a024<br \/>\nRadius:\u00a0 \u00a0 \u00a0 \u00a0 \u00a0 \u00a0 \u00a0 \u00a0 12&#8243; Compound<br \/>\nBreiten:\u00a0 \u00a0 \u00a0 \u00a0 \u00a0 \u00a0 \u00a0 \u00a044\/58mm<\/span><\/h4>\n<h6>Sie kaufen genau die abgebildeten St\u00fccke!<br \/>\nBitte beachten Sie: Die von uns verwendeten \u201eLesPaul\u201c- oder \u201eStratocaster\u201c-Schablonen sind gr\u00f6\u00dfer als die Originalgr\u00f6\u00dfe!<br \/>\nF\u00fcr weitere Informationen stehen wir Ihnen gerne per E-Mail oder Telefon zur Verf\u00fcgung!<br \/>\ninfo@holz-faszination.de<\/h6>\n<hr \/>\n<h2 style=\"text-align: left;\"><img decoding=\"async\" class=\"size-full wp-image-6709 alignnone\" src=\"https:\/\/holz-faszination.de\/faszination\/wp-content\/uploads\/2025\/08\/Flagge-Brit.png\" alt=\"\" width=\"50\" height=\"39\" \/><br \/>\n<span style=\"color: #ff6600;\">SPECIAL:<\/span><\/h2>\n<h4><span style=\"color: #993300;\">A great pre-slotted and rounded MACASSAR fingerboard. Ready to glue on!<\/span><\/h4>\n<h4><span style=\"color: #ff0000;\">DATA:<\/span><br \/>\n<span style=\"color: #ff6600;\">Scale:\u00a0 \u00a0 \u00a0 \u00a0 \u00a0 \u00a0 \u00a0 \u00a0 \u00a0 \u00a0 25&#8243; (635mm)<\/span><br \/>\n<span style=\"color: #ff6600;\">Frets :\u00a0 \u00a0 \u00a0 \u00a0 \u00a0 \u00a0 \u00a0 \u00a0 \u00a0 \u00a024<\/span><br \/>\n<span style=\"color: #ff6600;\">Radius:\u00a0 \u00a0 \u00a0 \u00a0 \u00a0 \u00a0 \u00a0 \u00a0 12&#8243; Compound<\/span><br \/>\n<span style=\"color: #ff6600;\">Widths:\u00a0 \u00a0 \u00a0 \u00a0 \u00a0 \u00a0 \u00a0 \u00a044\/58mm<\/span><\/h4>\n<h6>You purchase exactly that shown pieces!<br \/>\nPlease note: The \u201cLesPaul\u201d or \u201cStratocaster\u201d Templates we use, are bigger as the original Size!<br \/>\nFor further Information please feel free to ask via Email or Phone!<br \/>\ninfo@holz-faszination.de<\/h6>\n","protected":false},"featured_media":8462,"template":"","meta":[],"product_brand":[],"product_cat":[45],"product_tag":[140,138,267,236,102,173,134,497],"class_list":{"0":"post-8461","1":"product","2":"type-product","3":"status-publish","4":"has-post-thumbnail","6":"product_cat-slotted-fretboards-blanks","7":"product_tag-burl","8":"product_tag-burly","9":"product_tag-ebenholz","10":"product_tag-ebony","11":"product_tag-high-grade","12":"product_tag-high-quality","13":"product_tag-highly-figured","14":"product_tag-macassar","16":"first","17":"instock","18":"taxable","19":"shipping-taxable","20":"purchasable","21":"product-type-simple"},"_links":{"self":[{"href":"https:\/\/holz-faszination.de\/faszination\/wp-json\/wp\/v2\/product\/8461","targetHints":{"allow":["GET"]}}],"collection":[{"href":"https:\/\/holz-faszination.de\/faszination\/wp-json\/wp\/v2\/product"}],"about":[{"href":"https:\/\/holz-faszination.de\/faszination\/wp-json\/wp\/v2\/types\/product"}],"wp:featuredmedia":[{"embeddable":true,"href":"https:\/\/holz-faszination.de\/faszination\/wp-json\/wp\/v2\/media\/8462"}],"wp:attachment":[{"href":"https:\/\/holz-faszination.de\/faszination\/wp-json\/wp\/v2\/media?parent=8461"}],"wp:term":[{"taxonomy":"product_brand","embeddable":true,"href":"https:\/\/holz-faszination.de\/faszination\/wp-json\/wp\/v2\/product_brand?post=8461"},{"taxonomy":"product_cat","embeddable":true,"href":"https:\/\/holz-faszination.de\/faszination\/wp-json\/wp\/v2\/product_cat?post=8461"},{"taxonomy":"product_tag","embeddable":true,"href":"https:\/\/holz-faszination.de\/faszination\/wp-json\/wp\/v2\/product_tag?post=8461"}],"curies":[{"name":"wp","href":"https:\/\/api.w.org\/{rel}","templated":true}]}}