{"id":8446,"date":"2026-02-10T19:06:16","date_gmt":"2026-02-10T18:06:16","guid":{"rendered":"https:\/\/holz-faszination.de\/faszination\/?post_type=product&#038;p=8446"},"modified":"2026-04-16T05:22:34","modified_gmt":"2026-04-16T03:22:34","slug":"special-prem-highl-fig-spalted-maple-guitar-top-75mm","status":"publish","type":"product","link":"https:\/\/holz-faszination.de\/faszination\/produkt\/special-prem-highl-fig-spalted-maple-guitar-top-75mm\/","title":{"rendered":"SPECIAL: Prem. highl. fig. spalted Maple Guitar Top, 7,5mm (K-1538)"},"content":{"rendered":"","protected":false},"excerpt":{"rendered":"<h2 style=\"text-align: left;\"><img decoding=\"async\" class=\"wp-image-6707 alignnone\" src=\"https:\/\/holz-faszination.de\/faszination\/wp-content\/uploads\/2025\/08\/Flagge-Deut.png\" alt=\"\" width=\"50\" height=\"42\" \/><br \/>\n<span style=\"color: #ff6600;\">SPECIAL:<\/span><\/h2>\n[video width=\"800\" height=\"800\" mp4=\"https:\/\/holz-faszination.de\/faszination\/wp-content\/uploads\/2026\/02\/K-1538.mp4\"][\/video]\n<h4><span style=\"color: #ff6600;\">Abmessungen:<\/span><br \/>\n<span style=\"color: #ff6600;\">515 x 450\/460 x 7,5mm<\/span><\/h4>\n<h6>Sie kaufen genau die abgebildeten St\u00fccke!<br \/>\nBitte beachten Sie: Die von uns verwendeten \u201eLesPaul\u201c- oder \u201eStratocaster\u201c-Schablonen sind gr\u00f6\u00dfer als die Originalgr\u00f6\u00dfe!<br \/>\nF\u00fcr weitere Informationen stehen wir Ihnen gerne per E-Mail oder Telefon zur Verf\u00fcgung!<br \/>\ninfo@holz-faszination.de<\/h6>\n<hr \/>\n<h2 style=\"text-align: left;\"><img decoding=\"async\" class=\"size-full wp-image-6709 alignnone\" src=\"https:\/\/holz-faszination.de\/faszination\/wp-content\/uploads\/2025\/08\/Flagge-Brit.png\" alt=\"\" width=\"50\" height=\"39\" \/><br \/>\n<span style=\"color: #ff6600;\">SPECIAL:<\/span><\/h2>\n<h4><span style=\"color: #ff6600;\">Size:<br \/>\n515 x 450\/460 x 7,5mm<\/span><\/h4>\n<h6>You purchase exactly that shown pieces!<br \/>\nPlease note: The \u201cLesPaul\u201d or \u201cStratocaster\u201d Templates we use, are bigger as the original Size!<br \/>\nFor further Information please feel free to ask via Email or Phone!<br \/>\ninfo@holz-faszination.de<\/h6>\n","protected":false},"featured_media":8447,"template":"","meta":[],"product_brand":[],"product_cat":[38,41],"product_tag":[140,138,102,173,134,113,139],"class_list":{"0":"post-8446","1":"product","2":"type-product","3":"status-publish","4":"has-post-thumbnail","6":"product_cat-flamed-curly-maple-topsets","7":"product_cat-spalted-maple-topsets","8":"product_tag-burl","9":"product_tag-burly","10":"product_tag-high-grade","11":"product_tag-high-quality","12":"product_tag-highly-figured","13":"product_tag-spalted","14":"product_tag-spalted-maple","16":"first","17":"instock","18":"taxable","19":"shipping-taxable","20":"purchasable","21":"product-type-simple"},"_links":{"self":[{"href":"https:\/\/holz-faszination.de\/faszination\/wp-json\/wp\/v2\/product\/8446","targetHints":{"allow":["GET"]}}],"collection":[{"href":"https:\/\/holz-faszination.de\/faszination\/wp-json\/wp\/v2\/product"}],"about":[{"href":"https:\/\/holz-faszination.de\/faszination\/wp-json\/wp\/v2\/types\/product"}],"wp:featuredmedia":[{"embeddable":true,"href":"https:\/\/holz-faszination.de\/faszination\/wp-json\/wp\/v2\/media\/8447"}],"wp:attachment":[{"href":"https:\/\/holz-faszination.de\/faszination\/wp-json\/wp\/v2\/media?parent=8446"}],"wp:term":[{"taxonomy":"product_brand","embeddable":true,"href":"https:\/\/holz-faszination.de\/faszination\/wp-json\/wp\/v2\/product_brand?post=8446"},{"taxonomy":"product_cat","embeddable":true,"href":"https:\/\/holz-faszination.de\/faszination\/wp-json\/wp\/v2\/product_cat?post=8446"},{"taxonomy":"product_tag","embeddable":true,"href":"https:\/\/holz-faszination.de\/faszination\/wp-json\/wp\/v2\/product_tag?post=8446"}],"curies":[{"name":"wp","href":"https:\/\/api.w.org\/{rel}","templated":true}]}}