{"id":7516,"date":"2025-11-17T15:39:44","date_gmt":"2025-11-17T14:39:44","guid":{"rendered":"https:\/\/holz-faszination.de\/faszination\/?post_type=product&#038;p=7516"},"modified":"2026-05-02T05:47:58","modified_gmt":"2026-05-02T03:47:58","slug":"europ-flamed-maple-guitar-top-205mm-k-1574","status":"publish","type":"product","link":"https:\/\/holz-faszination.de\/faszination\/produkt\/europ-flamed-maple-guitar-top-205mm-k-1574\/","title":{"rendered":"europ. flamed Maple Guitar Top, 20,5mm (K-1574)"},"content":{"rendered":"","protected":false},"excerpt":{"rendered":"<h4 style=\"text-align: left;\"><img decoding=\"async\" class=\"wp-image-6707 alignnone\" src=\"https:\/\/holz-faszination.de\/faszination\/wp-content\/uploads\/2025\/08\/Flagge-Deut.png\" alt=\"\" width=\"50\" height=\"42\" \/><br \/>\n<span style=\"color: #ff6600;\"><strong>Beschreibung:<br \/>\n<\/strong><\/span><span style=\"color: #008080;\"><strong>(NICHT mit Wasser oder sonstigem benetzt, um die Maserung zu zeigen!)<\/strong><\/span><\/h4>\n<h6 style=\"text-align: left;\"><strong>\u2026europ. Riegelahorn Top.<\/strong><\/h6>\n<h6><span style=\"color: #808080;\">(Die St\u00e4mme, aus denen diese Tops gemacht wurden, sind seit \u00fcber 15 Jahren in unserem Besitz.<\/span><br \/>\n<span style=\"color: #808080;\">Nun werden sie nach und nach zu tops, Halskanteln, bodies etc. weiterverarbeitet. Sehr intensive Strukturen sind nat\u00fcrlich ebenso dabei, wie auch moderatere St\u00fccke. F\u00fcr alle sollte etwas dabei sein.)<\/span><\/h6>\n<h5 style=\"text-align: left;\"><span style=\"color: #ff6600;\">Abmessungen:<\/span><br \/>\n<span style=\"color: #ff6600;\">600 x 435 x 20,5mm<\/span><\/h5>\n<h6>Sie kaufen genau die abgebildeten St\u00fccke!<br \/>\nBitte beachten Sie: Die von uns verwendeten \u201eLesPaul\u201c- oder \u201eStratocaster\u201c-Schablonen sind gr\u00f6\u00dfer als die Originalgr\u00f6\u00dfe!<br \/>\nF\u00fcr weitere Informationen stehen wir Ihnen gerne per E-Mail oder Telefon zur Verf\u00fcgung!<br \/>\ninfo@holz-faszination.de<\/h6>\n<hr \/>\n<h4><img decoding=\"async\" class=\"size-full wp-image-6709 alignnone\" src=\"https:\/\/holz-faszination.de\/faszination\/wp-content\/uploads\/2025\/08\/Flagge-Brit.png\" alt=\"\" width=\"50\" height=\"39\" \/><br \/>\n<span style=\"color: #ff6600;\"><strong>Description:<br \/>\n<span style=\"color: #008080;\">(NOT moistened with water or anything else to show the grain!)<\/span><br \/>\n<\/strong><\/span><\/h4>\n<h6 class=\"fusion-responsive-typography-calculated\" style=\"text-align: left;\" data-fontsize=\"16\" data-lineheight=\"19.2px\"><strong>&#8230;European curly maple top.<\/strong><\/h6>\n<h6><span style=\"color: #808080;\">(We have owned the logs used to make these tops for over 15 years.<\/span><br \/>\n<span style=\"color: #808080;\">Now they are gradually being processed into tops, neck blocks, bodies, etc. There are, of course, some very intense structures as well as more moderate pieces. There should be something for everyone.)<\/span><\/h6>\n<h5 class=\"fusion-responsive-typography-calculated\" style=\"text-align: left;\" data-fontsize=\"16\" data-lineheight=\"19.2px\"><span style=\"color: #ff6600;\">Size:<br \/>\n600 x 435 x 20,5mm<\/span><\/h5>\n<h6>You purchase exactly that shown pieces!<br \/>\nPlease note: The \u201cLesPaul\u201d or \u201cStratocaster\u201d Templates we use, are bigger as the original Size!<br \/>\nFor further Information please feel free to ask via Email or Phone!<br \/>\ninfo@holz-faszination.de<\/h6>\n","protected":false},"featured_media":7519,"template":"","meta":[],"product_brand":[],"product_cat":[38],"product_tag":[152,123,91,107,92,94],"class_list":{"0":"post-7516","1":"product","2":"type-product","3":"status-publish","4":"has-post-thumbnail","6":"product_cat-flamed-curly-maple-topsets","7":"product_tag-flame","8":"product_tag-flamed","9":"product_tag-flamed-maple","10":"product_tag-geflammt","11":"product_tag-geriegelt","12":"product_tag-riegelahorn","14":"first","15":"instock","16":"taxable","17":"shipping-taxable","18":"purchasable","19":"product-type-simple"},"_links":{"self":[{"href":"https:\/\/holz-faszination.de\/faszination\/wp-json\/wp\/v2\/product\/7516","targetHints":{"allow":["GET"]}}],"collection":[{"href":"https:\/\/holz-faszination.de\/faszination\/wp-json\/wp\/v2\/product"}],"about":[{"href":"https:\/\/holz-faszination.de\/faszination\/wp-json\/wp\/v2\/types\/product"}],"wp:featuredmedia":[{"embeddable":true,"href":"https:\/\/holz-faszination.de\/faszination\/wp-json\/wp\/v2\/media\/7519"}],"wp:attachment":[{"href":"https:\/\/holz-faszination.de\/faszination\/wp-json\/wp\/v2\/media?parent=7516"}],"wp:term":[{"taxonomy":"product_brand","embeddable":true,"href":"https:\/\/holz-faszination.de\/faszination\/wp-json\/wp\/v2\/product_brand?post=7516"},{"taxonomy":"product_cat","embeddable":true,"href":"https:\/\/holz-faszination.de\/faszination\/wp-json\/wp\/v2\/product_cat?post=7516"},{"taxonomy":"product_tag","embeddable":true,"href":"https:\/\/holz-faszination.de\/faszination\/wp-json\/wp\/v2\/product_tag?post=7516"}],"curies":[{"name":"wp","href":"https:\/\/api.w.org\/{rel}","templated":true}]}}