{"id":7392,"date":"2025-11-17T15:38:43","date_gmt":"2025-11-17T14:38:43","guid":{"rendered":"https:\/\/holz-faszination.de\/faszination\/?post_type=product&#038;p=7392"},"modified":"2026-04-30T05:44:39","modified_gmt":"2026-04-30T03:44:39","slug":"prem-curly-quilted-redwood-guitar-topset-9mm-rw-1557","status":"publish","type":"product","link":"https:\/\/holz-faszination.de\/faszination\/produkt\/prem-curly-quilted-redwood-guitar-topset-9mm-rw-1557\/","title":{"rendered":"Prem. curly\/quilted REDWOOD Guitar Topset, 9mm (RW-1557)"},"content":{"rendered":"","protected":false},"excerpt":{"rendered":"<h4 style=\"text-align: left;\"><img decoding=\"async\" class=\"wp-image-6707 alignnone\" src=\"https:\/\/holz-faszination.de\/faszination\/wp-content\/uploads\/2025\/08\/Flagge-Deut.png\" alt=\"\" width=\"50\" height=\"42\" \/><br \/>\n<span style=\"color: #ff6600;\">Beschreibung:<\/span><\/h4>\n<h5 style=\"text-align: left;\"><strong>&#8230;&#8230;ein unglaubliches curly\/quilted Redwood Top. Eine wahnsinns Struktur, in Verbindung mit dieser echt tollen Farbe!!<br \/>\n<span style=\"color: #ff0000;\">Sehr Nahe an der &#8211;Mastergrade&#8211; Klassifizierung!!<\/span><\/strong><br \/>\n<span style=\"color: #ff6600;\"><br \/>\nAbmessungen:<\/span><br \/>\n<span style=\"color: #ff6600;\">600 x 425 x 9mm<\/span><\/h5>\n<h6>Sie kaufen genau die abgebildeten St\u00fccke!<br \/>\nBitte beachten Sie: Die von uns verwendeten \u201eLesPaul\u201c- oder \u201eStratocaster\u201c-Schablonen sind gr\u00f6\u00dfer als die Originalgr\u00f6\u00dfe!<br \/>\nF\u00fcr weitere Informationen stehen wir Ihnen gerne per E-Mail oder Telefon zur Verf\u00fcgung!<br \/>\ninfo@holz-faszination.de<\/h6>\n<hr \/>\n<h4 style=\"text-align: left;\"><img decoding=\"async\" class=\"size-full wp-image-6709 alignnone\" src=\"https:\/\/holz-faszination.de\/faszination\/wp-content\/uploads\/2025\/08\/Flagge-Brit.png\" alt=\"\" width=\"50\" height=\"39\" \/><br \/>\n<span style=\"color: #ff6600;\">Description:<\/span><\/h4>\n<h5><strong>&#8230;&#8230;an incredible curly\/quilted redwood top. An amazing structure, combined with this really great color!<br \/>\n<span style=\"color: #ff0000;\">Very close to the &#8211;Mastergrade&#8211; classification!<\/span><br \/>\n<\/strong><span style=\"color: #ff6600;\"><br \/>\nSize:<br \/>\n600 x 425 x 9mm<\/span><\/h5>\n<h6>You purchase exactly that shown pieces!<br \/>\nPlease note: The \u201cLesPaul\u201d or \u201cStratocaster\u201d Templates we use, are bigger as the original Size!<br \/>\nFor further Information please feel free to ask via Email or Phone!<br \/>\ninfo@holz-faszination.de<\/h6>\n","protected":false},"featured_media":7399,"template":"","meta":[],"product_brand":[],"product_cat":[40],"product_tag":[111,102,173,134,131,153],"class_list":{"0":"post-7392","1":"product","2":"type-product","3":"status-publish","4":"has-post-thumbnail","6":"product_cat-all-but-maple","7":"product_tag-curly","8":"product_tag-high-grade","9":"product_tag-high-quality","10":"product_tag-highly-figured","11":"product_tag-quilted","12":"product_tag-redwood","14":"first","15":"instock","16":"taxable","17":"shipping-taxable","18":"purchasable","19":"product-type-simple"},"_links":{"self":[{"href":"https:\/\/holz-faszination.de\/faszination\/wp-json\/wp\/v2\/product\/7392","targetHints":{"allow":["GET"]}}],"collection":[{"href":"https:\/\/holz-faszination.de\/faszination\/wp-json\/wp\/v2\/product"}],"about":[{"href":"https:\/\/holz-faszination.de\/faszination\/wp-json\/wp\/v2\/types\/product"}],"wp:featuredmedia":[{"embeddable":true,"href":"https:\/\/holz-faszination.de\/faszination\/wp-json\/wp\/v2\/media\/7399"}],"wp:attachment":[{"href":"https:\/\/holz-faszination.de\/faszination\/wp-json\/wp\/v2\/media?parent=7392"}],"wp:term":[{"taxonomy":"product_brand","embeddable":true,"href":"https:\/\/holz-faszination.de\/faszination\/wp-json\/wp\/v2\/product_brand?post=7392"},{"taxonomy":"product_cat","embeddable":true,"href":"https:\/\/holz-faszination.de\/faszination\/wp-json\/wp\/v2\/product_cat?post=7392"},{"taxonomy":"product_tag","embeddable":true,"href":"https:\/\/holz-faszination.de\/faszination\/wp-json\/wp\/v2\/product_tag?post=7392"}],"curies":[{"name":"wp","href":"https:\/\/api.w.org\/{rel}","templated":true}]}}