{"id":7336,"date":"2025-11-17T15:38:39","date_gmt":"2025-11-17T14:38:39","guid":{"rendered":"https:\/\/holz-faszination.de\/faszination\/?post_type=product&#038;p=7336"},"modified":"2026-05-02T05:47:59","modified_gmt":"2026-05-02T03:47:59","slug":"prem-1pc-curly-black-walnut-guitar-top-7mm-nb-429","status":"publish","type":"product","link":"https:\/\/holz-faszination.de\/faszination\/produkt\/prem-1pc-curly-black-walnut-guitar-top-7mm-nb-429\/","title":{"rendered":"Prem. 1pc. curly BLACK WALNUT Guitar Top, 7mm (NB-429)"},"content":{"rendered":"","protected":false},"excerpt":{"rendered":"<h4 style=\"text-align: left;\"><img decoding=\"async\" class=\"wp-image-6707 alignnone\" src=\"https:\/\/holz-faszination.de\/faszination\/wp-content\/uploads\/2025\/08\/Flagge-Deut.png\" alt=\"\" width=\"50\" height=\"42\" \/><br \/>\n<span style=\"color: #ff6600;\">Beschreibung:<\/span><\/h4>\n<h5 style=\"text-align: left;\"><strong>&#8230;spektakul\u00e4res einteiliges black Walnut Guitar Top. Die curly Maserung ist sehr present, variiert aber bei black Walnut immer je nach Blickwinkel!<\/strong><br \/>\n<span style=\"color: #ff6600;\">Abmessungen:<\/span><br \/>\n<span style=\"color: #ff6600;\">560x 365 x 7mm<\/span><\/h5>\n<h6>Sie kaufen genau die abgebildeten St\u00fccke!<br \/>\nBitte beachten Sie: Die von uns verwendeten \u201eLesPaul\u201c- oder \u201eStratocaster\u201c-Schablonen sind gr\u00f6\u00dfer als die Originalgr\u00f6\u00dfe!<br \/>\nF\u00fcr weitere Informationen stehen wir Ihnen gerne per E-Mail oder Telefon zur Verf\u00fcgung!<br \/>\ninfo@holz-faszination.de<\/h6>\n<hr \/>\n<h4 style=\"text-align: left;\"><img decoding=\"async\" class=\"size-full wp-image-6709 alignnone\" src=\"https:\/\/holz-faszination.de\/faszination\/wp-content\/uploads\/2025\/08\/Flagge-Brit.png\" alt=\"\" width=\"50\" height=\"39\" \/><br \/>\n<span style=\"color: #ff6600;\">Description:<\/span><\/h4>\n<h5><strong>&#8230;spectacular 1pc. black walnut guitar top. The curly grain is very prominent, but always varies depending on the angle of view with black walnut!<br \/>\n<\/strong><span style=\"color: #ff6600;\">Size:<br \/>\n560 x 365 x 7mm<\/span><\/h5>\n<h6>You purchase exactly that shown pieces!<br \/>\nPlease note: The \u201cLesPaul\u201d or \u201cStratocaster\u201d Templates we use, are bigger as the original Size!<br \/>\nFor further Information please feel free to ask via Email or Phone!<br \/>\ninfo@holz-faszination.de<\/h6>\n","protected":false},"featured_media":7341,"template":"","meta":[],"product_brand":[],"product_cat":[40],"product_tag":[154,488,102,173,134,155,133],"class_list":{"0":"post-7336","1":"product","2":"type-product","3":"status-publish","4":"has-post-thumbnail","6":"product_cat-all-but-maple","7":"product_tag-black-walnut","8":"product_tag-culy","9":"product_tag-high-grade","10":"product_tag-high-quality","11":"product_tag-highly-figured","12":"product_tag-walnuss","13":"product_tag-walnut","15":"first","16":"outofstock","17":"taxable","18":"shipping-taxable","19":"purchasable","20":"product-type-simple"},"_links":{"self":[{"href":"https:\/\/holz-faszination.de\/faszination\/wp-json\/wp\/v2\/product\/7336","targetHints":{"allow":["GET"]}}],"collection":[{"href":"https:\/\/holz-faszination.de\/faszination\/wp-json\/wp\/v2\/product"}],"about":[{"href":"https:\/\/holz-faszination.de\/faszination\/wp-json\/wp\/v2\/types\/product"}],"wp:featuredmedia":[{"embeddable":true,"href":"https:\/\/holz-faszination.de\/faszination\/wp-json\/wp\/v2\/media\/7341"}],"wp:attachment":[{"href":"https:\/\/holz-faszination.de\/faszination\/wp-json\/wp\/v2\/media?parent=7336"}],"wp:term":[{"taxonomy":"product_brand","embeddable":true,"href":"https:\/\/holz-faszination.de\/faszination\/wp-json\/wp\/v2\/product_brand?post=7336"},{"taxonomy":"product_cat","embeddable":true,"href":"https:\/\/holz-faszination.de\/faszination\/wp-json\/wp\/v2\/product_cat?post=7336"},{"taxonomy":"product_tag","embeddable":true,"href":"https:\/\/holz-faszination.de\/faszination\/wp-json\/wp\/v2\/product_tag?post=7336"}],"curies":[{"name":"wp","href":"https:\/\/api.w.org\/{rel}","templated":true}]}}