{"id":7323,"date":"2025-11-17T15:38:38","date_gmt":"2025-11-17T14:38:38","guid":{"rendered":"https:\/\/holz-faszination.de\/faszination\/?post_type=product&#038;p=7323"},"modified":"2026-04-13T17:07:47","modified_gmt":"2026-04-13T15:07:47","slug":"prem-1pc-curly-black-walnut-guitar-top-65mm-nb-428","status":"publish","type":"product","link":"https:\/\/holz-faszination.de\/faszination\/produkt\/prem-1pc-curly-black-walnut-guitar-top-65mm-nb-428\/","title":{"rendered":"Prem. 1pc. curly BLACK WALNUT Guitar Top, 6,5mm (NB-428)"},"content":{"rendered":"","protected":false},"excerpt":{"rendered":"<h4 style=\"text-align: left;\"><img decoding=\"async\" class=\"wp-image-6707 alignnone\" src=\"https:\/\/holz-faszination.de\/faszination\/wp-content\/uploads\/2025\/08\/Flagge-Deut.png\" alt=\"\" width=\"50\" height=\"42\" \/><br \/>\n<span style=\"color: #ff6600;\">Beschreibung:<\/span><\/h4>\n<h5 style=\"text-align: left;\"><strong>&#8230;wow,- ein spektakul\u00e4res einteiliges black Walnut Guitar Top. Der quer gelegte, an Marmor assoziierende Faserverlauf gibt der Struktur nochmal Feuer!!\u00a0<\/strong><br \/>\n<span style=\"color: #ff6600;\">Abmessungen:<\/span><br \/>\n<span style=\"color: #ff6600;\">550x 395 x 6,5mm<\/span><\/h5>\n<h6>Sie kaufen genau die abgebildeten St\u00fccke!<br \/>\nBitte beachten Sie: Die von uns verwendeten \u201eLesPaul\u201c- oder \u201eStratocaster\u201c-Schablonen sind gr\u00f6\u00dfer als die Originalgr\u00f6\u00dfe!<br \/>\nF\u00fcr weitere Informationen stehen wir Ihnen gerne per E-Mail oder Telefon zur Verf\u00fcgung!<br \/>\ninfo@holz-faszination.de<\/h6>\n<hr \/>\n<h4 style=\"text-align: left;\"><img decoding=\"async\" class=\"size-full wp-image-6709 alignnone\" src=\"https:\/\/holz-faszination.de\/faszination\/wp-content\/uploads\/2025\/08\/Flagge-Brit.png\" alt=\"\" width=\"50\" height=\"39\" \/><br \/>\n<span style=\"color: #ff6600;\">Description:<\/span><\/h4>\n<h5><strong>&#8230;wow, -a spectacular 1pc. black walnut guitar top. The crosswise grain, reminiscent of marble, adds even more fire to the structure!<br \/>\n<\/strong><span style=\"color: #ff6600;\">Size:<br \/>\n550 x 395 x 6,5mm<\/span><\/h5>\n<h6>You purchase exactly that shown pieces!<br \/>\nPlease note: The \u201cLesPaul\u201d or \u201cStratocaster\u201d Templates we use, are bigger as the original Size!<br \/>\nFor further Information please feel free to ask via Email or Phone!<br \/>\ninfo@holz-faszination.de<\/h6>\n","protected":false},"featured_media":7326,"template":"","meta":[],"product_brand":[],"product_cat":[40],"product_tag":[154,102,173,134,129,130,155,133],"class_list":{"0":"post-7323","1":"product","2":"type-product","3":"status-publish","4":"has-post-thumbnail","6":"product_cat-all-but-maple","7":"product_tag-black-walnut","8":"product_tag-high-grade","9":"product_tag-high-quality","10":"product_tag-highly-figured","11":"product_tag-nussbaum","12":"product_tag-nussholz","13":"product_tag-walnuss","14":"product_tag-walnut","16":"first","17":"instock","18":"sale","19":"taxable","20":"shipping-taxable","21":"purchasable","22":"product-type-simple"},"_links":{"self":[{"href":"https:\/\/holz-faszination.de\/faszination\/wp-json\/wp\/v2\/product\/7323","targetHints":{"allow":["GET"]}}],"collection":[{"href":"https:\/\/holz-faszination.de\/faszination\/wp-json\/wp\/v2\/product"}],"about":[{"href":"https:\/\/holz-faszination.de\/faszination\/wp-json\/wp\/v2\/types\/product"}],"wp:featuredmedia":[{"embeddable":true,"href":"https:\/\/holz-faszination.de\/faszination\/wp-json\/wp\/v2\/media\/7326"}],"wp:attachment":[{"href":"https:\/\/holz-faszination.de\/faszination\/wp-json\/wp\/v2\/media?parent=7323"}],"wp:term":[{"taxonomy":"product_brand","embeddable":true,"href":"https:\/\/holz-faszination.de\/faszination\/wp-json\/wp\/v2\/product_brand?post=7323"},{"taxonomy":"product_cat","embeddable":true,"href":"https:\/\/holz-faszination.de\/faszination\/wp-json\/wp\/v2\/product_cat?post=7323"},{"taxonomy":"product_tag","embeddable":true,"href":"https:\/\/holz-faszination.de\/faszination\/wp-json\/wp\/v2\/product_tag?post=7323"}],"curies":[{"name":"wp","href":"https:\/\/api.w.org\/{rel}","templated":true}]}}