{"id":6736,"date":"2025-11-17T15:39:42","date_gmt":"2025-11-17T14:39:42","guid":{"rendered":"https:\/\/holz-faszination.de\/faszination\/?post_type=product&#038;p=6736"},"modified":"2026-05-02T05:47:58","modified_gmt":"2026-05-02T03:47:58","slug":"3-europ-flamed-maple-guitar-sides-fl-4","status":"publish","type":"product","link":"https:\/\/holz-faszination.de\/faszination\/produkt\/3-europ-flamed-maple-guitar-sides-fl-4\/","title":{"rendered":"3 \/europ. flamed Maple Guitar Sides!!    (FL-4)"},"content":{"rendered":"","protected":false},"excerpt":{"rendered":"<h4 style=\"text-align: left;\"><img decoding=\"async\" class=\"wp-image-6707 alignnone\" src=\"https:\/\/holz-faszination.de\/faszination\/wp-content\/uploads\/2025\/08\/Flagge-Deut.png\" alt=\"\" width=\"50\" height=\"42\" \/><br \/>\n<span style=\"color: #ff6600;\">Beschreibung:<\/span><\/h4>\n<h5 style=\"text-align: left;\"><strong>3 sch\u00f6ne Riegelahorn Gitarren Seiten.<\/strong> Drei Stck. ist nicht gerade eine passende Anzahl f\u00fcr Gitarrenseiten. Es liegt jedoch daran, das sie alle bookmatched, -von einem Block geschnitten wurden. Und dieser war eben nicht dicker. Das sollte jedoch nicht soviel ausmachen, weil die anderen hier <span style=\"color: #000000;\">gezeigten Seiten sehr \u00e4hnlich,- und daher kompartibel sind.<\/span><br \/>\n<span style=\"color: #ff6600;\">Abmessungen:<\/span><br \/>\n<span style=\"color: #ff6600;\">Jeweils 900 x 140 x 2,8mm<\/span><\/h5>\n<h6>Sie kaufen genau die abgebildeten St\u00fccke!<br \/>\nBitte beachten Sie: Die von uns verwendeten \u201eLesPaul\u201c- oder \u201eStratocaster\u201c-Schablonen sind gr\u00f6\u00dfer als die Originalgr\u00f6\u00dfe!<br \/>\nF\u00fcr weitere Informationen stehen wir Ihnen gerne per E-Mail oder Telefon zur Verf\u00fcgung!<br \/>\ninfo@holz-faszination.de<\/h6>\n<p>&nbsp;<\/p>\n<h4><img decoding=\"async\" class=\"size-full wp-image-6709 alignnone\" src=\"https:\/\/holz-faszination.de\/faszination\/wp-content\/uploads\/2025\/08\/Flagge-Brit.png\" alt=\"\" width=\"50\" height=\"39\" \/><br \/>\n<span style=\"color: #ff6600;\">Description:<\/span><\/h4>\n<h5><strong>3 beautiful curly maple guitar sides.<\/strong> Three pieces is not exactly a convenient number for Guitar Sides. However, this is because they are all bookmatched, cut from a single block. Unfortunately, this block was not thicker. However, this should not matter too much, because the other sides shown here are very similar and therefore compatible.<br \/>\n<span style=\"color: #ff6600;\">Size:<\/span><br \/>\n<span style=\"color: #ff6600;\">Each 900 x 140 x 2,8mm<\/span><\/h5>\n<h6>You purchase exactly that shown pieces!<br \/>\nPlease note: The \u201cLesPaul\u201d or \u201cStratocaster\u201d Templates we use, are bigger as the original Size!<br \/>\nFor further Information please feel free to ask via Email or Phone!<br \/>\ninfo@holz-faszination.de<\/h6>\n","protected":false},"featured_media":6740,"template":"","meta":[],"product_brand":[],"product_cat":[38],"product_tag":[123,91,107,92,494,94,493],"class_list":{"0":"post-6736","1":"product","2":"type-product","3":"status-publish","4":"has-post-thumbnail","6":"product_cat-flamed-curly-maple-topsets","7":"product_tag-flamed","8":"product_tag-flamed-maple","9":"product_tag-geflammt","10":"product_tag-geriegelt","11":"product_tag-guitar-sides","12":"product_tag-riegelahorn","13":"product_tag-sides","15":"first","16":"instock","17":"taxable","18":"shipping-taxable","19":"purchasable","20":"product-type-simple"},"_links":{"self":[{"href":"https:\/\/holz-faszination.de\/faszination\/wp-json\/wp\/v2\/product\/6736","targetHints":{"allow":["GET"]}}],"collection":[{"href":"https:\/\/holz-faszination.de\/faszination\/wp-json\/wp\/v2\/product"}],"about":[{"href":"https:\/\/holz-faszination.de\/faszination\/wp-json\/wp\/v2\/types\/product"}],"wp:featuredmedia":[{"embeddable":true,"href":"https:\/\/holz-faszination.de\/faszination\/wp-json\/wp\/v2\/media\/6740"}],"wp:attachment":[{"href":"https:\/\/holz-faszination.de\/faszination\/wp-json\/wp\/v2\/media?parent=6736"}],"wp:term":[{"taxonomy":"product_brand","embeddable":true,"href":"https:\/\/holz-faszination.de\/faszination\/wp-json\/wp\/v2\/product_brand?post=6736"},{"taxonomy":"product_cat","embeddable":true,"href":"https:\/\/holz-faszination.de\/faszination\/wp-json\/wp\/v2\/product_cat?post=6736"},{"taxonomy":"product_tag","embeddable":true,"href":"https:\/\/holz-faszination.de\/faszination\/wp-json\/wp\/v2\/product_tag?post=6736"}],"curies":[{"name":"wp","href":"https:\/\/api.w.org\/{rel}","templated":true}]}}