{"id":7944,"date":"2025-11-17T15:41:53","date_gmt":"2025-11-17T14:41:53","guid":{"rendered":"https:\/\/holz-faszination.de\/faszination\/?post_type=product&#038;p=7944"},"modified":"2026-05-01T05:45:40","modified_gmt":"2026-05-01T03:45:40","slug":"mahogany-sipo-neckwood-48mm-mh-880","status":"publish","type":"product","link":"https:\/\/holz-faszination.de\/faszination\/de\/produkt\/mahogany-sipo-neckwood-48mm-mh-880\/","title":{"rendered":"Mahogany (Sipo) Neckwood, 48mm (MH-880)"},"content":{"rendered":"","protected":false},"excerpt":{"rendered":"<h4 style=\"text-align: left;\"><img decoding=\"async\" class=\"wp-image-6707 alignnone\" src=\"https:\/\/holz-faszination.de\/faszination\/wp-content\/uploads\/2025\/08\/Flagge-Deut.png\" alt=\"\" width=\"50\" height=\"42\" \/><br \/>\n<span style=\"color: #ff6600;\"><strong>Beschreibung:<br \/>\n<span style=\"color: #0000ff;\">(2. Wahl Material)<\/span><\/strong><\/span><\/h4>\n<h6 style=\"text-align: left;\"><strong>&#8230;solide gro\u00dfe Sipo Mahagoni Halskantel, mit ein paar fest eingewachsenen N\u00fcssen.<\/strong><\/h6>\n<h6><span style=\"color: #808080;\">Die Farbe des St\u00fccks ist sehr gleichm\u00e4ssig. Wenn auf den Bildern dunkle, zu helle oder gelblich verf\u00e4rbte Bereiche zu sehen sind, ist das i.d.R. fototechnisch bedingt!!<\/span><\/h6>\n<h5 style=\"text-align: left;\"><span style=\"color: #ff6600;\">Abmessungen:<\/span><br \/>\n<span style=\"color: #ff6600;\">1080 x 100 x 48mm<\/span><\/h5>\n<h6>Sie kaufen genau die abgebildeten St\u00fccke!<br \/>\nBitte beachten Sie: Die von uns verwendeten \u201eLesPaul\u201c- oder \u201eStratocaster\u201c-Schablonen sind gr\u00f6\u00dfer als die Originalgr\u00f6\u00dfe!<br \/>\nF\u00fcr weitere Informationen stehen wir Ihnen gerne per E-Mail oder Telefon zur Verf\u00fcgung!<br \/>\ninfo@holz-faszination.de<\/h6>\n<hr \/>\n<h4><img decoding=\"async\" class=\"size-full wp-image-6709 alignnone\" src=\"https:\/\/holz-faszination.de\/faszination\/wp-content\/uploads\/2025\/08\/Flagge-Brit.png\" alt=\"\" width=\"50\" height=\"39\" \/><br \/>\n<span style=\"color: #ff6600;\"><strong>Description:<br \/>\n<span style=\"color: #0000ff;\">(2nd. Choice Material)<\/span><\/strong><\/span><\/h4>\n<h6 class=\"fusion-responsive-typography-calculated\" style=\"text-align: left;\" data-fontsize=\"16\" data-lineheight=\"19.2px\"><strong>&#8230;solid large Sipo mahogany neck blank, with a few firmly ingrown nuts.<\/strong><\/h6>\n<h6><span style=\"color: #808080;\">The color of the piece is very uniform. If dark, overly bright, or yellowish areas are visible in the pictures, this is usually due to the photography technique!<\/span><\/h6>\n<h5 class=\"fusion-responsive-typography-calculated\" style=\"text-align: left;\" data-fontsize=\"16\" data-lineheight=\"19.2px\"><span style=\"color: #ff6600;\">Size:<br \/>\n1080 x 100 x 48mm<\/span><\/h5>\n<h6>You purchase exactly that shown pieces!<br \/>\nPlease note: The \u201cLesPaul\u201d or \u201cStratocaster\u201d Templates we use, are bigger as the original Size!<br \/>\nFor further Information please feel free to ask via Email or Phone!<br \/>\ninfo@holz-faszination.de<\/h6>\n","protected":false},"featured_media":7947,"template":"","meta":[],"product_brand":[],"product_cat":[43],"product_tag":[183,222,214,223,181,169,109],"class_list":{"0":"post-7944","1":"product","2":"type-product","3":"status-publish","4":"has-post-thumbnail","6":"product_cat-neckwoods","7":"product_tag-african-mahogany","8":"product_tag-hals","9":"product_tag-halskantel","10":"product_tag-mahagoni","11":"product_tag-mahogany","12":"product_tag-neck","13":"product_tag-neckwood","15":"first","16":"instock","17":"taxable","18":"shipping-taxable","19":"purchasable","20":"product-type-simple"},"_links":{"self":[{"href":"https:\/\/holz-faszination.de\/faszination\/de\/wp-json\/wp\/v2\/product\/7944","targetHints":{"allow":["GET"]}}],"collection":[{"href":"https:\/\/holz-faszination.de\/faszination\/de\/wp-json\/wp\/v2\/product"}],"about":[{"href":"https:\/\/holz-faszination.de\/faszination\/de\/wp-json\/wp\/v2\/types\/product"}],"wp:featuredmedia":[{"embeddable":true,"href":"https:\/\/holz-faszination.de\/faszination\/de\/wp-json\/wp\/v2\/media\/7947"}],"wp:attachment":[{"href":"https:\/\/holz-faszination.de\/faszination\/de\/wp-json\/wp\/v2\/media?parent=7944"}],"wp:term":[{"taxonomy":"product_brand","embeddable":true,"href":"https:\/\/holz-faszination.de\/faszination\/de\/wp-json\/wp\/v2\/product_brand?post=7944"},{"taxonomy":"product_cat","embeddable":true,"href":"https:\/\/holz-faszination.de\/faszination\/de\/wp-json\/wp\/v2\/product_cat?post=7944"},{"taxonomy":"product_tag","embeddable":true,"href":"https:\/\/holz-faszination.de\/faszination\/de\/wp-json\/wp\/v2\/product_tag?post=7944"}],"curies":[{"name":"wp","href":"https:\/\/api.w.org\/{rel}","templated":true}]}}