{"id":7302,"date":"2025-11-17T15:38:41","date_gmt":"2025-11-17T14:38:41","guid":{"rendered":"https:\/\/holz-faszination.de\/faszination\/?post_type=product&#038;p=7302"},"modified":"2026-04-29T05:41:27","modified_gmt":"2026-04-29T03:41:27","slug":"prem-hawaiian-curly-koa-guitar-top-sides-35mm-koa-3","status":"publish","type":"product","link":"https:\/\/holz-faszination.de\/faszination\/de\/produkt\/prem-hawaiian-curly-koa-guitar-top-sides-35mm-koa-3\/","title":{"rendered":"Prem. hawaiian curly KOA Guitar Top &#038; Sides, 3,5mm (KOA-3)"},"content":{"rendered":"","protected":false},"excerpt":{"rendered":"<h4 style=\"text-align: left;\"><img decoding=\"async\" class=\"wp-image-6707 alignnone\" src=\"https:\/\/holz-faszination.de\/faszination\/wp-content\/uploads\/2025\/08\/Flagge-Deut.png\" alt=\"\" width=\"50\" height=\"42\" \/><br \/>\n<span style=\"color: #ff6600;\">Beschreibung:<\/span><\/h4>\n<h6><strong>&#8230;ein immer seltener werdendes <span style=\"color: #993366;\">echtes hawaiien curly KOA Akustik-Set<\/span> in einem sch\u00f6nen 3-4 AAA Grading.<br \/>\nAlle Teile sind sauber kalibriert auf 3,5mm. Wir haben nur diese gezeigten 3 Sets!<br \/>\nDer Versand dieser empfindlichen Teile erfolgt sicher <span style=\"color: #ff0000;\">verpackt in Zwei Packst\u00fccken.<\/span><br \/>\nDaher muss der im Einkaufswagen angegebene Versandpreis evtl. noch etwas korrigiert werden.<\/strong><\/h6>\n<h6><span style=\"color: #ff6600;\">Abmessungen:<\/span><br \/>\n<span style=\"color: #ff6600;\">Top\u00a0 :\u00a0 \u00a0 \u00a0 \u00a0 \u00a0560 x 400 x 3,5mm<br \/>\nSides:\u00a0 \u00a0 2\/860 x 120 x 3,5mm<\/span><\/h6>\n<h6>Sie kaufen genau die abgebildeten St\u00fccke!<br \/>\nBitte beachten Sie: Die von uns verwendeten \u201eLesPaul\u201c- oder \u201eStratocaster\u201c-Schablonen sind gr\u00f6\u00dfer als die Originalgr\u00f6\u00dfe!<br \/>\nF\u00fcr weitere Informationen stehen wir Ihnen gerne per E-Mail oder Telefon zur Verf\u00fcgung!<br \/>\ninfo@holz-faszination.de<\/h6>\n<hr \/>\n<h4 style=\"text-align: left;\"><img decoding=\"async\" class=\"size-full wp-image-6709 alignnone\" src=\"https:\/\/holz-faszination.de\/faszination\/wp-content\/uploads\/2025\/08\/Flagge-Brit.png\" alt=\"\" width=\"50\" height=\"39\" \/><br \/>\n<span style=\"color: #ff6600;\">Description:<\/span><\/h4>\n<h6 class=\"fusion-responsive-typography-calculated\" style=\"text-align: left;\" data-fontsize=\"16\" data-lineheight=\"19.2px\"><strong>&#8230;a <span style=\"color: #993366;\">genuine Hawaiian curly KOA acoustic set<\/span> in beautiful 3-4 AAA grading, which is becoming increasingly rare.<br \/>\nAll parts are cleanly calibrated to 3.5 mm. We only have these 3 sets shown!<br \/>\nThese delicate parts are shipped securely <span style=\"color: #ff0000;\">packed in two packages.<\/span><br \/>\nTherefore, the shipping price indicated in the shopping cart may need to be adjusted slightly.<\/strong><\/h6>\n<h6 class=\"fusion-responsive-typography-calculated\" style=\"text-align: left;\" data-fontsize=\"16\" data-lineheight=\"19.2px\"><span style=\"color: #ff6600;\">Size:<br \/>\nTop\u00a0 :\u00a0 \u00a0 \u00a0 \u00a0 \u00a0560 x 400 x 3,5mm<\/span><br \/>\n<span style=\"color: #ff6600;\">Sides:\u00a0 \u00a0 2\/860 x 120 x 3,5mm<\/span><\/h6>\n<h6>You purchase exactly that shown pieces!<br \/>\nPlease note: The \u201cLesPaul\u201d or \u201cStratocaster\u201d Templates we use, are bigger as the original Size!<br \/>\nFor further Information please feel free to ask via Email or Phone!<br \/>\ninfo@holz-faszination.de<\/h6>\n","protected":false},"featured_media":7319,"template":"","meta":[],"product_brand":[],"product_cat":[40],"product_tag":[111,486,102,173,134,487],"class_list":{"0":"post-7302","1":"product","2":"type-product","3":"status-publish","4":"has-post-thumbnail","6":"product_cat-all-but-maple","7":"product_tag-curly","8":"product_tag-hawaiien-koa","9":"product_tag-high-grade","10":"product_tag-high-quality","11":"product_tag-highly-figured","12":"product_tag-koa","13":"product_shipping_class-versand-nach-gewicht","15":"first","16":"instock","17":"taxable","18":"shipping-taxable","19":"purchasable","20":"product-type-simple"},"_links":{"self":[{"href":"https:\/\/holz-faszination.de\/faszination\/de\/wp-json\/wp\/v2\/product\/7302","targetHints":{"allow":["GET"]}}],"collection":[{"href":"https:\/\/holz-faszination.de\/faszination\/de\/wp-json\/wp\/v2\/product"}],"about":[{"href":"https:\/\/holz-faszination.de\/faszination\/de\/wp-json\/wp\/v2\/types\/product"}],"wp:featuredmedia":[{"embeddable":true,"href":"https:\/\/holz-faszination.de\/faszination\/de\/wp-json\/wp\/v2\/media\/7319"}],"wp:attachment":[{"href":"https:\/\/holz-faszination.de\/faszination\/de\/wp-json\/wp\/v2\/media?parent=7302"}],"wp:term":[{"taxonomy":"product_brand","embeddable":true,"href":"https:\/\/holz-faszination.de\/faszination\/de\/wp-json\/wp\/v2\/product_brand?post=7302"},{"taxonomy":"product_cat","embeddable":true,"href":"https:\/\/holz-faszination.de\/faszination\/de\/wp-json\/wp\/v2\/product_cat?post=7302"},{"taxonomy":"product_tag","embeddable":true,"href":"https:\/\/holz-faszination.de\/faszination\/de\/wp-json\/wp\/v2\/product_tag?post=7302"}],"curies":[{"name":"wp","href":"https:\/\/api.w.org\/{rel}","templated":true}]}}