{"id":7237,"date":"2025-11-17T15:39:51","date_gmt":"2025-11-17T14:39:51","guid":{"rendered":"https:\/\/holz-faszination.de\/faszination\/?post_type=product&#038;p=7237"},"modified":"2026-05-02T05:47:57","modified_gmt":"2026-05-02T03:47:57","slug":"prem-spalted-maple-guitar-topset-9mm-v-8502","status":"publish","type":"product","link":"https:\/\/holz-faszination.de\/faszination\/de\/produkt\/prem-spalted-maple-guitar-topset-9mm-v-8502\/","title":{"rendered":"Prem. spalted Maple Guitar Topset, 9mm (V-8502)"},"content":{"rendered":"","protected":false},"excerpt":{"rendered":"<h4 style=\"text-align: left;\"><img decoding=\"async\" class=\"wp-image-6707 alignnone\" src=\"https:\/\/holz-faszination.de\/faszination\/wp-content\/uploads\/2025\/08\/Flagge-Deut.png\" alt=\"\" width=\"50\" height=\"42\" \/><br \/>\n<span style=\"color: #ff6600;\">Beschreibung:<\/span><\/h4>\n<h6><strong>&#8230;spalted Maple Guitar Topset.<\/strong><\/h6>\n<h6><span style=\"color: #ff6600;\">Abmessungen:<\/span><br \/>\n<span style=\"color: #ff6600;\">570 x 395 x 9mm<\/span><\/h6>\n<h6>Sie kaufen genau die abgebildeten St\u00fccke!<br \/>\nBitte beachten Sie: Die von uns verwendeten \u201eLesPaul\u201c- oder \u201eStratocaster\u201c-Schablonen sind gr\u00f6\u00dfer als die Originalgr\u00f6\u00dfe!<br \/>\nF\u00fcr weitere Informationen stehen wir Ihnen gerne per E-Mail oder Telefon zur Verf\u00fcgung!<br \/>\ninfo@holz-faszination.de<\/h6>\n<hr \/>\n<h4 style=\"text-align: left;\"><img decoding=\"async\" class=\"size-full wp-image-6709 alignnone\" src=\"https:\/\/holz-faszination.de\/faszination\/wp-content\/uploads\/2025\/08\/Flagge-Brit.png\" alt=\"\" width=\"50\" height=\"39\" \/><br \/>\n<span style=\"color: #ff6600;\">Description:<\/span><\/h4>\n<h6><strong>&#8230;spalted Maple Guitar Topset.<\/strong><\/h6>\n<h6><span style=\"color: #ff6600;\">Size:<br \/>\n570 x 395 x 9mm<\/span><\/h6>\n<h6>You purchase exactly that shown pieces!<br \/>\nPlease note: The \u201cLesPaul\u201d or \u201cStratocaster\u201d Templates we use, are bigger as the original Size!<br \/>\nFor further Information please feel free to ask via Email or Phone!<br \/>\ninfo@holz-faszination.de<\/h6>\n","protected":false},"featured_media":7240,"template":"","meta":[],"product_brand":[],"product_cat":[41],"product_tag":[102,173,134,142,113,139],"class_list":{"0":"post-7237","1":"product","2":"type-product","3":"status-publish","4":"has-post-thumbnail","6":"product_cat-spalted-maple-topsets","7":"product_tag-high-grade","8":"product_tag-high-quality","9":"product_tag-highly-figured","10":"product_tag-maple-burl","11":"product_tag-spalted","12":"product_tag-spalted-maple","14":"first","15":"instock","16":"taxable","17":"shipping-taxable","18":"purchasable","19":"product-type-simple"},"_links":{"self":[{"href":"https:\/\/holz-faszination.de\/faszination\/de\/wp-json\/wp\/v2\/product\/7237","targetHints":{"allow":["GET"]}}],"collection":[{"href":"https:\/\/holz-faszination.de\/faszination\/de\/wp-json\/wp\/v2\/product"}],"about":[{"href":"https:\/\/holz-faszination.de\/faszination\/de\/wp-json\/wp\/v2\/types\/product"}],"wp:featuredmedia":[{"embeddable":true,"href":"https:\/\/holz-faszination.de\/faszination\/de\/wp-json\/wp\/v2\/media\/7240"}],"wp:attachment":[{"href":"https:\/\/holz-faszination.de\/faszination\/de\/wp-json\/wp\/v2\/media?parent=7237"}],"wp:term":[{"taxonomy":"product_brand","embeddable":true,"href":"https:\/\/holz-faszination.de\/faszination\/de\/wp-json\/wp\/v2\/product_brand?post=7237"},{"taxonomy":"product_cat","embeddable":true,"href":"https:\/\/holz-faszination.de\/faszination\/de\/wp-json\/wp\/v2\/product_cat?post=7237"},{"taxonomy":"product_tag","embeddable":true,"href":"https:\/\/holz-faszination.de\/faszination\/de\/wp-json\/wp\/v2\/product_tag?post=7237"}],"curies":[{"name":"wp","href":"https:\/\/api.w.org\/{rel}","templated":true}]}}