{"id":7150,"date":"2025-11-17T15:39:37","date_gmt":"2025-11-17T14:39:37","guid":{"rendered":"https:\/\/holz-faszination.de\/faszination\/?post_type=product&#038;p=7150"},"modified":"2026-04-13T17:15:04","modified_gmt":"2026-04-13T15:15:04","slug":"prem-curly-maple-guitar-topset-7mm-v-8488","status":"publish","type":"product","link":"https:\/\/holz-faszination.de\/faszination\/de\/produkt\/prem-curly-maple-guitar-topset-7mm-v-8488\/","title":{"rendered":"Prem. curly Maple Guitar Topset, 7mm (V-8488)"},"content":{"rendered":"","protected":false},"excerpt":{"rendered":"<h4 style=\"text-align: left;\"><img decoding=\"async\" class=\"wp-image-6707 alignnone\" src=\"https:\/\/holz-faszination.de\/faszination\/wp-content\/uploads\/2025\/08\/Flagge-Deut.png\" alt=\"\" width=\"50\" height=\"42\" \/><br \/>\n<span style=\"color: #ff6600;\">Beschreibung:<\/span><\/h4>\n<h6 style=\"text-align: left;\"><strong><span style=\"color: #ff0000;\">&#8230;dieses Set ist ein Statement!!<\/span> Der Hammer! Eine unglaublich insensive Struktur in Verbindung mit dieser Farbigkeit! Klasse!!<\/p>\n<p>Die roten Bereiche resultieren aus einem anf\u00e4nglichen &#8222;spalting Pro\u00dfess. Dieser Pro\u00dfess wird im frischen Zustand eingeleitet und umgehend durch die Trocknung des Holzes beendet. In diesem Stadium ist die Struktur des Holzes genauso fest und solide wie die anderen Bereiche.<\/strong><br \/>\n<span style=\"color: #ff6600;\">Abmessungen:<\/span><br \/>\n<span style=\"color: #ff6600;\">560 x 450 x 7mm<\/span><\/h6>\n<h6>Sie kaufen genau die abgebildeten St\u00fccke!<br \/>\nBitte beachten Sie: Die von uns verwendeten \u201eLesPaul\u201c- oder \u201eStratocaster\u201c-Schablonen sind gr\u00f6\u00dfer als die Originalgr\u00f6\u00dfe!<br \/>\nF\u00fcr weitere Informationen stehen wir Ihnen gerne per E-Mail oder Telefon zur Verf\u00fcgung!<br \/>\ninfo@holz-faszination.de<\/h6>\n<hr \/>\n<h4 style=\"text-align: left;\"><img decoding=\"async\" class=\"size-full wp-image-6709 alignnone\" src=\"https:\/\/holz-faszination.de\/faszination\/wp-content\/uploads\/2025\/08\/Flagge-Brit.png\" alt=\"\" width=\"50\" height=\"39\" \/><br \/>\n<span style=\"color: #ff6600;\">Description:<\/span><\/h4>\n<h6 class=\"fusion-responsive-typography-calculated\" style=\"text-align: left;\" data-fontsize=\"16\" data-lineheight=\"19.2px\"><strong><span style=\"color: #ff0000;\">&#8230;this set makes a statement!!<\/span> It&#8217;s amazing! An incredibly intense texture combined with these colors! Great!!<\/p>\n<p>The red areas are the result of an initial spalting process. This process is initiated when the wood is fresh and is immediately stopped by drying the wood. At this stage, the structure of the wood is just as strong and solid as the other areas.<\/strong><span style=\"color: #ff6600;\"><br \/>\nSize:<br \/>\n560 x 450 x 7mm<\/span><\/h6>\n<h6>You purchase exactly that shown pieces!<br \/>\nPlease note: The \u201cLesPaul\u201d or \u201cStratocaster\u201d Templates we use, are bigger as the original Size!<br \/>\nFor further Information please feel free to ask via Email or Phone!<br \/>\ninfo@holz-faszination.de<\/h6>\n","protected":false},"featured_media":7155,"template":"","meta":[],"product_brand":[],"product_cat":[38,41],"product_tag":[159,140,138,141,127,102,173,134,142],"class_list":{"0":"post-7150","1":"product","2":"type-product","3":"status-publish","4":"has-post-thumbnail","6":"product_cat-flamed-curly-maple-topsets","7":"product_cat-spalted-maple-topsets","8":"product_tag-bicolor","9":"product_tag-burl","10":"product_tag-burly","11":"product_tag-burly-maple","12":"product_tag-colorful","13":"product_tag-high-grade","14":"product_tag-high-quality","15":"product_tag-highly-figured","16":"product_tag-maple-burl","18":"first","19":"instock","20":"sale","21":"taxable","22":"shipping-taxable","23":"purchasable","24":"product-type-simple"},"_links":{"self":[{"href":"https:\/\/holz-faszination.de\/faszination\/de\/wp-json\/wp\/v2\/product\/7150","targetHints":{"allow":["GET"]}}],"collection":[{"href":"https:\/\/holz-faszination.de\/faszination\/de\/wp-json\/wp\/v2\/product"}],"about":[{"href":"https:\/\/holz-faszination.de\/faszination\/de\/wp-json\/wp\/v2\/types\/product"}],"wp:featuredmedia":[{"embeddable":true,"href":"https:\/\/holz-faszination.de\/faszination\/de\/wp-json\/wp\/v2\/media\/7155"}],"wp:attachment":[{"href":"https:\/\/holz-faszination.de\/faszination\/de\/wp-json\/wp\/v2\/media?parent=7150"}],"wp:term":[{"taxonomy":"product_brand","embeddable":true,"href":"https:\/\/holz-faszination.de\/faszination\/de\/wp-json\/wp\/v2\/product_brand?post=7150"},{"taxonomy":"product_cat","embeddable":true,"href":"https:\/\/holz-faszination.de\/faszination\/de\/wp-json\/wp\/v2\/product_cat?post=7150"},{"taxonomy":"product_tag","embeddable":true,"href":"https:\/\/holz-faszination.de\/faszination\/de\/wp-json\/wp\/v2\/product_tag?post=7150"}],"curies":[{"name":"wp","href":"https:\/\/api.w.org\/{rel}","templated":true}]}}