{"id":7006,"date":"2025-11-17T15:38:41","date_gmt":"2025-11-17T14:38:41","guid":{"rendered":"https:\/\/holz-faszination.de\/faszination\/?post_type=product&#038;p=7006"},"modified":"2026-04-30T05:44:39","modified_gmt":"2026-04-30T03:44:39","slug":"prem-cottonwood-burl-guitar-topset-8mm-v-8425","status":"publish","type":"product","link":"https:\/\/holz-faszination.de\/faszination\/de\/produkt\/prem-cottonwood-burl-guitar-topset-8mm-v-8425\/","title":{"rendered":"Prem. Cottonwood Burl Guitar Topset, 8mm (V-8425)"},"content":{"rendered":"","protected":false},"excerpt":{"rendered":"<h4 style=\"text-align: left;\"><img decoding=\"async\" class=\"wp-image-6707 alignnone\" src=\"https:\/\/holz-faszination.de\/faszination\/wp-content\/uploads\/2025\/08\/Flagge-Deut.png\" alt=\"\" width=\"50\" height=\"42\" \/><br \/>\n<span style=\"color: #ff6600;\">Beschreibung:<\/span><\/h4>\n<h5 style=\"text-align: left;\"><strong>&#8230;ein tolles Pappel-Maser Gitarren Top. <\/strong><strong>(Bitte bedenken: unsere Schablonen sind etwas gr\u00f6\u00dfer als die Originals! Somit ist man auf der sicheren Seite)<br \/>\n<\/strong><span style=\"color: #ff6600;\">Abmessungen:<\/span><br \/>\n<span style=\"color: #ff6600;\">530 x 390\/410 x 8mm<\/span><\/h5>\n<h6>Sie kaufen genau die abgebildeten St\u00fccke!<br \/>\nBitte beachten Sie: Die von uns verwendeten \u201eLesPaul\u201c- oder \u201eStratocaster\u201c-Schablonen sind gr\u00f6\u00dfer als die Originalgr\u00f6\u00dfe!<br \/>\nF\u00fcr weitere Informationen stehen wir Ihnen gerne per E-Mail oder Telefon zur Verf\u00fcgung!<br \/>\ninfo@holz-faszination.de<\/h6>\n<hr \/>\n<h4 style=\"text-align: left;\"><img decoding=\"async\" class=\"size-full wp-image-6709 alignnone\" src=\"https:\/\/holz-faszination.de\/faszination\/wp-content\/uploads\/2025\/08\/Flagge-Brit.png\" alt=\"\" width=\"50\" height=\"39\" \/><br \/>\n<span style=\"color: #ff6600;\">Description:<\/span><\/h4>\n<h5><strong>&#8230;a beautiful cottonwood burl guitar top.\u00a0 <\/strong><strong>(Please note: our templates are slightly larger than the originals! This is to be on the safe side.)<br \/>\n<\/strong><span style=\"color: #ff6600;\">Size:<br \/>\n530 x 390\/410 x 8mm<\/span><\/h5>\n<h6>You purchase exactly that shown pieces!<br \/>\nPlease note: The \u201cLesPaul\u201d or \u201cStratocaster\u201d Templates we use, are bigger as the original Size!<br \/>\nFor further Information please feel free to ask via Email or Phone!<br \/>\ninfo@holz-faszination.de<\/h6>\n","protected":false},"featured_media":7009,"template":"","meta":[],"product_brand":[],"product_cat":[40],"product_tag":[140,138,484,102,173,134,142,96,97],"class_list":{"0":"post-7006","1":"product","2":"type-product","3":"status-publish","4":"has-post-thumbnail","6":"product_cat-all-but-maple","7":"product_tag-burl","8":"product_tag-burly","9":"product_tag-cottonwood","10":"product_tag-high-grade","11":"product_tag-high-quality","12":"product_tag-highly-figured","13":"product_tag-maple-burl","14":"product_tag-pappel","15":"product_tag-pappel-maser","17":"first","18":"instock","19":"taxable","20":"shipping-taxable","21":"purchasable","22":"product-type-simple"},"_links":{"self":[{"href":"https:\/\/holz-faszination.de\/faszination\/de\/wp-json\/wp\/v2\/product\/7006","targetHints":{"allow":["GET"]}}],"collection":[{"href":"https:\/\/holz-faszination.de\/faszination\/de\/wp-json\/wp\/v2\/product"}],"about":[{"href":"https:\/\/holz-faszination.de\/faszination\/de\/wp-json\/wp\/v2\/types\/product"}],"wp:featuredmedia":[{"embeddable":true,"href":"https:\/\/holz-faszination.de\/faszination\/de\/wp-json\/wp\/v2\/media\/7009"}],"wp:attachment":[{"href":"https:\/\/holz-faszination.de\/faszination\/de\/wp-json\/wp\/v2\/media?parent=7006"}],"wp:term":[{"taxonomy":"product_brand","embeddable":true,"href":"https:\/\/holz-faszination.de\/faszination\/de\/wp-json\/wp\/v2\/product_brand?post=7006"},{"taxonomy":"product_cat","embeddable":true,"href":"https:\/\/holz-faszination.de\/faszination\/de\/wp-json\/wp\/v2\/product_cat?post=7006"},{"taxonomy":"product_tag","embeddable":true,"href":"https:\/\/holz-faszination.de\/faszination\/de\/wp-json\/wp\/v2\/product_tag?post=7006"}],"curies":[{"name":"wp","href":"https:\/\/api.w.org\/{rel}","templated":true}]}}