{"id":6950,"date":"2025-11-17T15:44:44","date_gmt":"2025-11-17T14:44:44","guid":{"rendered":"https:\/\/holz-faszination.de\/faszination\/?post_type=product&#038;p=6950"},"modified":"2026-04-29T05:41:25","modified_gmt":"2026-04-29T03:41:25","slug":"prem-quilted-maple-guitar-top-55mm-v-8262","status":"publish","type":"product","link":"https:\/\/holz-faszination.de\/faszination\/de\/produkt\/prem-quilted-maple-guitar-top-55mm-v-8262\/","title":{"rendered":"Prem. quilted Maple Guitar Top, 5,5mm (V-8262)"},"content":{"rendered":"","protected":false},"excerpt":{"rendered":"<h4 style=\"text-align: left;\"><img decoding=\"async\" class=\"wp-image-6707 alignnone\" src=\"https:\/\/holz-faszination.de\/faszination\/wp-content\/uploads\/2025\/08\/Flagge-Deut.png\" alt=\"\" width=\"50\" height=\"42\" \/><br \/>\n<span style=\"color: #ff6600;\">Beschreibung:<\/span><\/h4>\n<h5 style=\"text-align: left;\"><strong>&#8230;krasser, intensiver &#8222;sausage&#8220; Quilt. Farbeinl\u00e4ufe, -sehr dekorativ!\u00a0\u00a0<\/strong><br \/>\n<span style=\"color: #ff6600;\">Abmessungen:<\/span><br \/>\n<span style=\"color: #ff6600;\">590 x 400 x 5,5mm<\/span><\/h5>\n<h6>Sie kaufen genau die abgebildeten St\u00fccke!<br \/>\nBitte beachten Sie: Die von uns verwendeten \u201eLesPaul\u201c- oder \u201eStratocaster\u201c-Schablonen sind gr\u00f6\u00dfer als die Originalgr\u00f6\u00dfe!<br \/>\nF\u00fcr weitere Informationen stehen wir Ihnen gerne per E-Mail oder Telefon zur Verf\u00fcgung!<br \/>\ninfo@holz-faszination.de<\/h6>\n<hr \/>\n<h4 style=\"text-align: left;\"><img decoding=\"async\" class=\"size-full wp-image-6709 alignnone\" src=\"https:\/\/holz-faszination.de\/faszination\/wp-content\/uploads\/2025\/08\/Flagge-Brit.png\" alt=\"\" width=\"50\" height=\"39\" \/><br \/>\n<span style=\"color: #ff6600;\">Description:<\/span><\/h4>\n<h5 class=\"fusion-responsive-typography-calculated\" style=\"text-align: left;\" data-fontsize=\"16\" data-lineheight=\"19.2px\"><strong>&#8230;bold, intense \u201csausage\u201d quilt. Color runs\u2014very decorative!\u00a0\u00a0<\/strong><span style=\"color: #ff6600;\"><br \/>\n590 x 400 x 5,5mm<\/span><\/h5>\n<h6>You purchase exactly that shown pieces!<br \/>\nPlease note: The \u201cLesPaul\u201d or \u201cStratocaster\u201d Templates we use, are bigger as the original Size!<br \/>\nFor further Information please feel free to ask via Email or Phone!<br \/>\ninfo@holz-faszination.de<\/h6>\n","protected":false},"featured_media":6955,"template":"","meta":[],"product_brand":[],"product_cat":[39],"product_tag":[102,173,134,131,149,264],"class_list":{"0":"post-6950","1":"product","2":"type-product","3":"status-publish","4":"has-post-thumbnail","6":"product_cat-quilted-maple-topsets","7":"product_tag-high-grade","8":"product_tag-high-quality","9":"product_tag-highly-figured","10":"product_tag-quilted","11":"product_tag-quilted-maple","12":"product_tag-sausage-quilt","14":"first","15":"instock","16":"taxable","17":"shipping-taxable","18":"purchasable","19":"product-type-simple"},"_links":{"self":[{"href":"https:\/\/holz-faszination.de\/faszination\/de\/wp-json\/wp\/v2\/product\/6950","targetHints":{"allow":["GET"]}}],"collection":[{"href":"https:\/\/holz-faszination.de\/faszination\/de\/wp-json\/wp\/v2\/product"}],"about":[{"href":"https:\/\/holz-faszination.de\/faszination\/de\/wp-json\/wp\/v2\/types\/product"}],"wp:featuredmedia":[{"embeddable":true,"href":"https:\/\/holz-faszination.de\/faszination\/de\/wp-json\/wp\/v2\/media\/6955"}],"wp:attachment":[{"href":"https:\/\/holz-faszination.de\/faszination\/de\/wp-json\/wp\/v2\/media?parent=6950"}],"wp:term":[{"taxonomy":"product_brand","embeddable":true,"href":"https:\/\/holz-faszination.de\/faszination\/de\/wp-json\/wp\/v2\/product_brand?post=6950"},{"taxonomy":"product_cat","embeddable":true,"href":"https:\/\/holz-faszination.de\/faszination\/de\/wp-json\/wp\/v2\/product_cat?post=6950"},{"taxonomy":"product_tag","embeddable":true,"href":"https:\/\/holz-faszination.de\/faszination\/de\/wp-json\/wp\/v2\/product_tag?post=6950"}],"curies":[{"name":"wp","href":"https:\/\/api.w.org\/{rel}","templated":true}]}}