{"id":6272,"date":"2025-03-25T19:52:49","date_gmt":"2025-03-25T18:52:49","guid":{"rendered":"https:\/\/holz-faszination.de\/faszination\/produkt\/cocobolo-griffbrett-vorgefertigt\/"},"modified":"2025-06-19T13:32:41","modified_gmt":"2025-06-19T11:32:41","slug":"cocobolo-griffbrett-vorgefertigt","status":"publish","type":"product","link":"https:\/\/holz-faszination.de\/faszination\/de\/produkt\/cocobolo-griffbrett-vorgefertigt\/","title":{"rendered":"Cocobolo Griffbrett, vorgefertigt"},"content":{"rendered":"","protected":false},"excerpt":{"rendered":"<h4><span style=\"color: #800000;\"><strong>Beschreibung \/ Description:<\/strong><\/span><br \/>\n<span style=\"color: #800000;\">&#8212;&#8212;&#8212;&#8212;&#8212;&#8212;&#8212;&#8212;&#8212;&#8212;&#8212;&#8212;&#8212;&#8212;<\/span><\/h4>\n<h4><span style=\"color: #008080;\"> <strong>&#8212; Prime Quality &#8212;<\/strong><\/span><\/h4>\n<h5><span style=\"color: #ff0000;\">(Das Foto zeigt ein Beispielbild)<\/span><\/h5>\n<h6>&#8230;die technischen Standarddaten finden Sie auf dem Foto links!<br \/>\nAber nat\u00fcrlich k\u00f6nnen Sie auch Ihre eigenen Spezifikationen w\u00e4hlen!<br \/>\nBitte senden Sie uns eine E-Mail mit Ihrem speziellen Wunsch.<br \/>\nF\u00fcr den gleichen Preis k\u00f6nnen Sie \u00e4ndern\u2026.<\/h6>\n<h6><strong><span style=\"color: #000000;\">-Die Mensur<\/span><\/strong><\/h6>\n<h6><strong><span style=\"color: #000000;\">-Anzahl der Bundschlitze<\/span><\/strong><\/h6>\n<h6><strong><span style=\"color: #000000;\">-Radius (Compound oder durchgehend\u2026)<\/span><\/strong><\/h6>\n<h6><strong><span style=\"color: #000000;\">-die Breite am ersten und letzten Bundschlitz<\/span><\/strong><\/h6>\n<hr \/>\n<h6><span style=\"color: #000000;\">F\u00fcr weitere Informationen wenden Sie sich bitte per E-Mail oder Telefon an uns!<\/span><strong><br \/>\n<\/strong><span style=\"color: #008080;\">www.holz-faszination.de<\/span><\/h6>\n","protected":false},"featured_media":5059,"template":"","meta":[],"product_brand":[],"product_cat":[292],"product_tag":[384,385,383,390],"class_list":{"0":"post-6272","1":"product","2":"type-product","3":"status-publish","4":"has-post-thumbnail","6":"product_cat-vorgefertigte-griffbretter","7":"product_tag-griffbrett-de-2","8":"product_tag-griffbrett-de-3","9":"product_tag-griffbrett-de","10":"product_tag-masstab","12":"first","13":"instock","14":"taxable","15":"shipping-taxable","16":"purchasable","17":"product-type-simple"},"_links":{"self":[{"href":"https:\/\/holz-faszination.de\/faszination\/de\/wp-json\/wp\/v2\/product\/6272","targetHints":{"allow":["GET"]}}],"collection":[{"href":"https:\/\/holz-faszination.de\/faszination\/de\/wp-json\/wp\/v2\/product"}],"about":[{"href":"https:\/\/holz-faszination.de\/faszination\/de\/wp-json\/wp\/v2\/types\/product"}],"wp:featuredmedia":[{"embeddable":true,"href":"https:\/\/holz-faszination.de\/faszination\/de\/wp-json\/wp\/v2\/media\/5059"}],"wp:attachment":[{"href":"https:\/\/holz-faszination.de\/faszination\/de\/wp-json\/wp\/v2\/media?parent=6272"}],"wp:term":[{"taxonomy":"product_brand","embeddable":true,"href":"https:\/\/holz-faszination.de\/faszination\/de\/wp-json\/wp\/v2\/product_brand?post=6272"},{"taxonomy":"product_cat","embeddable":true,"href":"https:\/\/holz-faszination.de\/faszination\/de\/wp-json\/wp\/v2\/product_cat?post=6272"},{"taxonomy":"product_tag","embeddable":true,"href":"https:\/\/holz-faszination.de\/faszination\/de\/wp-json\/wp\/v2\/product_tag?post=6272"}],"curies":[{"name":"wp","href":"https:\/\/api.w.org\/{rel}","templated":true}]}}