{"id":6271,"date":"2025-03-25T19:52:49","date_gmt":"2025-03-25T18:52:49","guid":{"rendered":"https:\/\/holz-faszination.de\/faszination\/produkt\/canad-hardmaple-griffbrett-vorgefertigt\/"},"modified":"2025-06-19T13:30:15","modified_gmt":"2025-06-19T11:30:15","slug":"canad-hardmaple-griffbrett-vorgefertigt","status":"publish","type":"product","link":"https:\/\/holz-faszination.de\/faszination\/de\/produkt\/canad-hardmaple-griffbrett-vorgefertigt\/","title":{"rendered":"Canad. Hardmaple Griffbrett, vorgefertigt"},"content":{"rendered":"","protected":false},"excerpt":{"rendered":"<h4><span style=\"color: #800000;\"><strong>Beschreibung \/ Description:<\/strong><\/span><br \/>\n<span style=\"color: #800000;\">&#8212;&#8212;&#8212;&#8212;&#8212;&#8212;&#8212;&#8212;&#8212;&#8212;&#8212;&#8212;&#8212;&#8212;<\/span><\/h4>\n<h4><span style=\"color: #008080;\"> <strong>&#8212; Prime Quality &#8212;<\/strong><\/span><\/h4>\n<h5><span style=\"color: #ff0000;\">(Das Foto zeigt ein Beispielbild)<\/span><\/h5>\n<h6>&#8230;die technischen Standarddaten finden Sie auf dem Foto links!<br \/>\nAber nat\u00fcrlich k\u00f6nnen Sie auch Ihre eigenen Spezifikationen w\u00e4hlen!<br \/>\nBitte senden Sie uns eine E-Mail mit Ihrem speziellen Wunsch.<br \/>\nF\u00fcr den gleichen Preis k\u00f6nnen Sie \u00e4ndern\u2026.<\/h6>\n<h6><strong>-die Mensur<\/strong><\/h6>\n<h6><strong><span style=\"color: #000000;\">-Anzahl der Bundschlitze<\/span><\/strong><\/h6>\n<h6><strong><span style=\"color: #000000;\">-Radius (Compound oder durchgehend\u2026)<\/span><\/strong><\/h6>\n<h6><strong><span style=\"color: #000000;\">-die Breite am ersten und letzten Bundschlitz<\/span><\/strong><\/h6>\n<h6><strong><span style=\"color: #ff6600;\">Ebenso k\u00f6nnen Sie bestellen&#8230;.<\/span><\/strong><br \/>\n<span style=\"color: #ff6600;\">Bass (4-Saiter)&#8212;&#8212;&#8212;&#8212;von 60 hoch zu max. 74mm&#8212;&#8212;&#8212;&#8212;-62,80 \u20ac <\/span><br \/>\n<span style=\"color: #ff6600;\">Bass (5-6-Saiter)&#8212;&#8212;&#8212;von 74 hoch zu max. 95mm&#8212;&#8212;&#8212;&#8212;-66,80 \u20ac <\/span><\/h6>\n<h6><span style=\"color: #ff6600;\">Bitte fragen Sie nach der Verf\u00fcgbarkeit und mailen Sie uns Ihre Spezifikationen. Manchmal k\u00f6nnen wir auch Bilder von verf\u00fcgbaren Rohlingen schicken! <\/span><\/h6>\n<hr \/>\n<h6><span style=\"color: #000000;\">F\u00fcr weitere Informationen wenden Sie sich bitte per E-Mail oder Telefon an uns!<\/span><br \/>\n<span style=\"color: #008080;\">www.holz-faszination.de <\/span><\/h6>\n","protected":false},"featured_media":5058,"template":"","meta":[],"product_brand":[],"product_cat":[292],"product_tag":[383,384,385,390,460],"class_list":{"0":"post-6271","1":"product","2":"type-product","3":"status-publish","4":"has-post-thumbnail","6":"product_cat-vorgefertigte-griffbretter","7":"product_tag-griffbrett-de","8":"product_tag-griffbrett-de-2","9":"product_tag-griffbrett-de-3","10":"product_tag-masstab","11":"product_tag-snakewood-de","13":"first","14":"instock","15":"taxable","16":"shipping-taxable","17":"purchasable","18":"product-type-simple"},"_links":{"self":[{"href":"https:\/\/holz-faszination.de\/faszination\/de\/wp-json\/wp\/v2\/product\/6271","targetHints":{"allow":["GET"]}}],"collection":[{"href":"https:\/\/holz-faszination.de\/faszination\/de\/wp-json\/wp\/v2\/product"}],"about":[{"href":"https:\/\/holz-faszination.de\/faszination\/de\/wp-json\/wp\/v2\/types\/product"}],"wp:featuredmedia":[{"embeddable":true,"href":"https:\/\/holz-faszination.de\/faszination\/de\/wp-json\/wp\/v2\/media\/5058"}],"wp:attachment":[{"href":"https:\/\/holz-faszination.de\/faszination\/de\/wp-json\/wp\/v2\/media?parent=6271"}],"wp:term":[{"taxonomy":"product_brand","embeddable":true,"href":"https:\/\/holz-faszination.de\/faszination\/de\/wp-json\/wp\/v2\/product_brand?post=6271"},{"taxonomy":"product_cat","embeddable":true,"href":"https:\/\/holz-faszination.de\/faszination\/de\/wp-json\/wp\/v2\/product_cat?post=6271"},{"taxonomy":"product_tag","embeddable":true,"href":"https:\/\/holz-faszination.de\/faszination\/de\/wp-json\/wp\/v2\/product_tag?post=6271"}],"curies":[{"name":"wp","href":"https:\/\/api.w.org\/{rel}","templated":true}]}}