{"id":6270,"date":"2025-03-25T19:52:49","date_gmt":"2025-03-25T18:52:49","guid":{"rendered":"https:\/\/holz-faszination.de\/faszination\/produkt\/ebenholz-griffbrett-vorgefertigt\/"},"modified":"2025-06-19T13:34:37","modified_gmt":"2025-06-19T11:34:37","slug":"ebenholz-griffbrett-vorgefertigt","status":"publish","type":"product","link":"https:\/\/holz-faszination.de\/faszination\/de\/produkt\/ebenholz-griffbrett-vorgefertigt\/","title":{"rendered":"Ebenholz Griffbrett, vorgefertigt"},"content":{"rendered":"","protected":false},"excerpt":{"rendered":"<h4><span style=\"color: #800000;\"><strong>Beschreibung \/ Description:<\/strong><\/span><br \/>\n<span style=\"color: #800000;\">&#8212;&#8212;&#8212;&#8212;&#8212;&#8212;&#8212;&#8212;&#8212;&#8212;&#8212;&#8212;&#8212;&#8212;<\/span><\/h4>\n<h4><span style=\"color: #008080;\"><strong>&#8212; Prime Quality &#8212;<\/strong><\/span><\/h4>\n<h5><span style=\"color: #ff0000;\">(Das Foto zeigt ein Beispielbild)<\/span><\/h5>\n<h6><strong>&#8230;die technischen Standarddaten finden Sie auf dem Foto links!<\/strong><br \/>\n<strong>Aber nat\u00fcrlich k\u00f6nnen Sie auch Ihre eigenen Spezifikationen w\u00e4hlen!<\/strong><br \/>\n<strong>Bitte senden Sie uns eine E-Mail mit Ihrem speziellen Wunsch.<\/strong><br \/>\n<strong>F\u00fcr den gleichen Preis k\u00f6nnen Sie \u00e4ndern\u2026.<\/strong><\/h6>\n<h6><strong><span style=\"color: #000000;\">-Die Mensur<\/span><\/strong><\/h6>\n<h6><strong><span style=\"color: #000000;\">-Anzahl der Bundschlitze<\/span><\/strong><\/h6>\n<h6><strong><span style=\"color: #000000;\">-Radius (Compound oder durchgehend\u2026)<\/span><\/strong><\/h6>\n<h6><strong><span style=\"color: #000000;\">-die Breite am ersten und letzten Bundschlitz<\/span><\/strong><\/h6>\n<h6><strong><span style=\"color: #ff6600;\">Ebenso k\u00f6nnen Sie bestellen&#8230;.<\/span><\/strong><br \/>\n<span style=\"color: #ff6600;\">Bass (4-Saiter)&#8212;&#8212;&#8212;&#8212;von 60 hoch zu max. 68mm&#8212;&#8212;&#8212;&#8211;109,90\u20ac <\/span><br \/>\n<span style=\"color: #ff6600;\">Bass (5-6-Saiter)&#8212;&#8212;&#8212;von 68 hoch zu max. 95mm&#8212;&#8212;&#8212;&#8212;114,90\u20ac <\/span><\/h6>\n<h6><span style=\"color: #ff6600;\">Bitte fragen Sie nach der Verf\u00fcgbarkeit und mailen Sie uns Ihre Spezifikationen. Manchmal k\u00f6nnen wir auch Bilder von verf\u00fcgbaren Rohlingen schicken! <\/span><\/h6>\n<hr \/>\n<h6><span style=\"color: #000000;\">F\u00fcr weitere Informationen wenden Sie sich bitte per E-Mail oder Telefon an uns!<\/span><br \/>\n<span style=\"color: #008080;\">www.holz-faszination.de <\/span><\/h6>\n","protected":false},"featured_media":5057,"template":"","meta":[],"product_brand":[],"product_cat":[292],"product_tag":[384,385,383,390],"class_list":{"0":"post-6270","1":"product","2":"type-product","3":"status-publish","4":"has-post-thumbnail","6":"product_cat-vorgefertigte-griffbretter","7":"product_tag-griffbrett-de-2","8":"product_tag-griffbrett-de-3","9":"product_tag-griffbrett-de","10":"product_tag-masstab","12":"first","13":"instock","14":"taxable","15":"shipping-taxable","16":"purchasable","17":"product-type-simple"},"_links":{"self":[{"href":"https:\/\/holz-faszination.de\/faszination\/de\/wp-json\/wp\/v2\/product\/6270","targetHints":{"allow":["GET"]}}],"collection":[{"href":"https:\/\/holz-faszination.de\/faszination\/de\/wp-json\/wp\/v2\/product"}],"about":[{"href":"https:\/\/holz-faszination.de\/faszination\/de\/wp-json\/wp\/v2\/types\/product"}],"wp:featuredmedia":[{"embeddable":true,"href":"https:\/\/holz-faszination.de\/faszination\/de\/wp-json\/wp\/v2\/media\/5057"}],"wp:attachment":[{"href":"https:\/\/holz-faszination.de\/faszination\/de\/wp-json\/wp\/v2\/media?parent=6270"}],"wp:term":[{"taxonomy":"product_brand","embeddable":true,"href":"https:\/\/holz-faszination.de\/faszination\/de\/wp-json\/wp\/v2\/product_brand?post=6270"},{"taxonomy":"product_cat","embeddable":true,"href":"https:\/\/holz-faszination.de\/faszination\/de\/wp-json\/wp\/v2\/product_cat?post=6270"},{"taxonomy":"product_tag","embeddable":true,"href":"https:\/\/holz-faszination.de\/faszination\/de\/wp-json\/wp\/v2\/product_tag?post=6270"}],"curies":[{"name":"wp","href":"https:\/\/api.w.org\/{rel}","templated":true}]}}