{"id":6179,"date":"2025-03-25T19:37:53","date_gmt":"2025-03-25T18:37:53","guid":{"rendered":"https:\/\/holz-faszination.de\/faszination\/produkt\/europ-flamed-gelockt-maple-gitarrenplatte-22mm-fl-9\/"},"modified":"2026-05-02T05:48:04","modified_gmt":"2026-05-02T03:48:04","slug":"europ-flamed-gelockt-maple-gitarrenplatte-22mm-fl-9","status":"publish","type":"product","link":"https:\/\/holz-faszination.de\/faszination\/de\/produkt\/europ-flamed-gelockt-maple-gitarrenplatte-22mm-fl-9\/","title":{"rendered":"Europ. flamed\/curly Maple Gitarren Top, 22mm (FL-9)"},"content":{"rendered":"","protected":false},"excerpt":{"rendered":"<h4><span style=\"color: #800000;\"><strong>Beschreibung \/ Description:<\/strong><\/span><br \/>\n<span style=\"color: #800000;\">&#8212;&#8212;&#8212;&#8212;-<\/span><\/h4>\n<h4><span style=\"color: #008080;\"><strong>&#8211; High Quality &#8211;<\/strong><\/span><\/h4>\n<h6><strong>&#8230;massives europ. curly\u00a0 Maple Gitarren Top !!<br \/>\nDie St\u00e4mme, aus denen diese Tops gemacht wurden, sind seit \u00fcber 15 Jahren in unserem Besitz.<br \/>\nJetzt haben wir Tops aus diesen Bohlen gemacht!<br \/>\nSie sind nicht so glamour\u00f6s wie andere &#8222;hollywoodreife Decken, aber sie sind ehrlich und solide mit einer Menge eigenem Charme.<br \/>\nWir sehen die typische Farbvielfalt des deutschen Feldes-Ahorns und teilweise intensive Flammen, die sich nicht hinter anderen au\u00dfereurop\u00e4ischen Arten verstecken m\u00fcssen!!!!<\/strong><\/h6>\n<h5><span style=\"color: #ff6600;\"><strong>Gr\u00f6\u00dfe:<br \/>\n555 x 420 x 22mm<\/strong><\/span><\/h5>\n<h6>Sie kaufen genau das abgebildete Set!<br \/>\nBitte beachten Sie: Die \u201eLesPaul\u201c oder \u201eStratocaster\u201c Vorlagen, die wir verwenden, sind gr\u00f6\u00dfer als die Originalgr\u00f6\u00dfe!<\/h6>\n<hr \/>\n<h6>F\u00fcr weitere Informationen wenden Sie sich bitte per E-Mail oder Telefon an uns!<br \/>\n<span style=\"color: #008080;\">www.holz-faszination.de<\/span><\/h6>\n","protected":false},"featured_media":4300,"template":"","meta":[],"product_brand":[],"product_cat":[293],"product_tag":[283,357,356,327,326,449,328],"class_list":{"0":"post-6179","1":"product","2":"type-product","3":"status-publish","4":"has-post-thumbnail","6":"product_cat-riegelahorn-maple-topsets","7":"product_tag-ahorn-de","8":"product_tag-europ-de","9":"product_tag-flamed-maple-de","10":"product_tag-geriegelt-de","11":"product_tag-gewellter-ahorn","12":"product_tag-riegel-de","13":"product_tag-riegelahorn-de","15":"first","16":"instock","17":"taxable","18":"shipping-taxable","19":"purchasable","20":"product-type-simple"},"_links":{"self":[{"href":"https:\/\/holz-faszination.de\/faszination\/de\/wp-json\/wp\/v2\/product\/6179","targetHints":{"allow":["GET"]}}],"collection":[{"href":"https:\/\/holz-faszination.de\/faszination\/de\/wp-json\/wp\/v2\/product"}],"about":[{"href":"https:\/\/holz-faszination.de\/faszination\/de\/wp-json\/wp\/v2\/types\/product"}],"wp:featuredmedia":[{"embeddable":true,"href":"https:\/\/holz-faszination.de\/faszination\/de\/wp-json\/wp\/v2\/media\/4300"}],"wp:attachment":[{"href":"https:\/\/holz-faszination.de\/faszination\/de\/wp-json\/wp\/v2\/media?parent=6179"}],"wp:term":[{"taxonomy":"product_brand","embeddable":true,"href":"https:\/\/holz-faszination.de\/faszination\/de\/wp-json\/wp\/v2\/product_brand?post=6179"},{"taxonomy":"product_cat","embeddable":true,"href":"https:\/\/holz-faszination.de\/faszination\/de\/wp-json\/wp\/v2\/product_cat?post=6179"},{"taxonomy":"product_tag","embeddable":true,"href":"https:\/\/holz-faszination.de\/faszination\/de\/wp-json\/wp\/v2\/product_tag?post=6179"}],"curies":[{"name":"wp","href":"https:\/\/api.w.org\/{rel}","templated":true}]}}