{"id":6107,"date":"2025-03-25T19:50:35","date_gmt":"2025-03-25T18:50:35","guid":{"rendered":"https:\/\/holz-faszination.de\/faszination\/produkt\/prem-flamed-spalted-maple-oberteil-65mm-v-8301\/"},"modified":"2026-05-02T05:48:04","modified_gmt":"2026-05-02T03:48:04","slug":"prem-flamed-spalted-maple-oberteil-65mm-v-8301","status":"publish","type":"product","link":"https:\/\/holz-faszination.de\/faszination\/de\/produkt\/prem-flamed-spalted-maple-oberteil-65mm-v-8301\/","title":{"rendered":"Prem. flamed spalted Maple Topset, 6,5mm (V-8301)"},"content":{"rendered":"","protected":false},"excerpt":{"rendered":"<h4><span style=\"color: #993300;\"><strong>Beschreibung \/ Description:<\/strong><br \/>\n&#8212;&#8212;&#8212;&#8212;&#8212;&#8212;&#8212;&#8212;&#8212;&#8212;&#8212;&#8212;&#8212;<\/span><\/h4>\n<h4><span style=\"color: #008080;\">&#8212; High Quality &#8212;<\/span><\/h4>\n<h6>&#8230;sch\u00f6nes\u00a0 spalted flamed Maple Topset mit &#8222;liegenden Jahren&#8220;.<span style=\"color: #0000ff;\"><strong><br \/>\n<\/strong><\/span><\/h6>\n<h4><span style=\"color: #ff6600;\"><strong>Gr\u00f6\u00dfe:<br \/>\n570 x 400 x 6,5mm<\/strong><\/span><\/h4>\n<h6>Sie kaufen genau das abgebildete St\u00fcck!<br \/>\nBitte beachten Sie: Die \u201eLesPaul\u201c oder \u201eStratocaster\u201c Vorlagen, die wir verwenden, sind gr\u00f6\u00dfer als die Originalgr\u00f6\u00dfe!<\/h6>\n<hr \/>\n<h6><span style=\"color: #000000;\">F\u00fcr weitere Informationen wenden Sie sich bitte per E-Mail oder Telefon an uns!<\/span><br \/>\n<span style=\"color: #008000;\"><span style=\"color: #008080;\">www.holz-faszination.de<\/span><\/span><b><span style=\"color: #008000;\"><br \/>\n<\/span><\/b><\/h6>\n","protected":false},"featured_media":4983,"template":"","meta":[],"product_brand":[],"product_cat":[300],"product_tag":[323,283,286,321,335,327,344,358,328,338,287],"class_list":{"0":"post-6107","1":"product","2":"type-product","3":"status-publish","4":"has-post-thumbnail","6":"product_cat-spalted-gestockte-maple-topsets","7":"product_tag-ahorn-de-2","8":"product_tag-ahorn-de","9":"product_tag-ahorn-gesteppt","10":"product_tag-beziffert","11":"product_tag-flamed-de-2","12":"product_tag-geriegelt-de","13":"product_tag-gespalten-maple","14":"product_tag-hohe-qualitat","15":"product_tag-riegelahorn-de","16":"product_tag-spalted-de","17":"product_tag-wolkenahorn-de","18":"product_shipping_class-versand-nach-gewicht-de","20":"first","21":"instock","22":"sold-individually","23":"taxable","24":"shipping-taxable","25":"purchasable","26":"product-type-simple"},"_links":{"self":[{"href":"https:\/\/holz-faszination.de\/faszination\/de\/wp-json\/wp\/v2\/product\/6107","targetHints":{"allow":["GET"]}}],"collection":[{"href":"https:\/\/holz-faszination.de\/faszination\/de\/wp-json\/wp\/v2\/product"}],"about":[{"href":"https:\/\/holz-faszination.de\/faszination\/de\/wp-json\/wp\/v2\/types\/product"}],"wp:featuredmedia":[{"embeddable":true,"href":"https:\/\/holz-faszination.de\/faszination\/de\/wp-json\/wp\/v2\/media\/4983"}],"wp:attachment":[{"href":"https:\/\/holz-faszination.de\/faszination\/de\/wp-json\/wp\/v2\/media?parent=6107"}],"wp:term":[{"taxonomy":"product_brand","embeddable":true,"href":"https:\/\/holz-faszination.de\/faszination\/de\/wp-json\/wp\/v2\/product_brand?post=6107"},{"taxonomy":"product_cat","embeddable":true,"href":"https:\/\/holz-faszination.de\/faszination\/de\/wp-json\/wp\/v2\/product_cat?post=6107"},{"taxonomy":"product_tag","embeddable":true,"href":"https:\/\/holz-faszination.de\/faszination\/de\/wp-json\/wp\/v2\/product_tag?post=6107"}],"curies":[{"name":"wp","href":"https:\/\/api.w.org\/{rel}","templated":true}]}}