{"id":6020,"date":"2025-04-01T15:54:35","date_gmt":"2025-04-01T13:54:35","guid":{"rendered":"https:\/\/holz-faszination.de\/faszination\/produkt\/prem-amerik-schwarzes-walnuss-halsholz-48mm-nb-465\/"},"modified":"2026-05-01T05:45:47","modified_gmt":"2026-05-01T03:45:47","slug":"prem-amerik-schwarzes-walnuss-halsholz-48mm-nb-465","status":"publish","type":"product","link":"https:\/\/holz-faszination.de\/faszination\/de\/produkt\/prem-amerik-schwarzes-walnuss-halsholz-48mm-nb-465\/","title":{"rendered":"Prem. amerik. SCHWARZES WALNUSS-Halsholz, 48mm (NB-465)"},"content":{"rendered":"","protected":false},"excerpt":{"rendered":"<h4><span style=\"color: #993300;\"><strong>Beschreibung \/ Description:<\/strong><br \/>\n&#8212;&#8212;&#8212;&#8212;&#8212;&#8212;&#8212;&#8212;&#8212;&#8212;&#8212;&#8212;&#8212;<\/span><\/h4>\n<h4><span style=\"color: #ff6600;\"><strong>&#8212; Prime Quality &#8212;<\/strong><\/span><\/h4>\n<h5><span style=\"color: #ff6600;\"><strong><br \/>\n<\/strong><\/span><span style=\"color: #ff6600;\"><strong>Gr\u00f6\u00dfe:<br \/>\n700 x 80 x 48mm<\/strong><\/span><\/h5>\n<h6><span style=\"color: #993300;\"><strong>&#8230;amerik. Schwarznuss \/ Black Walnut<\/strong><\/span><br \/>\n<span style=\"color: #993300;\">&#8230;wir haben ein neues\u00a0 Paket mit einem Volumen von etwa 1,4m\u00b3 vor einigen Wochen von einem befreundeten Holzh\u00e4ndler erhalten. Es handelt sich um eine besondere Qualit\u00e4t, die als \u201eSuperprime\u201c bezeichnet wurde. Fast makellose Ware. Wir haben schon lange danach gesucht!<\/span><\/h6>\n<h6>Sie kaufen genau das abgebildete St\u00fcck!<br \/>\nBitte beachten Sie: Alle unsere Vorlagen, die wir verwenden, sind gr\u00f6\u00dfer als die Originalgr\u00f6\u00dfe!<\/h6>\n<hr \/>\n<h6>F\u00fcr weitere Informationen wenden Sie sich bitte per E-Mail oder Telefon an uns!<br \/>\n<span style=\"color: #008000;\"><span style=\"color: #008080;\">www.holz-faszination.de<\/span><\/span><b><span style=\"color: #008000;\"><br \/>\n<\/span><\/b><\/h6>\n","protected":false},"featured_media":5364,"template":"","meta":[],"product_brand":[],"product_cat":[297],"product_tag":[364,366,358,365,359,361,360,363],"class_list":{"0":"post-6020","1":"product","2":"type-product","3":"status-publish","4":"has-post-thumbnail","6":"product_cat-halshoelzer-halskanteln","7":"product_tag-hals-de","8":"product_tag-hohe-qualitat-de","9":"product_tag-hohe-qualitat","10":"product_tag-neckblank-de","11":"product_tag-nussholz-de","12":"product_tag-schwarzer-walnussbaum","13":"product_tag-walnuss-de","14":"product_tag-walnuss-de-3","15":"product_shipping_class-versand-nach-gewicht-de","17":"first","18":"instock","19":"sold-individually","20":"taxable","21":"shipping-taxable","22":"purchasable","23":"product-type-simple"},"_links":{"self":[{"href":"https:\/\/holz-faszination.de\/faszination\/de\/wp-json\/wp\/v2\/product\/6020","targetHints":{"allow":["GET"]}}],"collection":[{"href":"https:\/\/holz-faszination.de\/faszination\/de\/wp-json\/wp\/v2\/product"}],"about":[{"href":"https:\/\/holz-faszination.de\/faszination\/de\/wp-json\/wp\/v2\/types\/product"}],"wp:featuredmedia":[{"embeddable":true,"href":"https:\/\/holz-faszination.de\/faszination\/de\/wp-json\/wp\/v2\/media\/5364"}],"wp:attachment":[{"href":"https:\/\/holz-faszination.de\/faszination\/de\/wp-json\/wp\/v2\/media?parent=6020"}],"wp:term":[{"taxonomy":"product_brand","embeddable":true,"href":"https:\/\/holz-faszination.de\/faszination\/de\/wp-json\/wp\/v2\/product_brand?post=6020"},{"taxonomy":"product_cat","embeddable":true,"href":"https:\/\/holz-faszination.de\/faszination\/de\/wp-json\/wp\/v2\/product_cat?post=6020"},{"taxonomy":"product_tag","embeddable":true,"href":"https:\/\/holz-faszination.de\/faszination\/de\/wp-json\/wp\/v2\/product_tag?post=6020"}],"curies":[{"name":"wp","href":"https:\/\/api.w.org\/{rel}","templated":true}]}}