{"id":6010,"date":"2025-04-03T23:06:04","date_gmt":"2025-04-03T21:06:04","guid":{"rendered":"https:\/\/holz-faszination.de\/faszination\/produkt\/europ-flamed-maple-aufsatz-20mm-fl-44\/"},"modified":"2026-04-28T05:36:58","modified_gmt":"2026-04-28T03:36:58","slug":"europ-flamed-maple-aufsatz-20mm-fl-44","status":"publish","type":"product","link":"https:\/\/holz-faszination.de\/faszination\/de\/produkt\/europ-flamed-maple-aufsatz-20mm-fl-44\/","title":{"rendered":"Europ. flamed Maple Top, 20mm (FL-44)"},"content":{"rendered":"","protected":false},"excerpt":{"rendered":"<h4><span style=\"color: #808000;\"><strong>Beschreibung \/ Description:<\/strong><br \/>\n&#8212;&#8212;&#8212;&#8212;&#8212;&#8212;&#8212;&#8212;&#8212;&#8212;&#8212;&#8212;&#8212;&#8212;<\/span><\/h4>\n<h4><span style=\"color: #808000;\"><strong>&#8212; Good Quality &#8212;<br \/>\n(NICHT mit Wasser benetzt!)<\/strong><\/span><\/h4>\n<h5><span style=\"color: #808000;\"><strong>Gr\u00f6\u00dfe:<br \/>\n550 x 375 x 20mm<\/strong><\/span><\/h5>\n<h6><strong><span style=\"color: #008080;\">&#8230;solides\u00a0<\/span><\/strong><span style=\"color: #008080;\"><strong>europ. Riegelahorn Top!<br \/>\nDie St\u00e4mme, aus denen diese Tops hergestellt wurden, befinden sich seit \u00fcber 15 Jahren in unserem Besitz.<br \/>\nJetzt haben wir Gitarren-Tops aus diesen Bohlen geschnitten!<br \/>\nSie sind nicht so glamour\u00f6s wie andere \u201eHollywood-Meisterwerke\u201c, aber sie sind ehrlich und solide und haben einen ganz eigenen Charme.<br \/>\nWir sehen die typische Farbvielfalt des deutschen Feldahorns und durchaus auch eine teilweise intensive Flammung, die sich nicht hinter anderen au\u00dfereurop\u00e4ischen Arten verstecken muss!<\/strong><\/span><\/h6>\n<h6><strong>Beide Seiten sind gehobelt &amp; geschliffen! <\/strong><br \/>\nGerne bieten wir Ihnen die weitere Bearbeitung wie Hobeln &amp; Verleimen dieses Tops an.<br \/>\nRufen Sie uns zu diesem Thema an oder schreiben Sie uns (info@holz-faszination.de)<br \/>\nSie k\u00f6nnen diese Leistungen auch in unserer Galerie \u201eLohnarbeiten \/ weitere Services\u201c bestellen.<\/h6>\n<h6>Sie kaufen genau das abgebildete St\u00fcck!<br \/>\nBitte beachten Sie: Die \u201eLesPaul\u201c oder \u201eStratocaster\u201c Vorlagen, die wir verwenden, sind gr\u00f6\u00dfer als die Originalgr\u00f6\u00dfe!<\/h6>\n<hr \/>\n<h6><span style=\"color: #000000;\">F\u00fcr weitere Informationen wenden Sie sich bitte per E-Mail oder Telefon an uns!<\/span><br \/>\n<span style=\"color: #808000;\">www.holz-faszination.de<\/span><b><span style=\"color: #008000;\"><br \/>\n<\/span><\/b><\/h6>\n","protected":false},"featured_media":5458,"template":"","meta":[],"product_brand":[],"product_cat":[293],"product_tag":[283,357,335,356,331,327,339,328],"class_list":{"0":"post-6010","1":"product","2":"type-product","3":"status-publish","4":"has-post-thumbnail","6":"product_cat-riegelahorn-maple-topsets","7":"product_tag-ahorn-de","8":"product_tag-europ-de","9":"product_tag-flamed-de-2","10":"product_tag-flamed-maple-de","11":"product_tag-geflammt-de","12":"product_tag-geriegelt-de","13":"product_tag-geschnitzt","14":"product_tag-riegelahorn-de","15":"product_shipping_class-versand-nach-gewicht-de","17":"first","18":"instock","19":"sold-individually","20":"taxable","21":"shipping-taxable","22":"purchasable","23":"product-type-simple"},"_links":{"self":[{"href":"https:\/\/holz-faszination.de\/faszination\/de\/wp-json\/wp\/v2\/product\/6010","targetHints":{"allow":["GET"]}}],"collection":[{"href":"https:\/\/holz-faszination.de\/faszination\/de\/wp-json\/wp\/v2\/product"}],"about":[{"href":"https:\/\/holz-faszination.de\/faszination\/de\/wp-json\/wp\/v2\/types\/product"}],"wp:featuredmedia":[{"embeddable":true,"href":"https:\/\/holz-faszination.de\/faszination\/de\/wp-json\/wp\/v2\/media\/5458"}],"wp:attachment":[{"href":"https:\/\/holz-faszination.de\/faszination\/de\/wp-json\/wp\/v2\/media?parent=6010"}],"wp:term":[{"taxonomy":"product_brand","embeddable":true,"href":"https:\/\/holz-faszination.de\/faszination\/de\/wp-json\/wp\/v2\/product_brand?post=6010"},{"taxonomy":"product_cat","embeddable":true,"href":"https:\/\/holz-faszination.de\/faszination\/de\/wp-json\/wp\/v2\/product_cat?post=6010"},{"taxonomy":"product_tag","embeddable":true,"href":"https:\/\/holz-faszination.de\/faszination\/de\/wp-json\/wp\/v2\/product_tag?post=6010"}],"curies":[{"name":"wp","href":"https:\/\/api.w.org\/{rel}","templated":true}]}}