{"id":5996,"date":"2025-04-03T22:49:16","date_gmt":"2025-04-03T20:49:16","guid":{"rendered":"https:\/\/holz-faszination.de\/faszination\/produkt\/abb-pazifik-maple-top-215mm-qm-870\/"},"modified":"2026-04-29T05:41:30","modified_gmt":"2026-04-29T03:41:30","slug":"abb-pazifik-maple-top-215mm-qm-870","status":"publish","type":"product","link":"https:\/\/holz-faszination.de\/faszination\/de\/produkt\/abb-pazifik-maple-top-215mm-qm-870\/","title":{"rendered":"fig. Pazifik Maple Top, 21,5mm (QM-870)"},"content":{"rendered":"","protected":false},"excerpt":{"rendered":"<h4><span style=\"color: #800000;\"><strong>Beschreibung \/ Description:<\/strong><br \/>\n&#8212;&#8212;&#8212;&#8212;&#8212;&#8212;&#8212;&#8212;&#8212;&#8212;&#8212;&#8212;&#8212;&#8212;<\/span><\/h4>\n<h4><span style=\"color: #800000;\"><strong>&#8212; Good Quality &#8212;<\/strong><\/span><\/h4>\n<h5><span style=\"color: #800000;\"><strong>Gr\u00f6\u00dfe:<br \/>\n525 x 395 x 21,5mm<\/strong><\/span><\/h5>\n<h6><span style=\"color: #ff6600;\"><strong>&#8230;das hier gezeigte Top ist vom Big Leaf Maple Baum.<\/strong><\/span><br \/>\n<span style=\"color: #ff6600;\">Wir haben dieses Material vor etwa 15 Jahren als \u201ePacific quilted Maple\u201c gekauft und haben immer noch einige dieser wunderbaren Bohlen auf Lager!<\/span><br \/>\n<span style=\"color: #ff6600;\">Die Struktur ist eher eine Mischung aus Flammen- und quilted Maserung. Ein St\u00fcck hat mehr flammenstruktur, das n\u00e4chste St\u00fcck mehr quilting . Die Farbe dieser Sets ist einfach umwerfend! Sie sind sicherlich keine \u201eLaufstegsch\u00f6nheiten\u201c, aber sie haben viel Charakter!!!<\/span><\/h6>\n<h6><strong>Beide Seiten sind gehobelt &amp; geschliffen! <\/strong><br \/>\nGerne bieten wir Ihnen die weitere Bearbeitung wie Hobeln &amp; Verleimen dieses Tops an.<br \/>\nRufen Sie uns zu diesem Thema an oder schreiben Sie uns (info@holz-faszination.de)<br \/>\nSie k\u00f6nnen diese Leistungen auch in unserer Galerie \u201eLohnarbeiten \/ weitere Services\u201c bestellen.<\/h6>\n<h6>Sie kaufen genau das abgebildete St\u00fcck!<br \/>\nBitte beachten Sie: Die \u201eLesPaul\u201c oder \u201eStratocaster\u201c Vorlagen, die wir verwenden, sind gr\u00f6\u00dfer als die Originalgr\u00f6\u00dfe!<\/h6>\n<hr \/>\n<h6><span style=\"color: #000000;\">F\u00fcr weitere Informationen wenden Sie sich bitte per E-Mail oder Telefon an uns!<\/span><br \/>\n<span style=\"color: #800000;\">www.holz-faszination.de<\/span><b><span style=\"color: #008000;\"><br \/>\n<\/span><\/b><\/h6>\n","protected":false},"featured_media":5430,"template":"","meta":[],"product_brand":[],"product_cat":[293],"product_tag":[342,283,286,353,355,351,352,354,285],"class_list":{"0":"post-5996","1":"product","2":"type-product","3":"status-publish","4":"has-post-thumbnail","6":"product_cat-riegelahorn-maple-topsets","7":"product_tag-1stuck","8":"product_tag-ahorn-de","9":"product_tag-ahorn-gesteppt","10":"product_tag-bitte-sehen-sie-sich-unbedingt-alle-fotos-dieses-artikels-an-linke-seite","11":"product_tag-einteilig-de","12":"product_tag-korper","13":"product_tag-korperholz","14":"product_tag-leichen","15":"product_tag-sehr-figurativ","16":"product_shipping_class-versand-nach-gewicht-de","18":"first","19":"instock","20":"sold-individually","21":"taxable","22":"shipping-taxable","23":"purchasable","24":"product-type-simple"},"_links":{"self":[{"href":"https:\/\/holz-faszination.de\/faszination\/de\/wp-json\/wp\/v2\/product\/5996","targetHints":{"allow":["GET"]}}],"collection":[{"href":"https:\/\/holz-faszination.de\/faszination\/de\/wp-json\/wp\/v2\/product"}],"about":[{"href":"https:\/\/holz-faszination.de\/faszination\/de\/wp-json\/wp\/v2\/types\/product"}],"wp:featuredmedia":[{"embeddable":true,"href":"https:\/\/holz-faszination.de\/faszination\/de\/wp-json\/wp\/v2\/media\/5430"}],"wp:attachment":[{"href":"https:\/\/holz-faszination.de\/faszination\/de\/wp-json\/wp\/v2\/media?parent=5996"}],"wp:term":[{"taxonomy":"product_brand","embeddable":true,"href":"https:\/\/holz-faszination.de\/faszination\/de\/wp-json\/wp\/v2\/product_brand?post=5996"},{"taxonomy":"product_cat","embeddable":true,"href":"https:\/\/holz-faszination.de\/faszination\/de\/wp-json\/wp\/v2\/product_cat?post=5996"},{"taxonomy":"product_tag","embeddable":true,"href":"https:\/\/holz-faszination.de\/faszination\/de\/wp-json\/wp\/v2\/product_tag?post=5996"}],"curies":[{"name":"wp","href":"https:\/\/api.w.org\/{rel}","templated":true}]}}