{"id":5981,"date":"2025-04-09T16:24:51","date_gmt":"2025-04-09T14:24:51","guid":{"rendered":"https:\/\/holz-faszination.de\/faszination\/produkt\/prem-highl-fig-hardmaple-gitarrenplatte-8mm-k-1555\/"},"modified":"2026-05-02T05:48:01","modified_gmt":"2026-05-02T03:48:01","slug":"prem-highl-fig-hardmaple-gitarrenplatte-8mm-k-1555","status":"publish","type":"product","link":"https:\/\/holz-faszination.de\/faszination\/de\/produkt\/prem-highl-fig-hardmaple-gitarrenplatte-8mm-k-1555\/","title":{"rendered":"Prem. highl. fig. Hardmaple Gitarren Top, 8mm (K-1555)"},"content":{"rendered":"","protected":false},"excerpt":{"rendered":"<h4><span style=\"color: #ff6600;\"><strong>Beschreibung \/ Description:<\/strong><br \/>\n&#8212;&#8212;&#8212;&#8212;&#8212;&#8212;&#8212;&#8212;&#8212;&#8212;&#8212;&#8212;&#8212;&#8212;<\/span><\/h4>\n<h5><span style=\"color: #ff6600;\"><strong>&#8212; Prime Quality &#8212;<br \/>\n<\/strong><\/span><\/h5>\n<h5><span style=\"color: #ff6600;\"><strong>Gr\u00f6\u00dfe:<br \/>\n505 x 355 x 8mm<\/strong><\/span><\/h5>\n<h6><span style=\"color: #008080;\"><strong>\u2026h\u00fcbsches fig. Hardmaple Top. Intensiv gemasert!<br \/>\nPasst zu den \u201eTelli\u201c-Ma\u00dfen.<\/strong><\/span><\/h6>\n<h6><strong>Beide Seiten sind gehobelt &amp; geschliffen! <\/strong><br \/>\nGerne bieten wir Ihnen die weitere Bearbeitung wie Hobeln &amp; Verleimen dieses Sets an.<br \/>\nRufen Sie uns zu diesem Thema an oder schreiben Sie uns (info@holz-faszination.de)<br \/>\nSie k\u00f6nnen diese Leistungen auch in unserer Galerie \u201eLohnarbeiten \/ weitere Services\u201c bestellen.<\/h6>\n<h6><strong>Sie kaufen genau das abgebildete St\u00fcck!<\/strong><br \/>\nBitte beachten Sie: Die \u201eLesPaul\u201c oder \u201eStratocaster\u201c Vorlagen, die wir verwenden, sind gr\u00f6\u00dfer als die Originalgr\u00f6\u00dfe!<\/h6>\n<hr>\n<h6><span style=\"color: #000000;\">F\u00fcr weitere Informationen wenden Sie sich bitte per E-Mail oder Telefon an uns!<\/span><br \/>\n<span style=\"color: #ff6600;\">www.holz-faszination.de<\/span><b><span style=\"color: #008000;\"><br \/>\n<\/span><\/b><\/h6>\n","protected":false},"featured_media":5552,"template":"","meta":[],"product_brand":[],"product_cat":[293],"product_tag":[342,283,286,335,331,327,341,328,285],"class_list":{"0":"post-5981","1":"product","2":"type-product","3":"status-publish","4":"has-post-thumbnail","6":"product_cat-riegelahorn-maple-topsets","7":"product_tag-1stuck","8":"product_tag-ahorn-de","9":"product_tag-ahorn-gesteppt","10":"product_tag-flamed-de-2","11":"product_tag-geflammt-de","12":"product_tag-geriegelt-de","13":"product_tag-hardmaple-de","14":"product_tag-riegelahorn-de","15":"product_tag-sehr-figurativ","16":"product_shipping_class-versand-nach-gewicht-de","18":"first","19":"instock","20":"sold-individually","21":"taxable","22":"shipping-taxable","23":"purchasable","24":"product-type-simple"},"_links":{"self":[{"href":"https:\/\/holz-faszination.de\/faszination\/de\/wp-json\/wp\/v2\/product\/5981","targetHints":{"allow":["GET"]}}],"collection":[{"href":"https:\/\/holz-faszination.de\/faszination\/de\/wp-json\/wp\/v2\/product"}],"about":[{"href":"https:\/\/holz-faszination.de\/faszination\/de\/wp-json\/wp\/v2\/types\/product"}],"wp:featuredmedia":[{"embeddable":true,"href":"https:\/\/holz-faszination.de\/faszination\/de\/wp-json\/wp\/v2\/media\/5552"}],"wp:attachment":[{"href":"https:\/\/holz-faszination.de\/faszination\/de\/wp-json\/wp\/v2\/media?parent=5981"}],"wp:term":[{"taxonomy":"product_brand","embeddable":true,"href":"https:\/\/holz-faszination.de\/faszination\/de\/wp-json\/wp\/v2\/product_brand?post=5981"},{"taxonomy":"product_cat","embeddable":true,"href":"https:\/\/holz-faszination.de\/faszination\/de\/wp-json\/wp\/v2\/product_cat?post=5981"},{"taxonomy":"product_tag","embeddable":true,"href":"https:\/\/holz-faszination.de\/faszination\/de\/wp-json\/wp\/v2\/product_tag?post=5981"}],"curies":[{"name":"wp","href":"https:\/\/api.w.org\/{rel}","templated":true}]}}