{"id":5977,"date":"2025-04-04T16:30:50","date_gmt":"2025-04-04T14:30:50","guid":{"rendered":"https:\/\/holz-faszination.de\/faszination\/produkt\/grosser-prem-dirty-flamed-maple-gitarrenplatte-8mm-k-1553\/"},"modified":"2026-04-29T05:41:29","modified_gmt":"2026-04-29T03:41:29","slug":"grosser-prem-dirty-flamed-maple-gitarrenplatte-8mm-k-1553","status":"publish","type":"product","link":"https:\/\/holz-faszination.de\/faszination\/de\/produkt\/grosser-prem-dirty-flamed-maple-gitarrenplatte-8mm-k-1553\/","title":{"rendered":"Gro\u00dfer prem. \u201edirty flamed\u201c Maple Gitarren Top, 8mm (K-1553)"},"content":{"rendered":"","protected":false},"excerpt":{"rendered":"<h4><span style=\"color: #993366;\"><strong>Beschreibung \/ Description:<\/strong><br \/>\n&#8212;&#8212;&#8212;&#8212;&#8212;&#8212;&#8212;&#8212;&#8212;&#8212;&#8212;&#8212;&#8212;&#8212;<\/span><\/h4>\n<h5><span style=\"color: #993366;\"><strong>&#8212; Good Quality &#8212;<br \/>\n(NICHT mit Wasser oder sonstigem benetzt, um die Maserung zu zeigen!)<\/strong><\/span><\/h5>\n<p>&nbsp;<\/p>\n<h5><span style=\"color: #993366;\"><strong>Gr\u00f6\u00dfe:<br \/>\n650 x 460\/430 x 8mm<\/strong><\/span><\/h5>\n<h6><span style=\"color: #0000ff;\"><strong>Diese Sets sind echte Punks!<\/strong> Die Farbpalette reicht von verschiedenen Graut\u00f6nen \u00fcber \u201elachsartige\u201c T\u00f6ne bis hin zu hellen Cremet\u00f6nen. Letztlich haben wir es auch hier mit einem Spaltprozess zu tun, aber mit einer ungew\u00f6hnlich spektakul\u00e4ren Farbpalette. In Kombination mit diesen gro\u00dfartigen flamed und quilted Strukturen haben wir das so noch nie gesehen. Gro\u00dfartig! <\/span><\/h6>\n<h6><strong>Beide Seiten sind gehobelt &amp; geschliffen! <\/strong><br \/>\nGerne bieten wir Ihnen die weitere Bearbeitung wie Hobeln &amp; Verleimen dieses Tops an.<br \/>\nRufen Sie uns zu diesem Thema an oder schreiben Sie uns (info@holz-faszination.de)<br \/>\nSie k\u00f6nnen diese Leistungen auch in unserer Galerie \u201eLohnarbeiten \/ weitere Services\u201c bestellen.<\/h6>\n<h6><strong>Sie kaufen genau das abgebildete St\u00fcck!<\/strong><br \/>\nBitte beachten Sie: Die \u201eLesPaul\u201c oder \u201eStratocaster\u201c Vorlagen, die wir verwenden, sind gr\u00f6\u00dfer als die Originalgr\u00f6\u00dfe!<\/h6>\n<hr \/>\n<h6><span style=\"color: #000000;\">F\u00fcr weitere Informationen wenden Sie sich bitte per E-Mail oder Telefon an uns!<\/span><br \/>\n<span style=\"color: #800000;\">www.holz-faszination.de<\/span><b><span style=\"color: #008000;\"><br \/>\n<\/span><\/b><\/h6>\n","protected":false},"featured_media":5514,"template":"","meta":[],"product_brand":[],"product_cat":[293,300],"product_tag":[342,283,343,335,331,327,328,285],"class_list":{"0":"post-5977","1":"product","2":"type-product","3":"status-publish","4":"has-post-thumbnail","6":"product_cat-riegelahorn-maple-topsets","7":"product_cat-spalted-gestockte-maple-topsets","8":"product_tag-1stuck","9":"product_tag-ahorn-de","10":"product_tag-explorer-de","11":"product_tag-flamed-de-2","12":"product_tag-geflammt-de","13":"product_tag-geriegelt-de","14":"product_tag-riegelahorn-de","15":"product_tag-sehr-figurativ","16":"product_shipping_class-versand-nach-gewicht-de","18":"first","19":"instock","20":"sold-individually","21":"taxable","22":"shipping-taxable","23":"purchasable","24":"product-type-simple"},"_links":{"self":[{"href":"https:\/\/holz-faszination.de\/faszination\/de\/wp-json\/wp\/v2\/product\/5977","targetHints":{"allow":["GET"]}}],"collection":[{"href":"https:\/\/holz-faszination.de\/faszination\/de\/wp-json\/wp\/v2\/product"}],"about":[{"href":"https:\/\/holz-faszination.de\/faszination\/de\/wp-json\/wp\/v2\/types\/product"}],"wp:featuredmedia":[{"embeddable":true,"href":"https:\/\/holz-faszination.de\/faszination\/de\/wp-json\/wp\/v2\/media\/5514"}],"wp:attachment":[{"href":"https:\/\/holz-faszination.de\/faszination\/de\/wp-json\/wp\/v2\/media?parent=5977"}],"wp:term":[{"taxonomy":"product_brand","embeddable":true,"href":"https:\/\/holz-faszination.de\/faszination\/de\/wp-json\/wp\/v2\/product_brand?post=5977"},{"taxonomy":"product_cat","embeddable":true,"href":"https:\/\/holz-faszination.de\/faszination\/de\/wp-json\/wp\/v2\/product_cat?post=5977"},{"taxonomy":"product_tag","embeddable":true,"href":"https:\/\/holz-faszination.de\/faszination\/de\/wp-json\/wp\/v2\/product_tag?post=5977"}],"curies":[{"name":"wp","href":"https:\/\/api.w.org\/{rel}","templated":true}]}}