{"id":5899,"date":"2025-04-11T15:21:55","date_gmt":"2025-04-11T13:21:55","guid":{"rendered":"https:\/\/holz-faszination.de\/faszination\/produkt\/prem-pale-moon-ebenholz-guitar-fretboard-pm-guitar-88-92\/"},"modified":"2025-06-19T11:34:02","modified_gmt":"2025-06-19T09:34:02","slug":"prem-pale-moon-ebenholz-guitar-fretboard-pm-guitar-88-92","status":"publish","type":"product","link":"https:\/\/holz-faszination.de\/faszination\/de\/produkt\/prem-pale-moon-ebenholz-guitar-fretboard-pm-guitar-88-92\/","title":{"rendered":"Prem. Pale Moon Ebenholz Ebenholz Gitarren Griffbrett Rohling (PM-Guitar-88-92)"},"content":{"rendered":"","protected":false},"excerpt":{"rendered":"<h4><span style=\"color: #666699;\"><strong>Beschreibung \/ Description:<\/strong><\/span><br \/>\n<span style=\"color: #666699;\"><strong>&#8212;&#8212;&#8212;&#8212;&#8212;&#8212;&#8212;&#8212;&#8212;&#8212;&#8212;&#8212;&#8212;&#8212;&#8212;-<\/strong><\/span><\/h4>\n<h4><span style=\"color: #666699;\">***PRIME QUALITY***<\/span><\/h4>\n<h6><strong>&#8230;seltene Pale Moon Ebenholz-Gitarrengriffbrett-Rohlinge. Alle Rohlinge sind frei von Rissen und sauber kalibriert. Verleimfertig! <\/strong><\/h6>\n<h5><strong><span style=\"color: #ff6600;\">Gr\u00f6\u00dfen:<br \/>\nNo.88 &#8212;550 x 68 x 7mm&#8212;&#8212;&#8212;&#8212;49,00\u20ac<br \/>\n<\/span><\/strong><span style=\"color: #ff6600;\"><strong>Nr.89 &#8212;550 x 68 x 6mm&#8212;&#8212;&#8212;&#8212;59,00\u20ac<br \/>\n<\/strong><strong>Nr.90 &#8212;.<\/strong><strong>550 x 66 x 6mm&#8212;&#8212;&#8212;&#8212;-49,00\u20ac<br \/>\n<\/strong><strong>Nr.91<\/strong><strong> &#8212;550 x <\/strong><strong>65<\/strong><strong> x 6mm&#8212;&#8212;&#8212;&#8212;-49,00\u20ac<br \/>\n<\/strong><strong>Nr.92 &#8212;550 x 65 x 6mm&#8212;&#8212;&#8212;&#8212;-59,00\u20ac<\/strong><\/span><\/h5>\n<h5><strong><span style=\"color: #ff0000;\">Bitte w\u00e4hlen Sie Ihren bevorzugten Rohling aus dem untenstehenden Men\u00fc.<\/span><\/strong><\/h5>\n<h6><strong><span style=\"color: #666699;\">Pale Moon Ebenholz&#8230;.<\/span><\/strong><br \/>\n<span style=\"color: #666699;\">(auch bekannt als White Ebony, Royal white Ebony &amp; Mun Ebony)<\/span><\/h6>\n<h6><span style=\"color: #666699;\">&#8230;hei\u00dft eigentlich \u201eDiospyros Ebenholz\u201c. Es ist zweifelsohne das Holz, um das sich Mythen ranken. Optisch beeindruckend ist es mit tiefschwarzen Tintenlinien, die sich durch das cremefarbene Holz ziehen. Die Maserung ist bei jedem St\u00fcck einzigartig und kann v\u00f6llig unterschiedlich sein. Die Textur ist das \u00fcbliche feine Ebenholz mit einem wunderbaren nat\u00fcrlichen Glanz. H\u00e4rte und Dichte sind f\u00fcr diese Art eher moderat. Die rissfreie Trocknung dieses seltenen Holzes ist nicht einfach. Wir freuen uns, Ihnen einige ausgew\u00e4hlte Spitzenst\u00fccke in absoluter Spitzenqualit\u00e4t pr\u00e4sentieren zu k\u00f6nnen. <\/span><br \/>\n<span style=\"color: #666699;\">Diese Holzart ist NOCH nicht in den CITES-Anh\u00e4ngen aufgef\u00fchrt.<\/span><\/h6>\n<h6><span style=\"color: #000000;\">Sie kaufen genau Ihr(e) ausgew\u00e4hltes St\u00fcck(e)!<\/span><\/h6>\n<hr \/>\n<h6>F\u00fcr weitere Informationen wenden Sie sich bitte per E-Mail oder Telefon an uns!<br \/>\n<span style=\"color: #666699;\">www.holz-faszination.de<br \/>\ninfo@holz-faszination.de<\/span><b><\/b><\/h6>\n<h5><strong><span style=\"color: #ff0000;\"> \u21d3 Bitte w\u00e4hlen Sie hier Ihr Griffbrett aus \u21d3<\/span><\/strong><\/h5>\n","protected":false},"featured_media":8476,"template":"","meta":[],"product_brand":[],"product_cat":[299],"product_tag":[],"class_list":{"0":"post-5899","1":"product","2":"type-product","3":"status-publish","4":"has-post-thumbnail","6":"product_cat-mensur-gesaegte-griffbretter-und-rohlinge","8":"first","9":"instock","10":"taxable","11":"shipping-taxable","12":"purchasable","13":"product-type-variable"},"_links":{"self":[{"href":"https:\/\/holz-faszination.de\/faszination\/de\/wp-json\/wp\/v2\/product\/5899","targetHints":{"allow":["GET"]}}],"collection":[{"href":"https:\/\/holz-faszination.de\/faszination\/de\/wp-json\/wp\/v2\/product"}],"about":[{"href":"https:\/\/holz-faszination.de\/faszination\/de\/wp-json\/wp\/v2\/types\/product"}],"wp:featuredmedia":[{"embeddable":true,"href":"https:\/\/holz-faszination.de\/faszination\/de\/wp-json\/wp\/v2\/media\/8476"}],"wp:attachment":[{"href":"https:\/\/holz-faszination.de\/faszination\/de\/wp-json\/wp\/v2\/media?parent=5899"}],"wp:term":[{"taxonomy":"product_brand","embeddable":true,"href":"https:\/\/holz-faszination.de\/faszination\/de\/wp-json\/wp\/v2\/product_brand?post=5899"},{"taxonomy":"product_cat","embeddable":true,"href":"https:\/\/holz-faszination.de\/faszination\/de\/wp-json\/wp\/v2\/product_cat?post=5899"},{"taxonomy":"product_tag","embeddable":true,"href":"https:\/\/holz-faszination.de\/faszination\/de\/wp-json\/wp\/v2\/product_tag?post=5899"}],"curies":[{"name":"wp","href":"https:\/\/api.w.org\/{rel}","templated":true}]}}