{"id":5841,"date":"2025-02-18T11:06:15","date_gmt":"2025-02-18T10:06:15","guid":{"rendered":"https:\/\/holz-faszination.de\/faszination\/impressum\/"},"modified":"2025-05-27T18:08:38","modified_gmt":"2025-05-27T16:08:38","slug":"impressum","status":"publish","type":"page","link":"https:\/\/holz-faszination.de\/faszination\/de\/impressum\/","title":{"rendered":"Impressum"},"content":{"rendered":"<div class=\"fusion-fullwidth fullwidth-box fusion-builder-row-1 fusion-flex-container nonhundred-percent-fullwidth non-hundred-percent-height-scrolling\" style=\"--awb-border-radius-top-left:0px;--awb-border-radius-top-right:0px;--awb-border-radius-bottom-right:0px;--awb-border-radius-bottom-left:0px;--awb-flex-wrap:wrap;\" ><div class=\"fusion-builder-row fusion-row fusion-flex-align-items-flex-start fusion-flex-content-wrap\" style=\"max-width:1268.8px;margin-left: calc(-4% \/ 2 );margin-right: calc(-4% \/ 2 );\"><div class=\"fusion-layout-column fusion_builder_column fusion-builder-column-0 fusion_builder_column_1_1 1_1 fusion-flex-column\" style=\"--awb-bg-size:cover;--awb-width-large:100%;--awb-margin-top-large:0px;--awb-spacing-right-large:1.92%;--awb-margin-bottom-large:0px;--awb-spacing-left-large:1.92%;--awb-width-medium:100%;--awb-spacing-right-medium:1.92%;--awb-spacing-left-medium:1.92%;--awb-width-small:100%;--awb-spacing-right-small:1.92%;--awb-spacing-left-small:1.92%;\"><div class=\"fusion-column-wrapper fusion-flex-justify-content-flex-start fusion-content-layout-column\"><div class=\"fusion-text fusion-text-1\"><h1 style=\"color: rgb(137, 137, 137); --fontSize: 68; line-height: 1.2; font-size: 18px;\" data-fontsize=\"68\" data-lineheight=\"81.6px\" class=\"fusion-responsive-typography-calculated\" data-fusion-font=\"true\">Angaben gem\u00e4\u00df \u00a7 5 TMG:<\/h1>\n<h2 style=\"text-align: left; --fontSize: 50; line-height: 1.2;\" data-fontsize=\"50\" data-lineheight=\"60px\" class=\"fusion-responsive-typography-calculated\"><span style=\"color: rgb(150, 150, 150);\">IMPRESSUM<\/span><\/h2>\n<p style=\"text-align: left; --fontSize: 50; line-height: 1.2;\" data-fontsize=\"50\" data-lineheight=\"60px\" class=\"fusion-responsive-typography-calculated\">\n<p style=\"color: rgb(135, 135, 135);\"><b><br \/><\/b><\/p>\n<p style=\"color: rgb(109, 109, 109);\"><b>holz-faszination<\/b><br \/>frank hoffmeyer<br \/>r\u00f6thenstrasse 17<br \/>32339 espelkamp<\/p>\n<p style=\"color: rgb(109, 109, 109);\">tel. : 05743\/921202<br \/>mobil : 016095501727<br \/>mail : info@holz-faszination.de<br \/>web : www.holz-faszination.de <\/p>\n<p style=\"color: rgb(109, 109, 109);\"><b>VAT-IDNo<\/b>. DE 814606939 <\/p>\n<p style=\"color: rgb(109, 109, 109);\"><b>Kontakt:<br \/><\/b>Telefon: 05473-921202<br \/>E-Mail: info@holz-faszination.de<\/p>\n<p style=\"color: rgb(109, 109, 109);\"><b>Umsatzsteuer:<br \/><\/b>Umsatzsteuer-Identifikationsnummer gem\u00e4\u00df \u00a727 a Umsatzsteuergesetz:<br \/>DE814606939<\/p>\n<p style=\"color: rgb(109, 109, 109);\"><b>Informationen zur Berufshaftpflichtversicherung<br \/><\/b>Name und Sitz des Versicherers:<br \/>Westf\u00e4lische Provinzial Versicherungs Aktiengesellschaft<br \/>Provinzialallee 1<br \/>48131 M\u00fcnster<\/p>\n<p style=\"color: rgb(109, 109, 109);\">Geltungsbereich der Versicherung: Sch\u00e4den auch im Ausland<\/p>\n<p style=\"color: rgb(109, 109, 109);\"><b>Streitbeilegung:<br \/><\/b>Die Europ\u00e4ische Kommission stellt eine Plattform zur Online-Streitbeilegung (OS) bereit:<br \/>https:\/\/ec.europa.eu\/consumers\/odr<br \/>Unsere E-Mail-Adresse finden Sie im Impressum oben.<br \/>Wir sind nicht bereit oder verpflichtet, an Streitbeilegungsverfahren vor einer Verbraucherschlichtungsstelle teilzunehmen.<\/p>\n<p style=\"color: rgb(109, 109, 109);\"><b>Haftung f\u00fcr Inhalte<br \/><\/b>Als Diensteanbieter sind wir gem\u00e4\u00df \u00a7 7 Abs.1 TMG<br \/>f\u00fcr eigene Inhalte auf diesen Seiten nach den allgemeinen Gesetzen verantwortlich. Nach \u00a7\u00a7 8 bis 10 TMG sind wir als Diensteanbieter<br \/>jedoch nicht verpflichtet, \u00fcbermittelte oder gespeicherte fremde Informationen zu \u00fcberwachen oder nach<br \/>Umst\u00e4nden zu forschen, die auf eine rechtswidrige T\u00e4tigkeit hinweisen.<br \/>Verpflichtungen zur Entfernung oder Sperrung der Nutzung von Informationen nach den allgemeinen Gesetzen bleiben hiervon unber\u00fchrt.laws remain unaffected by this. Eine diesbez\u00fcgliche Haftung ist jedoch erst ab dem Zeitpunkt der<br \/>Kenntnis einer konkreten Rechtsverletzung m\u00f6glich. Bei Bekanntwerden von entsprechenden Rechtsverletzungen werden wir diese<br \/>Inhalte umgehend entfernen.   <\/p>\n<p style=\"color: rgb(109, 109, 109);\"><b>Haftung f\u00fcr Links<br \/><\/b>Unser Angebot enth\u00e4lt Links zu externen Webseiten Dritter, auf deren Inhalte wir keinen Einfluss haben.<br \/>Deshalb k\u00f6nnen wir f\u00fcr diese fremden Inhalte auch keine Gew\u00e4hr \u00fcbernehmen. F\u00fcr die Inhalte von<br \/>ist stets der jeweilige Anbieter oder Betreiber der Seiten verantwortlich. Die verlinkten<br \/>Seiten wurden zum Zeitpunkt der Verlinkung auf m\u00f6gliche Rechtsverst\u00f6\u00dfe \u00fcberpr\u00fcft. Rechtswidrige<br \/>Inhalte waren zum Zeitpunkt der Verlinkung nicht erkennbar.<br \/>Eine permanente inhaltliche Kontrolle der verlinkten Seiten ist jedoch ohne konkrete Anhaltspunkte einer Rechtsverletzung nicht zumutbar.<br \/>ist nicht zumutbar. Bei Bekanntwerden von Rechtsverletzungen werden wir derartige Links umgehend entfernen.<br \/>derartige Links umgehend entfernen.    <\/p>\n<p style=\"color: rgb(109, 109, 109);\"><b>Copyright<br \/><\/b>Die durch die Seitenbetreiber erstellten Inhalte und Werke auf diesen Seiten unterliegen dem deutschen Urheberrecht.<br \/>Urheberrechtsgesetz. Die Vervielf\u00e4ltigung, Bearbeitung, Verbreitung und jede Art der Verwertung au\u00dferhalb der Grenzen des<br \/>Urheberrechtes bed\u00fcrfen der schriftlichen Zustimmung des jeweiligen Autors bzw. Erstellers.<br \/>Urhebers. Downloads und Kopien dieser Seite sind nur f\u00fcr den privaten, nicht kommerziellen Gebrauch gestattet.<br \/>Soweit die Inhalte auf dieser Seite nicht vom Betreiber erstellt wurden, werden die Urheberrechte Dritter beachtet<br \/>. Insbesondere werden Inhalte Dritter als solche gekennzeichnet. Sollten Sie trotzdem auf eine<br \/>Urheberrechtsverletzung aufmerksam werden, bitten wir um einen entsprechenden Hinweis. Bei<br \/>Bekanntwerden von Rechtsverletzungen werden wir derartige Inhalte umgehend entfernen.     <\/p>\n<p style=\"color: rgb(109, 109, 109);\">Quelle: https:\/\/www.e-recht24.de<\/p>\n<p style=\"color: rgb(109, 109, 109);\"><b><br \/>Alternative Streitbeilegung gem\u00e4\u00df Art. 14 Abs. 1 ODR-VO und \u00a7 36 VSBG: <br \/><\/b>Die Europ\u00e4ische Kommission stellt eine Plattform zur Online-Streitbeilegung (OS) zur Verf\u00fcgung, die Sie unter https:\/\/ec.europa.eu\/consumers\/odr finden. Wir sind nicht verpflichtet oder bereit, an einem Streitbeilegungsverfahren vor einer Verbraucherschlichtungsstelle teilzunehmen.<\/p>\n<\/p>\n<p style=\"color: rgb(135, 135, 135);\">\n<div class=\"woocommerce woocommerce-gzd woocommerce-gzd-complaints-shortcode\">\n\t\t\t<h3>Alternative Streitbeilegung gem\u00e4\u00df Art. 14 Abs. 1 ODR-VO und \u00a7 36 VSBG:<\/h3>\n\t\nZur Teilnahme an einem Streitbeilegungsverfahren vor einer Verbraucherschlichtungsstelle sind wir nicht verpflichtet und nicht bereit.<\/div><\/p>\n<\/div><\/div><\/div><\/div><\/div>\n","protected":false},"excerpt":{"rendered":"","protected":false},"author":1,"featured_media":0,"parent":0,"menu_order":0,"comment_status":"closed","ping_status":"closed","template":"100-width.php","meta":{"footnotes":""},"class_list":["post-5841","page","type-page","status-publish","hentry"],"_links":{"self":[{"href":"https:\/\/holz-faszination.de\/faszination\/de\/wp-json\/wp\/v2\/pages\/5841","targetHints":{"allow":["GET"]}}],"collection":[{"href":"https:\/\/holz-faszination.de\/faszination\/de\/wp-json\/wp\/v2\/pages"}],"about":[{"href":"https:\/\/holz-faszination.de\/faszination\/de\/wp-json\/wp\/v2\/types\/page"}],"author":[{"embeddable":true,"href":"https:\/\/holz-faszination.de\/faszination\/de\/wp-json\/wp\/v2\/users\/1"}],"replies":[{"embeddable":true,"href":"https:\/\/holz-faszination.de\/faszination\/de\/wp-json\/wp\/v2\/comments?post=5841"}],"version-history":[{"count":2,"href":"https:\/\/holz-faszination.de\/faszination\/de\/wp-json\/wp\/v2\/pages\/5841\/revisions"}],"predecessor-version":[{"id":5843,"href":"https:\/\/holz-faszination.de\/faszination\/de\/wp-json\/wp\/v2\/pages\/5841\/revisions\/5843"}],"wp:attachment":[{"href":"https:\/\/holz-faszination.de\/faszination\/de\/wp-json\/wp\/v2\/media?parent=5841"}],"curies":[{"name":"wp","href":"https:\/\/api.w.org\/{rel}","templated":true}]}}