{"id":5838,"date":"2025-02-15T17:00:06","date_gmt":"2025-02-15T16:00:06","guid":{"rendered":"https:\/\/holz-faszination.de\/faszination\/datenschutzerklaerung\/"},"modified":"2025-06-02T18:24:17","modified_gmt":"2025-06-02T16:24:17","slug":"datenschutzerklaerung","status":"publish","type":"page","link":"https:\/\/holz-faszination.de\/faszination\/de\/datenschutzerklaerung\/","title":{"rendered":"Datenschutzerkl\u00e4rung"},"content":{"rendered":"<div class=\"fusion-fullwidth fullwidth-box fusion-builder-row-1 fusion-flex-container has-pattern-background has-mask-background nonhundred-percent-fullwidth non-hundred-percent-height-scrolling\" style=\"--awb-border-radius-top-left:0px;--awb-border-radius-top-right:0px;--awb-border-radius-bottom-right:0px;--awb-border-radius-bottom-left:0px;--awb-flex-wrap:wrap;\" ><div class=\"fusion-builder-row fusion-row fusion-flex-align-items-flex-start fusion-flex-content-wrap\" style=\"max-width:1268.8px;margin-left: calc(-4% \/ 2 );margin-right: calc(-4% \/ 2 );\"><div class=\"fusion-layout-column fusion_builder_column fusion-builder-column-0 fusion_builder_column_1_1 1_1 fusion-flex-column\" style=\"--awb-bg-size:cover;--awb-width-large:100%;--awb-margin-top-large:0px;--awb-spacing-right-large:1.92%;--awb-margin-bottom-large:20px;--awb-spacing-left-large:1.92%;--awb-width-medium:100%;--awb-order-medium:0;--awb-spacing-right-medium:1.92%;--awb-spacing-left-medium:1.92%;--awb-width-small:100%;--awb-order-small:0;--awb-spacing-right-small:1.92%;--awb-spacing-left-small:1.92%;\"><div class=\"fusion-column-wrapper fusion-column-has-shadow fusion-flex-justify-content-flex-start fusion-content-layout-column\"><div class=\"fusion-text fusion-text-1\"><p><span style=\"color: #999999;\">Datenschutzbestimmungen<\/span><\/p>\n<p><span style=\"color: #999999;\">Anbieter und verantwortliche Stelle im Sinne des Data Protection Act<\/span><\/p>\n<p><span style=\"color: #999999;\">holz-faszination<\/span><br \/><span style=\"color: #999999;\">Frank Hoffmeyer<\/span><br \/><span style=\"color: #999999;\">R\u00f6thenstra\u00dfe 17<\/span><br \/><span style=\"color: #999999;\">32339 Espelkamp<\/span><\/p>\n<p><span style=\"color: #999999;\">info@holz-faszination.de<\/span><\/p>\n<p><span style=\"color: #999999;\">Umfang der Anwendung<\/span><br \/><span style=\"color: #999999;\">Diese Datenschutzerkl\u00e4rung soll die Nutzer \u00fcber die Art, den Umfang und den Zweck der Erhebung und Verwendung Ihrer Daten durch den verantwortlichen Anbieter informieren.<\/span><br \/><span style=\"color: #999999;\">Den rechtlichen Rahmen f\u00fcr den Datenschutz bilden das Bundesdatenschutzgesetz (BDSG) und das Telemediengesetz (TMG).<\/span><\/p>\n<p><span style=\"color: #999999;\">Sammlung von allgemeinen Informationen<\/span><br \/><span style=\"color: #999999;\">Bei jedem Zugriff auf diese Website werden von uns oder dem Webspace-Provider automatisch Informationen gesammelt. Diese Informationen, auch bekannt als Server-Logfiles, sind allgemeiner Natur und lassen keine R\u00fcckschl\u00fcsse auf Ihre Person zu. <\/span><br \/><span style=\"color: #999999;\">Zu den gesammelten Informationen geh\u00f6ren Name der Website, Datei, Datum, Datenvolumen, Webbrowser und Webbrowser-Version, Betriebssystem, der Domainname Ihres Internetproviders, die sogenannte Referrer-URL (die Seite, von der aus Sie auf unsere Website zugegriffen haben) und die IP-Adresse.<\/span><br \/><span style=\"color: #999999;\">Ohne diese Daten w\u00e4re es in einigen F\u00e4llen technisch nicht m\u00f6glich, die Inhalte der Website auszuliefern und anzuzeigen. Insofern ist die Erhebung der Daten absolut notwendig. Wir verwenden die anonymen Daten auch f\u00fcr statistische Zwecke. Sie helfen uns dabei, unser Angebot und unsere Technik zu optimieren. Wir behalten uns au\u00dferdem das Recht vor, die Logdateien nachtr\u00e4glich zu \u00fcberpr\u00fcfen, wenn wir eine illegale Nutzung unserer Website vermuten.    <\/span><\/p>\n<p><span style=\"color: #999999;\">Der Umgang mit pers\u00f6nlichen Daten<\/span><br \/><span style=\"color: #999999;\">Definition: Personenbezogene Daten sind alle Informationen, die zur eindeutigen Identifizierung einer Person verwendet werden k\u00f6nnen. Es handelt sich also um Daten, die zu einer Person zur\u00fcckverfolgt werden k\u00f6nnen. <\/span><br \/><span style=\"color: #999999;\">Diese pers\u00f6nlichen Daten umfassen den Vor- und Nachnamen, die Telefonnummer und die E-Mail-Adresse. Zu den pers\u00f6nlichen Daten geh\u00f6ren auch Informationen \u00fcber Hobbys, Mitgliedschaften und Vorlieben sowie \u00fcber besuchte Websites. <\/span><br \/><span style=\"color: #999999;\">Diese Daten werden vom Anbieter nur dann erhoben, genutzt und ggf. weitergegeben, wenn dies ausdr\u00fccklich gesetzlich erlaubt ist oder wenn der Nutzer in die Erhebung, Verarbeitung, Nutzung und Weitergabe der Daten einwilligt.<\/span><\/p>\n<p><span style=\"color: #999999;\">Registrierung auf unserer Website<\/span><br \/><span style=\"color: #999999;\">Wenn Sie sich auf unserer Website registrieren, um personalisierte Dienste in Anspruch zu nehmen, werden pers\u00f6nliche Daten erhoben. Dazu geh\u00f6ren Ihr Name, Ihre Adresse, Telefonnummer und E-Mail-Adresse als Kontakt- und Kommunikationsdaten. <\/span><br \/><span style=\"color: #999999;\">Die Registrierung erm\u00f6glicht den Zugang zu Diensten und Inhalten, die nur f\u00fcr registrierte Benutzer verf\u00fcgbar sind. Registrierte Benutzer haben bei Bedarf jederzeit die M\u00f6glichkeit, die bei der Registrierung angegebenen Daten zu \u00e4ndern oder zu l\u00f6schen. Auf Anfrage teilen wir Ihnen selbstverst\u00e4ndlich mit, welche pers\u00f6nlichen Daten erhoben und gespeichert wurden. Dar\u00fcber hinaus werden wir die Daten auf Wunsch berichtigen oder l\u00f6schen, sofern dem keine gesetzlichen Aufbewahrungspflichten entgegenstehen. Wenn Sie Fragen haben oder Ihre Daten korrigieren oder l\u00f6schen lassen m\u00f6chten, verwenden Sie bitte die in dieser Datenschutzerkl\u00e4rung angegebenen Kontaktdaten.    <\/span><\/p>\n<p><span style=\"color: #999999;\">Erbringung von kostenpflichtigen Dienstleistungen<\/span><br \/><span style=\"color: #999999;\">Wir bitten um zus\u00e4tzliche Daten, damit wir kostenpflichtige Dienstleistungen erbringen k\u00f6nnen. Dies gilt zum Beispiel f\u00fcr die Zahlungsdaten. <\/span><br \/><span style=\"color: #999999;\">Um die Sicherheit Ihrer Daten bei der \u00dcbertragung zu gew\u00e4hrleisten, arbeiten wir mit Verschl\u00fcsselungsmethoden (z.B. SSL) \u00fcber HTTPS, die dem aktuellen Stand der Technik entsprechen.<\/span><\/p>\n<p><span style=\"color: #999999;\">Kontakt-Formular<\/span><br \/><span style=\"color: #999999;\">Wenn Sie \u00fcber das Online-Formular oder per E-Mail Kontakt mit uns aufnehmen, werden die von Ihnen gemachten Angaben gespeichert, um Ihre Anfrage zu beantworten und eventuelle Folgefragen zu stellen.<\/span><\/p>\n<p><span style=\"color: #999999;\">Integration von Diensten und Inhalten Dritter<\/span><br \/><span style=\"color: #999999;\">Unsere Website enth\u00e4lt manchmal Inhalte und Dienste von anderen Anbietern. Dazu geh\u00f6ren z.B. Karten von Google Maps, Videos von YouTube sowie Grafiken und Bilder von anderen Websites. Damit diese Daten abgerufen und im Browser des Nutzers angezeigt werden k\u00f6nnen, ist die \u00dcbermittlung der IP-Adresse zwingend erforderlich. Die Anbieter (im Folgenden \u201eDrittanbieter\u201c genannt) nehmen daher die IP-Adresse des jeweiligen Nutzers wahr.   <\/span><br \/><span style=\"color: #999999;\">Auch wenn wir uns bem\u00fchen, nur Drittanbieter einzusetzen, die die IP-Adresse nur ben\u00f6tigen, um Inhalte ausliefern zu k\u00f6nnen, haben wir keinen Einfluss darauf, ob die IP-Adresse gespeichert werden darf. In diesem Fall wird dieser Vorgang unter anderem zu statistischen Zwecken verwendet. Sollte uns bekannt sein, dass die IP-Adresse gespeichert wird, werden wir unsere Nutzer entsprechend informieren.  <\/span><\/p>\n<p><span style=\"color: #999999;\">Cookies<\/span><br \/><span style=\"color: #999999;\">Diese Website verwendet sogenannte Cookies. Das sind Textdateien, die vom Server auf Ihrem Computer gespeichert werden. Sie enthalten Informationen \u00fcber Ihren Browser, Ihre IP-Adresse, Ihr Betriebssystem und Ihre Internetverbindung. Wir geben diese Daten nicht an Dritte weiter und verkn\u00fcpfen sie nicht ohne Ihre Zustimmung mit pers\u00f6nlichen Daten.   <\/span><br \/><span style=\"color: #999999;\">Cookies erf\u00fcllen zwei Hauptaufgaben. Sie helfen uns, Ihnen die Navigation auf unserer Website zu erleichtern und die korrekte Darstellung der Website zu erm\u00f6glichen. Sie werden nicht verwendet, um Viren einzuschleusen oder Programme zu starten.  <\/span><br \/><span style=\"color: #999999;\">Die Benutzer haben die M\u00f6glichkeit, unsere Website ohne Cookies zu besuchen. Dazu m\u00fcssen die entsprechenden Einstellungen im Browser ge\u00e4ndert werden. Bitte verwenden Sie die Hilfefunktion Ihres Browsers, um herauszufinden, wie Sie Cookies deaktivieren k\u00f6nnen. Wir m\u00f6chten Sie jedoch darauf hinweisen, dass dies einige Funktionen dieser Website beeintr\u00e4chtigen und den Nutzungskomfort einschr\u00e4nken kann. Die Websites http:\/\/www.aboutads.info\/choices\/ (USA) und http:\/\/www.youronlinechoices.com\/uk\/your-ad-choices\/ (Europa) erm\u00f6glichen es Ihnen, Online-Werbe-Cookies zu verwalten.    <\/span><\/p>\n<p><span style=\"color: #999999;\">Google AdWords<\/span><br \/><span style=\"color: #999999;\">Diese Website nutzt das Online-Werbeprogramm \u201eGoogle AdWords\u201c und, als Teil davon, Conversion Tracking. Google AdWords legt ein Cookie auf Ihrem Computer ab, wenn Sie \u00fcber eine Google-Anzeige auf unsere Website gelangt sind. Diese Cookies verlieren nach 30 Tagen ihre G\u00fcltigkeit und werden nicht zur pers\u00f6nlichen Identifizierung verwendet. Wenn der Nutzer bestimmte Seiten unserer Website besucht und das Cookie noch nicht abgelaufen ist, k\u00f6nnen wir und Google erkennen, dass der Nutzer auf die Anzeige geklickt hat und zu dieser Seite weitergeleitet wurde. Jeder Google AdWords-Kunde erh\u00e4lt ein anderes Cookie. Cookies k\u00f6nnen daher nicht \u00fcber die Websites von AdWords-Kunden nachverfolgt werden.     <\/span><br \/><span style=\"color: #999999;\">Die mit Hilfe des Conversion-Cookies gesammelten Informationen werden verwendet, um Conversion-Statistiken f\u00fcr AdWords-Kunden zu erstellen, die sich f\u00fcr Conversion-Tracking entschieden haben. Kunden erfahren die Gesamtzahl der Nutzer, die auf ihre Anzeige geklickt haben und zu einer Seite mit einem Conversion-Tracking-Tag weitergeleitet wurden.  Sie erhalten jedoch keine Informationen, mit denen die Benutzer pers\u00f6nlich identifiziert werden k\u00f6nnen.<\/span><br \/><span style=\"color: #999999;\">Wenn Sie nicht am Tracking-Verfahren teilnehmen m\u00f6chten, k\u00f6nnen Sie das Google Conversion Tracking-Cookie ganz einfach \u00fcber Ihren Internetbrowser unter Benutzereinstellungen deaktivieren. Sie werden dann nicht in die Conversion-Tracking-Statistiken aufgenommen. Weitere Informationen hierzu finden Sie in den Datenschutzbestimmungen von Google unter http:\/\/www.google.de\/policies\/privacy\/.<\/span><\/p>\n<p><span style=\"color: #999999;\">Minimierung von Daten<\/span><br \/><span style=\"color: #999999;\">In \u00dcbereinstimmung mit den Grunds\u00e4tzen der Datenvermeidung und Datenminimierung speichern wir personenbezogene Daten nur so lange, wie es notwendig oder gesetzlich vorgeschrieben ist (gesetzliche Aufbewahrungsfrist). Wenn der Zweck der gesammelten Informationen nicht mehr zutrifft oder wenn die Speicherfrist endet, sperren oder l\u00f6schen wir die Daten.<\/span><\/p>\n<p><span style=\"color: #999999;\">Ihre Rechte auf Auskunft, Berichtigung, Sperrung, L\u00f6schung und Widerspruch<\/span><br \/><span style=\"color: #999999;\">Sie haben das Recht, unentgeltlich Auskunft \u00fcber die bei uns gespeicherten personenbezogenen Daten zu verlangen und\/oder deren Berichtigung, Sperrung oder L\u00f6schung zu fordern. Ausnahmen: Die Datenspeicherung ist f\u00fcr gesch\u00e4ftliche Transaktionen erforderlich oder die Daten unterliegen gesetzlichen Aufbewahrungspflichten.<\/span><br \/><span style=\"color: #999999;\">F\u00fcr diese Zwecke wenden Sie sich bitte an unseren Datenschutzbeauftragten (Kontaktdaten: am Ende der Datenschutzrichtlinie).<\/span><br \/><span style=\"color: #999999;\">Um eine Datensperre jederzeit ber\u00fccksichtigen zu k\u00f6nnen, ist es notwendig, die Daten zu Kontrollzwecken in einer Sperrdatei zu speichern. Wenn es keine gesetzliche Archivierungspflicht gibt, k\u00f6nnen Sie auch die L\u00f6schung der Daten beantragen. Andernfalls werden wir die Daten sperren, wenn Sie dies w\u00fcnschen.<\/span><\/p>\n<p><span style=\"color: #999999;\">\u00c4nderungen an unserer Datenschutzrichtlinie<\/span><br \/><span style=\"color: #999999;\">Um sicherzustellen, dass unsere Datenschutzpolitik stets den aktuellen gesetzlichen Anforderungen entspricht, behalten wir uns das Recht vor, jederzeit \u00c4nderungen vorzunehmen. Dies gilt auch f\u00fcr den Fall, dass die Datenschutzerkl\u00e4rung aufgrund neuer oder \u00fcberarbeiteter Dienste, z.B. neuer Services, angepasst werden muss. Die neue Datenschutzrichtlinie gilt dann, wenn Sie unsere Website das n\u00e4chste Mal besuchen.<\/span><\/p>\n<p><span style=\"color: #999999;\">Quelle: Datenschutz-Konfigurator von mein-datenschutzbeauftragter.de<\/span><\/p>\n<\/div><\/div><\/div><\/div><\/div>\n","protected":false},"excerpt":{"rendered":"","protected":false},"author":1,"featured_media":0,"parent":0,"menu_order":0,"comment_status":"closed","ping_status":"closed","template":"","meta":{"footnotes":""},"class_list":["post-5838","page","type-page","status-publish","hentry"],"_links":{"self":[{"href":"https:\/\/holz-faszination.de\/faszination\/de\/wp-json\/wp\/v2\/pages\/5838","targetHints":{"allow":["GET"]}}],"collection":[{"href":"https:\/\/holz-faszination.de\/faszination\/de\/wp-json\/wp\/v2\/pages"}],"about":[{"href":"https:\/\/holz-faszination.de\/faszination\/de\/wp-json\/wp\/v2\/types\/page"}],"author":[{"embeddable":true,"href":"https:\/\/holz-faszination.de\/faszination\/de\/wp-json\/wp\/v2\/users\/1"}],"replies":[{"embeddable":true,"href":"https:\/\/holz-faszination.de\/faszination\/de\/wp-json\/wp\/v2\/comments?post=5838"}],"version-history":[{"count":3,"href":"https:\/\/holz-faszination.de\/faszination\/de\/wp-json\/wp\/v2\/pages\/5838\/revisions"}],"predecessor-version":[{"id":5871,"href":"https:\/\/holz-faszination.de\/faszination\/de\/wp-json\/wp\/v2\/pages\/5838\/revisions\/5871"}],"wp:attachment":[{"href":"https:\/\/holz-faszination.de\/faszination\/de\/wp-json\/wp\/v2\/media?parent=5838"}],"curies":[{"name":"wp","href":"https:\/\/api.w.org\/{rel}","templated":true}]}}