{"id":5834,"date":"2025-02-18T11:03:24","date_gmt":"2025-02-18T10:03:24","guid":{"rendered":"https:\/\/holz-faszination.de\/faszination\/agb\/"},"modified":"2025-05-27T17:58:28","modified_gmt":"2025-05-27T15:58:28","slug":"agb","status":"publish","type":"page","link":"https:\/\/holz-faszination.de\/faszination\/de\/agb\/","title":{"rendered":"AGB"},"content":{"rendered":"<div class=\"fusion-fullwidth fullwidth-box fusion-builder-row-1 fusion-flex-container nonhundred-percent-fullwidth non-hundred-percent-height-scrolling\" style=\"--awb-border-radius-top-left:0px;--awb-border-radius-top-right:0px;--awb-border-radius-bottom-right:0px;--awb-border-radius-bottom-left:0px;--awb-flex-wrap:wrap;\" ><div class=\"fusion-builder-row fusion-row fusion-flex-align-items-flex-start fusion-flex-content-wrap\" style=\"max-width:1268.8px;margin-left: calc(-4% \/ 2 );margin-right: calc(-4% \/ 2 );\"><div class=\"fusion-layout-column fusion_builder_column fusion-builder-column-0 fusion_builder_column_1_1 1_1 fusion-flex-column\" style=\"--awb-bg-size:cover;--awb-width-large:100%;--awb-margin-top-large:0px;--awb-spacing-right-large:1.92%;--awb-margin-bottom-large:0px;--awb-spacing-left-large:1.92%;--awb-width-medium:100%;--awb-spacing-right-medium:1.92%;--awb-spacing-left-medium:1.92%;--awb-width-small:100%;--awb-spacing-right-small:1.92%;--awb-spacing-left-small:1.92%;\"><div class=\"fusion-column-wrapper fusion-flex-justify-content-flex-start fusion-content-layout-column\"><div class=\"fusion-text fusion-text-1\"><p><span style=\"color: #999999;\"><br \/><\/span><\/p>\n<h4 style=\"color: rgb(135, 135, 135); --fontSize: 23; line-height: 1.2;\" data-fontsize=\"23\" data-lineheight=\"27.6px\" class=\"fusion-responsive-typography-calculated\"><b>Allgemeine Liefer- und Zahlungsbedingungen des Unternehmens<\/b><\/h4>\n<p style=\"color: rgb(135, 135, 135);\"><b>&#8211;holz-faszination&#8211;<\/b><\/p>\n<p style=\"color: rgb(135, 135, 135);\"><b>\u00a7 1 Anwendungsbereich<\/b><\/p>\n<p style=\"color: rgb(135, 135, 135);\">(1) Die nachstehenden Verkaufsbedingungen gelten f\u00fcr alle zwischen dem Verk\u00e4ufer und dem K\u00e4ufer geschlossenen Vertr\u00e4ge \u00fcber die Lieferung von Waren. Sie gelten auch f\u00fcr alle k\u00fcnftigen Gesch\u00e4ftsbeziehungen, auch wenn sie nicht nochmals ausdr\u00fccklich vereinbart werden. Abweichende Bedingungen des K\u00e4ufers, die der Verk\u00e4ufer nicht ausdr\u00fccklich anerkennt, sind f\u00fcr den Verk\u00e4ufer nicht verbindlich, auch wenn der Verk\u00e4ufer ihnen nicht ausdr\u00fccklich widerspricht.  <\/p>\n<p style=\"color: rgb(135, 135, 135);\">(2) Alle Vereinbarungen, die zwischen dem Verk\u00e4ufer und dem K\u00e4ufer im Zusammenhang mit den Kaufvertr\u00e4gen getroffen werden, sind in dem Kaufvertrag, diesen Allgemeinen Gesch\u00e4ftsbedingungen und der Auftragsbest\u00e4tigung des Verk\u00e4ufers schriftlich niedergelegt.<\/p>\n<p style=\"color: rgb(135, 135, 135);\">&#8212;&#8212;&#8212;&#8212;&#8212;&#8212;&#8212;&#8212;&#8212;&#8212;&#8212;&#8212;&#8212;&#8212;&#8212;&#8212;&#8212;&#8212;&#8212;&#8212;&#8212;&#8212;<\/p>\n<p style=\"color: rgb(135, 135, 135);\"><b>\u00a7 2 Angebot und Vertragsabschluss<\/b><\/p>\n<p style=\"color: rgb(135, 135, 135);\">(1) Die Angebote des Verk\u00e4ufers sind freibleibend und unverbindlich, es sei denn, der Verk\u00e4ufer hat sie ausdr\u00fccklich und schriftlich als verbindlich bezeichnet.<\/p>\n<p style=\"color: rgb(135, 135, 135);\">(2) Ma\u00dfe, Gewichte, Abbildungen, Zeichnungen und sonstige Unterlagen, die zu den unverbindlichen Angeboten des Verk\u00e4ufers geh\u00f6ren, bleiben im Eigentum des Verk\u00e4ufers und sind nur ann\u00e4hernd ma\u00dfgebend, soweit sie nicht vom Verk\u00e4ufer ausdr\u00fccklich als verbindlich bezeichnet sind. Die auf diesen Seiten ver\u00f6ffentlichten Abbildungen, Fotos, Grafiken usw. d\u00fcrfen nur mit ausdr\u00fccklicher Genehmigung des Verk\u00e4ufers verwendet werden! <\/p>\n<p style=\"color: rgb(135, 135, 135);\">&#8212;&#8212;&#8212;&#8212;&#8212;&#8212;&#8212;&#8212;&#8212;&#8212;&#8212;&#8212;&#8212;&#8212;&#8212;&#8212;&#8212;&#8212;&#8212;&#8212;&#8212;&#8211;<\/p>\n<p style=\"color: rgb(135, 135, 135);\"><b>\u00a7 3 Zahlungsbedingungen<\/b><\/p>\n<p style=\"color: rgb(135, 135, 135);\">(1) \u00dcberschreitet die vereinbarte Lieferzeit den Zeitraum von einem Monat ab Vertragsschluss oder verz\u00f6gert sich die Lieferung um mehr als einen Monat ab Vertragsschluss aus Gr\u00fcnden, die allein der K\u00e4ufer zu vertreten hat oder die allein in den Risikobereich des K\u00e4ufers fallen, ist der Verk\u00e4ufer berechtigt, den am Tag der Lieferung g\u00fcltigen Preis zu berechnen. Betr\u00e4gt die Preiserh\u00f6hung mehr als 5% des angebotenen Kaufpreises, ist der K\u00e4ufer berechtigt, vom Vertrag zur\u00fcckzutreten. Dieses R\u00fccktrittsrecht erlischt, wenn der K\u00e4ufer es nicht innerhalb einer Frist von zwei Wochen, beginnend mit dem Datum der Mitteilung des neuen Preises, aus\u00fcbt.  <\/p>\n<p style=\"color: rgb(135, 135, 135);\">(2) Es gelten die Preise des Verk\u00e4ufers gem\u00e4\u00df dem Angebot, sofern mit dem K\u00e4ufer nichts anderes vereinbart wurde. Die Verpackungskosten sind in der Regel im Preis enthalten, k\u00f6nnen aber im Einzelfall bei aufw\u00e4ndiger Verpackung in Rechnung gestellt werden. <\/p>\n<p style=\"color: rgb(135, 135, 135);\">(3) Sofern mit dem K\u00e4ufer nichts anderes schriftlich vereinbart ist, ist der Kaufpreis netto (ohne Abzug) sofort nach Erhalt der Rechnung durch den K\u00e4ufer zur Zahlung f\u00e4llig.<\/p>\n<p style=\"color: rgb(135, 135, 135);\">(4) Der K\u00e4ufer kommt auch ohne Mahnung des Verk\u00e4ufers in Verzug, wenn er den Kaufpreis nicht innerhalb von 18 Tagen nach F\u00e4lligkeit und Zugang der Rechnung oder eines gleichwertigen Zahlungsplans zahlt. Kommt der K\u00e4ufer mit einer Zahlung in Verzug, so ist der Verk\u00e4ufer berechtigt, von dem betreffenden Zeitpunkt an Zinsen in H\u00f6he von 5 Prozentpunkten \u00fcber dem jeweiligen Basiszinssatz (\u00a7 247 BGB) zu berechnen. Der Verk\u00e4ufer beh\u00e4lt sich vor, einen h\u00f6heren Schaden nachzuweisen.  <\/p>\n<p style=\"color: rgb(135, 135, 135);\">(5) Der K\u00e4ufer ist zur Aufrechnung, auch wenn M\u00e4ngelr\u00fcgen oder Gegenanspr\u00fcche geltend gemacht werden, nur berechtigt, wenn die Gegenanspr\u00fcche rechtskr\u00e4ftig festgestellt, vom Verk\u00e4ufer anerkannt wurden oder unstreitig sind. Zur Aus\u00fcbung eines Zur\u00fcckbehaltungsrechtes ist der K\u00e4ufer nur befugt, wenn sein Gegenanspruch auf demselben Kaufvertrag beruht. <\/p>\n<p style=\"color: rgb(135, 135, 135);\">&#8212;&#8212;&#8212;&#8212;&#8212;&#8212;&#8212;&#8212;&#8212;&#8212;&#8212;&#8212;&#8212;&#8212;&#8212;&#8212;&#8212;&#8212;&#8212;&#8212;&#8211;<\/p>\n<p style=\"color: rgb(135, 135, 135);\"><b>\u00a7 4 Liefer- und Leistungszeit<\/b><\/p>\n<p style=\"color: rgb(135, 135, 135);\">(1) Liefertermine oder Fristen, die nicht ausdr\u00fccklich als verbindlich vereinbart worden sind, sind ausschlie\u00dflich unverbindliche Angaben.<\/p>\n<p style=\"color: rgb(135, 135, 135);\">(2) Falls der Verk\u00e4ufer schuldhaft eine ausdr\u00fccklich vereinbarte Frist nicht einhalten kann oder aus sonstigen Gr\u00fcnden in Verzug ger\u00e4t, hat der K\u00e4ufer dem Verk\u00e4ufer eine angemessene Nachfrist &#8211; beginnend mit dem Eingang der schriftlichen Inverzugsetzung beim Verk\u00e4ufer bzw. im Falle einer kalenderm\u00e4\u00dfig bestimmten Frist mit dem Eingang der schriftlichen Inverzugsetzung beim Verk\u00e4ufer &#8211; zu setzen. Nach ergebnislosem Ablauf dieser Nachfrist ist der K\u00e4ufer berechtigt, vom Vertrag zur\u00fcckzutreten. <\/p>\n<p style=\"color: rgb(135, 135, 135);\">(3) Der Verk\u00e4ufer haftet dem K\u00e4ufer bei Lieferverzug nach den gesetzlichen Bestimmungen, wenn der Lieferverzug auf einer von dem Verk\u00e4ufer zu vertretenden vors\u00e4tzlichen oder grob fahrl\u00e4ssigen Pflichtverletzung beruht. Der Verk\u00e4ufer hat ein Verschulden seiner Vertreter oder Erf\u00fcllungsgehilfen zu vertreten. Sofern der Lieferverzug nicht auf einer von dem Verk\u00e4ufer zu vertretenden vors\u00e4tzlichen oder grob fahrl\u00e4ssigen Vertragsverletzung beruht, ist die Haftung des Verk\u00e4ufers auf den vorhersehbaren, typischerweise eintretenden Schaden begrenzt.  <\/p>\n<p style=\"color: rgb(135, 135, 135);\">(4) Beruht der von dem Verk\u00e4ufer zu vertretende Lieferverzug auf der schuldhaften Verletzung einer wesentlichen Vertragspflicht, haftet der Verk\u00e4ufer nach den gesetzlichen Bestimmungen, wobei seine Haftung auf den vorhersehbaren, typischerweise eintretenden Schaden begrenzt ist.<\/p>\n<p style=\"color: rgb(135, 135, 135);\">(5) Beruht der Lieferverzug des Verk\u00e4ufers auf der schuldhaften Verletzung einer nicht wesentlichen Vertragspflicht, ist der K\u00e4ufer berechtigt, f\u00fcr jede vollendete Woche des Verzugs eine pauschalierte Verzugsentsch\u00e4digung in H\u00f6he von 3 % des Kaufpreises, insgesamt jedoch h\u00f6chstens 15 % des Kaufpreises zu verlangen.<\/p>\n<p style=\"color: rgb(135, 135, 135);\">(6) Die weiteren gesetzlichen Anspr\u00fcche und Rechte des K\u00e4ufers wegen eines Lieferverzugs des Verk\u00e4ufers bleiben unber\u00fchrt.<\/p>\n<p style=\"color: rgb(135, 135, 135);\">(7) Der Verk\u00e4ufer ist zu Teillieferungen und Teilleistungen jederzeit berechtigt, soweit dies f\u00fcr den K\u00e4ufer zumutbar ist.<\/p>\n<p style=\"color: rgb(135, 135, 135);\">&#8212;&#8212;&#8212;&#8212;&#8212;&#8212;&#8212;&#8212;&#8212;&#8212;&#8212;&#8212;&#8212;&#8212;&#8212;&#8212;&#8212;&#8212;&#8212;&#8212;&#8212;<\/p>\n<p style=\"color: rgb(135, 135, 135);\"><b>\u00a7 5 Gefahr\u00fcbergang &#8211; Versand\/Verpackung<\/b><\/p>\n<p style=\"color: rgb(135, 135, 135);\">(1) Verladung und Versand erfolgen teilweise unversichert (siehe Punkt 3) auf Gefahr des K\u00e4ufers. Der Verk\u00e4ufer wird sich bem\u00fchen, hinsichtlich Versandart und Versandweg W\u00fcnsche und Interessen des K\u00e4ufers zu ber\u00fccksichtigen; dadurch bedingte Mehrkosten &#8211; auch bei vereinbarter frachtfreier Lieferung &#8211; gehen zu Lasten des K\u00e4ufers. <\/p>\n<p style=\"color: rgb(135, 135, 135);\">(2) Wird der Versand auf Wunsch oder aus Verschulden des K\u00e4ufers verz\u00f6gert, so lagert der Verk\u00e4ufer die Waren auf Kosten und Gefahr des K\u00e4ufers. In diesem Fall steht die Anzeige der Versandbereitschaft dem Versand gleich. <\/p>\n<p style=\"color: rgb(135, 135, 135);\">(3) Der Versand per Paket ist bis zu einem Betrag von 500,00 EUR versichert. F\u00fcr kleine Pakete besteht kein Versicherungsschutz, so dass wir im Falle eines Verlustes nicht f\u00fcr den Wert der Sendung aufkommen k\u00f6nnen! <\/p>\n<p style=\"color: rgb(135, 135, 135);\">&#8212;&#8212;&#8212;&#8212;&#8212;&#8212;&#8212;&#8212;&#8212;&#8212;&#8212;&#8212;&#8212;&#8212;&#8212;&#8212;&#8212;&#8212;&#8212;&#8212;&#8212;<\/p>\n<p style=\"color: rgb(135, 135, 135);\"><b>\u00a7 6 Garantie\/Haftung<\/b><\/p>\n<p style=\"color: rgb(135, 135, 135);\">(1) Der K\u00e4ufer hat die empfangene Ware auf Vollst\u00e4ndigkeit, Transportsch\u00e4den, offensichtliche M\u00e4ngel, Beschaffenheit und deren Eigenschaften zu untersuchen. Offensichtliche M\u00e4ngel muss der K\u00e4ufer dem Verk\u00e4ufer innerhalb von zwei Wochen nach Lieferung des Vertragsgegenstandes schriftlich mitteilen. <\/p>\n<p style=\"color: rgb(135, 135, 135);\">(2) Der Verk\u00e4ufer ist nicht zur Gew\u00e4hrleistung verpflichtet, wenn der K\u00e4ufer einen offensichtlichen Mangel nicht rechtzeitig schriftlich ger\u00fcgt hat. Liegt ein vom Verk\u00e4ufer zu vertretender Mangel der Ware vor und hat der K\u00e4ufer diesen rechtzeitig schriftlich ger\u00fcgt, ist der Verk\u00e4ufer unter Ausschluss der Rechte des K\u00e4ufers, vom Vertrag zur\u00fcckzutreten oder den Kaufpreis zu mindern, zur Nacherf\u00fcllung verpflichtet, es sei denn, dass der Verk\u00e4ufer aufgrund der gesetzlichen Regelungen zur Verweigerung der Nacherf\u00fcllung berechtigt ist. Der K\u00e4ufer hat dem Verk\u00e4ufer f\u00fcr jeden einzelnen Mangel eine angemessene Frist zur Nacherf\u00fcllung zu gew\u00e4hren.  <\/p>\n<p style=\"color: rgb(135, 135, 135);\">(3) Die Nacherf\u00fcllung kann nach der Wahl des K\u00e4ufers durch Beseitigung des Mangels, soweit dies m\u00f6glich ist, oder durch Lieferung einer vergleichbaren Sache erfolgen. Der Verk\u00e4ufer ist berechtigt, die vom K\u00e4ufer gew\u00e4hlte Art der Nacherf\u00fcllung zu verweigern, wenn sie nur mit unverh\u00e4ltnism\u00e4\u00dfigen Kosten verbunden ist. W\u00e4hrend der Nacherf\u00fcllung sind die Herabsetzung des Kaufpreises oder der R\u00fccktritt vom Vertrag durch den K\u00e4ufer ausgeschlossen. Die Nachbesserung gilt nach dem zweiten erfolglosen Versuch als fehlgeschlagen. Ist die Nacherf\u00fcllung fehlgeschlagen oder hat der Verk\u00e4ufer die Nacherf\u00fcllung insgesamt verweigert, kann der K\u00e4ufer nach seiner Wahl Herabsetzung des Kaufpreises (Minderung) verlangen oder den R\u00fccktritt vom Vertrag erkl\u00e4ren.    <\/p>\n<p style=\"color: rgb(135, 135, 135);\">(4) Schadensersatzanspr\u00fcche zu den nachfolgenden Bedingungen wegen des Mangels kann der K\u00e4ufer erst geltend machen, wenn die Nacherf\u00fcllung fehlgeschlagen ist oder der Verk\u00e4ufer die Nacherf\u00fcllung verweigert. Das Recht des K\u00e4ufers zur Geltendmachung von weitergehenden Schadensersatzanspr\u00fcchen zu den nachfolgenden Bedingungen bleibt hiervon unber\u00fchrt. <\/p>\n<p style=\"color: rgb(135, 135, 135);\">(5) Eine weitergehende Haftung ist ohne R\u00fccksicht auf die Rechtsnatur des geltend gemachten Anspruchs ausgeschlossen. Soweit die Haftung des Verk\u00e4ufers ausgeschlossen oder beschr\u00e4nkt ist, gilt dies auch f\u00fcr die pers\u00f6nliche Haftung seiner Angestellten, Arbeitnehmer, Mitarbeiter, Vertreter und Erf\u00fcllungsgehilfen. <\/p>\n<p style=\"color: rgb(135, 135, 135);\">&#8212;&#8212;&#8212;&#8212;&#8212;&#8212;&#8212;&#8212;&#8212;&#8212;&#8212;&#8212;&#8212;&#8212;&#8212;&#8212;&#8212;&#8212;&#8212;&#8212;&#8211;<\/p>\n<p style=\"color: rgb(135, 135, 135);\"><b>\u00a7 7 Eigentumsvorbehalt<\/b><\/p>\n<p style=\"color: rgb(135, 135, 135);\">(1) Der Verk\u00e4ufer beh\u00e4lt sich das Eigentum an der Ware (Vorbehaltsware) bis zum Eingang aller Zahlungen aus dem Kaufvertrag vor.<\/p>\n<p style=\"color: rgb(135, 135, 135);\">(2) Der K\u00e4ufer hat den Verk\u00e4ufer unverz\u00fcglich schriftlich von allen Zugriffen Dritter, insbesondere von Zwangsvollstreckungsma\u00dfnahmen und sonstigen Beeintr\u00e4chtigungen seines Eigentums zu unterrichten. Der K\u00e4ufer hat dem Verk\u00e4ufer alle Sch\u00e4den und Kosten zu ersetzen, die durch einen Versto\u00df gegen diese Verpflichtung und durch erforderliche Interventionsma\u00dfnahmen gegen Zugriffe Dritter entstehen. <\/p>\n<p style=\"color: rgb(135, 135, 135);\">(3) Kommt der K\u00e4ufer seiner Zahlungsverpflichtung trotz einer Mahnung des Verk\u00e4ufers nicht nach, kann der Verk\u00e4ufer die Herausgabe der noch in seinem Eigentum stehenden Vorbehaltsware ohne vorherige Ank\u00fcndigung verlangen. Die dabei anfallenden Transportkosten gehen zu Lasten des K\u00e4ufers. In der Pf\u00e4ndung der Vorbehaltsware durch den Verk\u00e4ufer liegt stets ein R\u00fccktritt vom Vertrag vor. Nach R\u00fcckbehalt der Vorbehaltsware ist der Verk\u00e4ufer berechtigt, diese zu ver\u00e4u\u00dfern. Der Verwertungserl\u00f6s ist auf die Verbindlichkeiten des Verk\u00e4ufers &#8211; abz\u00fcglich angemessener Verwertungskosten &#8211; anzurechnen.    <\/p>\n<p style=\"color: rgb(135, 135, 135);\">&#8212;&#8212;&#8212;&#8212;&#8212;&#8212;&#8212;&#8212;&#8212;&#8212;&#8212;&#8212;&#8212;&#8212;&#8212;&#8212;&#8212;&#8212;&#8212;&#8212;&#8212;&#8212;<\/p>\n<p style=\"color: rgb(135, 135, 135);\"><b>\u00a7 8 Schlussbestimmung, anwendbares Recht<\/b><\/p>\n<p style=\"color: rgb(135, 135, 135);\">(1) Die Beziehungen zwischen den Vertragsparteien regeln sich ausschlie\u00dflich nach dem in der Bundesrepublik Deutschland geltenden Recht. Die Anwendung des Einheitlichen Gesetzes \u00fcber den internationalen Kauf beweglicher Sachen und des Gesetzes \u00fcber den Abschluss von internationalen Kaufvertr\u00e4gen \u00fcber bewegliche Sachen ist ausgeschlossen. <\/p>\n<p style=\"color: rgb(135, 135, 135);\">(2) Der K\u00e4ufer ist nicht berechtigt, Forderungen aus dem Kaufvertrag ohne Zustimmung des Verk\u00e4ufers abzutreten.<\/p>\n<p style=\"color: rgb(135, 135, 135);\">(3) Sollte eine Bestimmung dieser Allgemeinen Liefer- und Zahlungsbedingungen unwirksam oder undurchf\u00fchrbar sein oder werden, so ber\u00fchrt dies die Wirksamkeit der \u00fcbrigen Bestimmungen der Allgemeinen Liefer- und Zahlungsbedingungen nicht.<\/p>\n<p style=\"color: rgb(135, 135, 135);\">&#8212;&#8212;&#8212;&#8212;&#8212;&#8212;&#8212;&#8212;&#8212;&#8212;&#8212;&#8212;&#8212;&#8212;&#8212;&#8212;&#8212;&#8212;&#8212;&#8212;&#8212;&#8211;<\/p>\n<p style=\"color: rgb(135, 135, 135);\"><b>Copyright-Hinweis:<\/b><\/p>\n<p style=\"color: rgb(135, 135, 135);\">Alle Namen anderer Unternehmen, die auf diesen Seiten erw\u00e4hnt werden (z.B. Strat, Tele, Gibson, Fender, Les Paul, etc.) sind eingetragene Produktnamen anderer Unternehmen (z.B. Fender, Gibson ). Die Firma &#8212;holz-faszination&#8212; ist weder mit diesen Produkten noch mit diesen Firmen in irgendeiner Weise verbunden. <\/p><\/p>\n<\/div><\/div><\/div><\/div><\/div>\n","protected":false},"excerpt":{"rendered":"","protected":false},"author":1,"featured_media":0,"parent":0,"menu_order":0,"comment_status":"closed","ping_status":"closed","template":"100-width.php","meta":{"footnotes":""},"class_list":["post-5834","page","type-page","status-publish","hentry"],"_links":{"self":[{"href":"https:\/\/holz-faszination.de\/faszination\/de\/wp-json\/wp\/v2\/pages\/5834","targetHints":{"allow":["GET"]}}],"collection":[{"href":"https:\/\/holz-faszination.de\/faszination\/de\/wp-json\/wp\/v2\/pages"}],"about":[{"href":"https:\/\/holz-faszination.de\/faszination\/de\/wp-json\/wp\/v2\/types\/page"}],"author":[{"embeddable":true,"href":"https:\/\/holz-faszination.de\/faszination\/de\/wp-json\/wp\/v2\/users\/1"}],"replies":[{"embeddable":true,"href":"https:\/\/holz-faszination.de\/faszination\/de\/wp-json\/wp\/v2\/comments?post=5834"}],"version-history":[{"count":2,"href":"https:\/\/holz-faszination.de\/faszination\/de\/wp-json\/wp\/v2\/pages\/5834\/revisions"}],"predecessor-version":[{"id":5836,"href":"https:\/\/holz-faszination.de\/faszination\/de\/wp-json\/wp\/v2\/pages\/5834\/revisions\/5836"}],"wp:attachment":[{"href":"https:\/\/holz-faszination.de\/faszination\/de\/wp-json\/wp\/v2\/media?parent=5834"}],"curies":[{"name":"wp","href":"https:\/\/api.w.org\/{rel}","templated":true}]}}