{"id":5707,"date":"2023-09-22T16:29:10","date_gmt":"2023-09-22T14:29:10","guid":{"rendered":"https:\/\/holz-faszination.de\/faszination\/ueber\/"},"modified":"2025-05-27T15:26:55","modified_gmt":"2025-05-27T13:26:55","slug":"ueber","status":"publish","type":"page","link":"https:\/\/holz-faszination.de\/faszination\/de\/ueber\/","title":{"rendered":"\u00dcber"},"content":{"rendered":"<p><div class=\"fusion-fullwidth fullwidth-box fusion-builder-row-1 fusion-flex-container has-pattern-background has-mask-background nonhundred-percent-fullwidth non-hundred-percent-height-scrolling\" style=\"--awb-background-position:center top;--awb-border-radius-top-left:0px;--awb-border-radius-top-right:0px;--awb-border-radius-bottom-right:0px;--awb-border-radius-bottom-left:0px;--awb-padding-top:140px;--awb-padding-right:0px;--awb-padding-bottom:0px;--awb-padding-left:0px;--awb-padding-top-small:60px;--awb-flex-wrap:wrap;\" ><div class=\"fusion-builder-row fusion-row fusion-flex-align-items-stretch fusion-flex-justify-content-center fusion-flex-content-wrap\" style=\"max-width:calc( 1220px + 0px );margin-left: calc(-0px \/ 2 );margin-right: calc(-0px \/ 2 );\"><div class=\"fusion-layout-column fusion_builder_column fusion-builder-column-0 fusion_builder_column_4_5 4_5 fusion-flex-column fusion-flex-align-self-center fusion-animated\" style=\"--awb-bg-size:cover;--awb-width-large:80%;--awb-margin-top-large:0px;--awb-spacing-right-large:0px;--awb-margin-bottom-large:105px;--awb-spacing-left-large:0px;--awb-width-medium:80%;--awb-order-medium:0;--awb-spacing-right-medium:0px;--awb-spacing-left-medium:0px;--awb-width-small:100%;--awb-order-small:0;--awb-spacing-right-small:0px;--awb-margin-bottom-small:70px;--awb-spacing-left-small:0px;\" data-animationType=\"fadeInUp\" data-animationDuration=\"1.3\" data-animationOffset=\"top-into-view\"><div class=\"fusion-column-wrapper fusion-column-has-shadow fusion-flex-justify-content-center fusion-content-layout-column\"><div class=\"fusion-title title fusion-title-1 fusion-no-small-visibility fusion-sep-none fusion-title-center fusion-title-text fusion-title-size-one fusion-has-text-overflow\" style=\"--awb-text-color:var(--awb-color2);--awb-margin-top:0px;--awb-margin-top-small:10px;--awb-margin-right-small:0px;--awb-margin-bottom-small:10px;--awb-margin-left-small:0px;--awb-text-overflow:clip;\"><h1 class=\"fusion-title-heading title-heading-center fusion-responsive-typography-calculated\" style=\"margin:0;text-transform:lowercase;--fontSize:68;line-height:var(--awb-typography1-line-height);\"><h2 style=\"text-align: center;\">\u00fcber<br \/>holz-faszination<\/h2><\/h1><\/div><div class=\"fusion-title title fusion-title-2 fusion-no-medium-visibility fusion-no-large-visibility fusion-sep-none fusion-title-center fusion-title-text fusion-title-size-one fusion-has-text-overflow\" style=\"--awb-text-color:var(--awb-color2);--awb-margin-top:0px;--awb-margin-top-small:10px;--awb-margin-right-small:0px;--awb-margin-bottom-small:10px;--awb-margin-left-small:0px;--awb-font-size:30px;--awb-text-overflow:clip;\"><h1 class=\"fusion-title-heading title-heading-center fusion-responsive-typography-calculated\" style=\"margin:0;text-transform:lowercase;font-size:1em;--fontSize:30;line-height:var(--awb-typography1-line-height);\"><h5 style=\"text-align: center;\">\u00fcber<br \/>holz-faszination<\/h5><\/h1><\/div><div class=\"fusion-text fusion-text-1 awb-text-cols fusion-text-columns-3 fusion-no-small-visibility fusion-text-no-margin\" style=\"--awb-content-alignment:center;--awb-text-transform:lowercase;--awb-text-color:var(--awb-color2);--awb-columns:3;--awb-column-spacing:2em;--awb-column-min-width:100px;--awb-rule-style:1px dashed var(--awb-color3);--awb-margin-right:15%;--awb-margin-bottom:0px;--awb-margin-left:15%;\"><p>\u201eWer steckt dahinter?\u201c<\/p>\n<p>\u201eWas machen wir hier?\u201c<\/p>\n<p>\u201eWie machen wir das?\u201c<\/p>\n<\/div><div class=\"fusion-text fusion-text-2 fusion-no-medium-visibility fusion-no-large-visibility fusion-text-no-margin\" style=\"--awb-content-alignment:center;--awb-text-transform:lowercase;--awb-text-color:var(--awb-color2);--awb-margin-right:15%;--awb-margin-bottom:0px;--awb-margin-left:15%;\"><p>\u201eWer steckt dahinter?\u201c<\/p>\n<p>\u201eWas machen wir hier?\u201c<\/p>\n<p>\u201eWie machen wir das?\u201c<\/p>\n<\/div><\/div><\/div><div class=\"fusion-layout-column fusion_builder_column fusion-builder-column-1 fusion_builder_column_1_1 1_1 fusion-flex-column fusion-animated\" style=\"--awb-bg-size:cover;--awb-width-large:100%;--awb-margin-top-large:0px;--awb-spacing-right-large:0px;--awb-margin-bottom-large:-80px;--awb-spacing-left-large:0px;--awb-width-medium:100%;--awb-order-medium:0;--awb-spacing-right-medium:0px;--awb-margin-bottom-medium:0;--awb-spacing-left-medium:0px;--awb-width-small:100%;--awb-order-small:1;--awb-spacing-right-small:0px;--awb-margin-bottom-small:0;--awb-spacing-left-small:0px;\" data-animationType=\"fadeInUp\" data-animationDuration=\"1.3\" data-animationOffset=\"top-into-view\"><div class=\"fusion-column-wrapper fusion-column-has-shadow fusion-flex-justify-content-flex-start fusion-content-layout-column\"><div class=\"fusion-image-element \" style=\"text-align:center;--awb-bottom-shadow-color:var(--awb-color7);--awb-caption-title-font-family:var(--h2_typography-font-family);--awb-caption-title-font-weight:var(--h2_typography-font-weight);--awb-caption-title-font-style:var(--h2_typography-font-style);--awb-caption-title-size:var(--h2_typography-font-size);--awb-caption-title-transform:var(--h2_typography-text-transform);--awb-caption-title-line-height:var(--h2_typography-line-height);--awb-caption-title-letter-spacing:var(--h2_typography-letter-spacing);\"><div class=\"awb-image-frame awb-image-frame-1 awb-bottomshadow\"><span class=\" fusion-imageframe imageframe-bottomshadow imageframe-1 hover-type-zoomout\"><img decoding=\"async\" width=\"282\" height=\"300\" title=\"Frank101\" src=\"https:\/\/holz-faszination.de\/faszination\/wp-content\/uploads\/2025\/02\/Frank101-282x300.png\" alt class=\"img-responsive wp-image-4121\" srcset=\"https:\/\/holz-faszination.de\/faszination\/wp-content\/uploads\/2025\/02\/Frank101-200x212.png 200w, https:\/\/holz-faszination.de\/faszination\/wp-content\/uploads\/2025\/02\/Frank101-400x425.png 400w, https:\/\/holz-faszination.de\/faszination\/wp-content\/uploads\/2025\/02\/Frank101-600x637.png 600w, https:\/\/holz-faszination.de\/faszination\/wp-content\/uploads\/2025\/02\/Frank101.png 659w\" sizes=\"(max-width: 640px) 100vw, 282px\" \/><\/span><svg xmlns=\"http:\/\/www.w3.org\/2000\/svg\" version=\"1.1\" width=\"100%\" viewBox=\"0 0 600 28\" preserveAspectRatio=\"none\"><g clip-path=\"url(#a)\"><mask id=\"b\" style=\"mask-type:luminance\" maskUnits=\"userSpaceOnUse\" x=\"0\" y=\"0\" width=\"600\" height=\"28\"><path d=\"M0 0h600v28H0V0Z\" fill=\"#fff\"\/><\/mask><g filter=\"url(#c)\" mask=\"url(#b)\"><path d=\"M16.439-18.667h567.123v30.8S438.961-8.4 300-8.4C161.04-8.4 16.438 12.133 16.438 12.133v-30.8Z\" fill=\"#000\"\/><\/g><\/g><defs><clipPath id=\"a\"><path fill=\"#fff\" d=\"M0 0h600v28H0z\"\/><\/clipPath><filter id=\"c\" x=\"5.438\" y=\"-29.667\" width=\"589.123\" height=\"52.8\" filterUnits=\"userSpaceOnUse\" color-interpolation-filters=\"sRGB\"><feFlood flood-opacity=\"0\" result=\"BackgroundImageFix\"\/><feBlend in=\"SourceGraphic\" in2=\"BackgroundImageFix\" result=\"shape\"\/><feGaussianBlur stdDeviation=\"5.5\" result=\"effect1_foregroundBlur_3983_183\"\/><\/filter><\/defs><\/svg><\/div><\/div><\/div><\/div><\/div><\/div><div id=\"unten\" class=\"fusion-container-anchor\"><div class=\"fusion-fullwidth fullwidth-box fusion-builder-row-2 fusion-flex-container has-pattern-background has-mask-background nonhundred-percent-fullwidth non-hundred-percent-height-scrolling\" style=\"--awb-border-radius-top-left:0px;--awb-border-radius-top-right:0px;--awb-border-radius-bottom-right:0px;--awb-border-radius-bottom-left:0px;--awb-padding-top:75px;--awb-padding-bottom:33px;--awb-padding-top-medium:70px;--awb-padding-bottom-medium:70px;--awb-padding-top-small:50px;--awb-padding-bottom-small:5px;--awb-margin-bottom:0px;--awb-background-color:var(--awb-color2);--awb-flex-wrap:wrap;\" ><div class=\"fusion-builder-row fusion-row fusion-flex-align-items-center fusion-flex-align-content-center fusion-flex-justify-content-center fusion-flex-content-wrap\" style=\"max-width:1268.8px;margin-left: calc(-4% \/ 2 );margin-right: calc(-4% \/ 2 );\"><div class=\"fusion-layout-column fusion_builder_column fusion-builder-column-2 fusion-flex-column fusion-flex-align-self-center fusion-animated\" style=\"--awb-padding-top:25px;--awb-padding-right:35px;--awb-padding-left-medium:40px;--awb-bg-color:var(--awb-color2);--awb-bg-color-hover:var(--awb-color2);--awb-bg-image:linear-gradient(180deg, var(--awb-color2) 0%,var(--awb-color2) 100%);--awb-bg-size:cover;--awb-width-large:47%;--awb-margin-top-large:0px;--awb-spacing-right-large:2.4510638297872%;--awb-margin-bottom-large:0px;--awb-spacing-left-large:4.0851063829787%;--awb-width-medium:47%;--awb-order-medium:0;--awb-spacing-right-medium:2.4510638297872%;--awb-spacing-left-medium:4.0851063829787%;--awb-width-small:100%;--awb-order-small:1;--awb-spacing-right-small:1.92%;--awb-margin-bottom-small:50px;--awb-spacing-left-small:1.92%;\" data-animationType=\"fadeInUp\" data-animationDuration=\"1.3\" data-animationOffset=\"top-into-view\"><div class=\"fusion-column-wrapper fusion-column-has-shadow fusion-flex-justify-content-center fusion-content-layout-column\"><div class=\"fusion-title title fusion-title-3 fusion-sep-none fusion-title-center fusion-title-text fusion-title-size-two\" style=\"--awb-text-color:var(--awb-color7);--awb-margin-top:0px;--awb-margin-bottom:28px;--awb-margin-top-small:10px;--awb-margin-right-small:0px;--awb-margin-bottom-small:10px;--awb-margin-left-small:0px;\"><h2 class=\"fusion-title-heading title-heading-center fusion-responsive-typography-calculated\" style=\"margin:0;--fontSize:50;line-height:var(--awb-typography1-line-height);\">\u201eWer steckt dahinter?\u201c<\/h2><\/div><div class=\"fusion-text fusion-text-3\" style=\"--awb-content-alignment:center;--awb-text-color:var(--awb-color8);\"><p>mein Name ist Frank Hoffmeyer<br \/>und ich bin der Gr\u00fcnder und Inhaber von &#8211;holz-faszination&#8212;.<\/p>\n<p>Das Unternehmen wurde im Jahr 2005 gegr\u00fcndet. Meine Motivation war damals &#8211; und ist es immer noch &#8211; meine Liebe zum Material Holz mit seiner unglaublichen Vielfalt an Maserungen und Strukturen.<br \/>Eine v\u00f6llig einzigartige Welt!<\/p>\n<p>Ich bin gelernter Schreiner und habe Mitte der neunziger Jahre meine Meisterpr\u00fcfung in diesem Beruf abgelegt. Wenig sp\u00e4ter wechselte ich in die Berufsausbildung und arbeite seit etwa 20 Jahren auch als Lehrer.<\/p>\n<\/div><\/div><\/div><\/div><\/div><\/div><div class=\"fusion-fullwidth fullwidth-box fusion-builder-row-3 fusion-flex-container nonhundred-percent-fullwidth non-hundred-percent-height-scrolling\" style=\"--awb-border-radius-top-left:0px;--awb-border-radius-top-right:0px;--awb-border-radius-bottom-right:0px;--awb-border-radius-bottom-left:0px;--awb-padding-top:50px;--awb-padding-bottom:0px;--awb-padding-top-medium:70px;--awb-padding-bottom-medium:70px;--awb-padding-top-small:30px;--awb-padding-bottom-small:0px;--awb-margin-top:0px;--awb-margin-top-small:0px;--awb-margin-bottom-small:0px;--awb-flex-wrap:wrap;\" ><div class=\"fusion-builder-row fusion-row fusion-flex-align-items-center fusion-flex-content-wrap\" style=\"max-width:calc( 1220px + 20px );margin-left: calc(-20px \/ 2 );margin-right: calc(-20px \/ 2 );\"><div class=\"fusion-layout-column fusion_builder_column fusion-builder-column-3 fusion_builder_column_1_1 1_1 fusion-flex-column fusion-flex-align-self-center fusion-animated\" style=\"--awb-bg-size:cover;--awb-width-large:100%;--awb-margin-top-large:0px;--awb-spacing-right-large:3px;--awb-margin-bottom-large:52px;--awb-spacing-left-large:10px;--awb-width-medium:100%;--awb-order-medium:0;--awb-spacing-right-medium:3px;--awb-spacing-left-medium:10px;--awb-width-small:100%;--awb-order-small:0;--awb-spacing-right-small:10px;--awb-margin-bottom-small:70px;--awb-spacing-left-small:10px;\" data-animationType=\"fadeInUp\" data-animationDuration=\"1.3\" data-animationOffset=\"top-into-view\"><div class=\"fusion-column-wrapper fusion-column-has-shadow fusion-flex-justify-content-center fusion-content-layout-block\"><div class=\"fusion-title title fusion-title-4 fusion-sep-none fusion-title-center fusion-title-text fusion-title-size-three fusion-has-text-overflow\" style=\"--awb-text-color:var(--awb-color2);--awb-margin-top:0px;--awb-margin-top-small:10px;--awb-margin-right-small:0px;--awb-margin-bottom-small:10px;--awb-margin-left-small:0px;--awb-text-overflow:clip;\"><h3 class=\"fusion-title-heading title-heading-center fusion-responsive-typography-calculated\" style=\"margin:0;--fontSize:43;line-height:var(--awb-typography1-line-height);\"><h3>\u201eWas machen wir hier?\u201c<\/h3><\/h3><\/div><div class=\"fusion-image-element fusion-image-align-center in-legacy-container\" style=\"text-align:center;--awb-margin-bottom:20px;--awb-caption-title-font-family:var(--h2_typography-font-family);--awb-caption-title-font-weight:var(--h2_typography-font-weight);--awb-caption-title-font-style:var(--h2_typography-font-style);--awb-caption-title-size:var(--h2_typography-font-size);--awb-caption-title-transform:var(--h2_typography-text-transform);--awb-caption-title-line-height:var(--h2_typography-line-height);--awb-caption-title-letter-spacing:var(--h2_typography-letter-spacing);\"><div class=\"imageframe-align-center\"><span class=\" fusion-imageframe imageframe-dropshadow imageframe-2 hover-type-none\" style=\"border:5px solid var(--awb-color3);-webkit-box-shadow: 0px 0px 4px var(--awb-color7);box-shadow: 0px 0px 4px var(--awb-color7);\"><img decoding=\"async\" width=\"600\" height=\"800\" title=\"a-schnapp-23\" src=\"https:\/\/holz-faszination.de\/faszination\/wp-content\/uploads\/2025\/02\/a-schnapp-23.jpg\" alt class=\"img-responsive wp-image-4122\" srcset=\"https:\/\/holz-faszination.de\/faszination\/wp-content\/uploads\/2025\/02\/a-schnapp-23-200x267.jpg 200w, https:\/\/holz-faszination.de\/faszination\/wp-content\/uploads\/2025\/02\/a-schnapp-23-400x533.jpg 400w, https:\/\/holz-faszination.de\/faszination\/wp-content\/uploads\/2025\/02\/a-schnapp-23.jpg 600w\" sizes=\"(max-width: 640px) 100vw, 600px\" \/><\/span><\/div><\/div><div class=\"fusion-text fusion-text-4 fusion-text-no-margin\" style=\"--awb-content-alignment:center;--awb-text-color:var(--awb-color2);--awb-margin-right:15%;--awb-margin-bottom:0px;--awb-margin-left:15%;\"><p>Wir bieten ausgew\u00e4hlte Instrumentenh\u00f6lzer in Form von verschiedenen Edelh\u00f6lzern als Rohlinge an,<br \/>, wie sie im Bau von E-Gitarren und B\u00e4ssen verwendet werden.<\/p>\n<p>Es gibt Korpush\u00f6lzer, Halsmaterial, Griffbretter, Topsets und vieles mehr<br \/>in spektakul\u00e4ren Farben und Strukturen.<\/p>\n<p>Im Durchschnitt haben wir immer etwa 600 Top-Sets auf Lager! Lange Lagerzeiten bei uns,<br \/>sorgen f\u00fcr ausgewogene klimatisierte und konditionierte H\u00f6lzer&#8230;<\/p>\n<\/div><\/div><\/div><\/div><\/div><div class=\"fusion-fullwidth fullwidth-box fusion-builder-row-4 fusion-flex-container has-pattern-background has-mask-background nonhundred-percent-fullwidth non-hundred-percent-height-scrolling\" style=\"--awb-border-radius-top-left:0px;--awb-border-radius-top-right:0px;--awb-border-radius-bottom-right:0px;--awb-border-radius-bottom-left:0px;--awb-padding-top:5px;--awb-padding-bottom:5px;--awb-padding-top-medium:140px;--awb-padding-top-small:50px;--awb-padding-bottom-small:100px;--awb-background-color:var(--awb-color2);--awb-flex-wrap:wrap;\" ><div class=\"fusion-builder-row fusion-row fusion-flex-align-items-center fusion-flex-justify-content-center fusion-flex-content-wrap\" style=\"max-width:1268.8px;margin-left: calc(-4% \/ 2 );margin-right: calc(-4% \/ 2 );\"><div class=\"fusion-layout-column fusion_builder_column fusion-builder-column-4 fusion_builder_column_1_1 1_1 fusion-flex-column fusion-flex-align-self-center fusion-animated\" style=\"--awb-padding-top:25px;--awb-padding-bottom:25px;--awb-padding-left-medium:40px;--awb-padding-right-small:30px;--awb-bg-color:var(--awb-color2);--awb-bg-color-hover:var(--awb-color2);--awb-bg-image:linear-gradient(180deg, var(--awb-color2) 0%,var(--awb-color2) 100%);--awb-bg-size:cover;--awb-width-large:100%;--awb-margin-top-large:;--awb-spacing-right-large:1.152%;--awb-margin-bottom-large:0px;--awb-spacing-left-large:1.92%;--awb-width-medium:100%;--awb-order-medium:0;--awb-spacing-right-medium:1.152%;--awb-spacing-left-medium:1.92%;--awb-width-small:100%;--awb-order-small:1;--awb-spacing-right-small:1.92%;--awb-margin-bottom-small:50px;--awb-spacing-left-small:1.92%;\" data-animationType=\"fadeInUp\" data-animationDuration=\"1.3\" data-animationOffset=\"top-into-view\"><div class=\"fusion-column-wrapper fusion-column-has-shadow fusion-flex-justify-content-center fusion-content-layout-column\"><div class=\"fusion-title title fusion-title-5 fusion-sep-none fusion-title-center fusion-title-text fusion-title-size-two\" style=\"--awb-text-color:var(--awb-color7);--awb-margin-top:0px;--awb-margin-bottom:28px;--awb-margin-top-small:10px;--awb-margin-right-small:0px;--awb-margin-bottom-small:10px;--awb-margin-left-small:0px;\"><h2 class=\"fusion-title-heading title-heading-center fusion-responsive-typography-calculated\" style=\"margin:0;--fontSize:50;line-height:var(--awb-typography1-line-height);\">\u201eWie machen wir das?\u201c<\/h2><\/div><div class=\"fusion-image-element \" style=\"text-align:center;--awb-caption-title-font-family:var(--h2_typography-font-family);--awb-caption-title-font-weight:var(--h2_typography-font-weight);--awb-caption-title-font-style:var(--h2_typography-font-style);--awb-caption-title-size:var(--h2_typography-font-size);--awb-caption-title-transform:var(--h2_typography-text-transform);--awb-caption-title-line-height:var(--h2_typography-line-height);--awb-caption-title-letter-spacing:var(--h2_typography-letter-spacing);\"><span class=\" fusion-imageframe imageframe-none imageframe-3 hover-type-none\"><img decoding=\"async\" width=\"1024\" height=\"736\" title=\"Bild351 005\" src=\"https:\/\/holz-faszination.de\/faszination\/wp-content\/uploads\/2025\/02\/Bild351-005-1024x736.jpg\" alt class=\"img-responsive wp-image-4123\" srcset=\"https:\/\/holz-faszination.de\/faszination\/wp-content\/uploads\/2025\/02\/Bild351-005-200x144.jpg 200w, https:\/\/holz-faszination.de\/faszination\/wp-content\/uploads\/2025\/02\/Bild351-005-400x288.jpg 400w, https:\/\/holz-faszination.de\/faszination\/wp-content\/uploads\/2025\/02\/Bild351-005-600x431.jpg 600w, https:\/\/holz-faszination.de\/faszination\/wp-content\/uploads\/2025\/02\/Bild351-005-800x575.jpg 800w, https:\/\/holz-faszination.de\/faszination\/wp-content\/uploads\/2025\/02\/Bild351-005-1200x863.jpg 1200w, https:\/\/holz-faszination.de\/faszination\/wp-content\/uploads\/2025\/02\/Bild351-005.jpg 1280w\" sizes=\"(max-width: 640px) 100vw, 1200px\" \/><\/span><\/div><div class=\"fusion-text fusion-text-5\" style=\"--awb-content-alignment:center;--awb-text-color:var(--awb-color8);\"><p><span class=\"\"><br \/>In ganz Europa haben wir sehr gute Beziehungen zu Lieferanten, S\u00e4gewerken und Top-Tonholzspezialisten.<br \/><\/span><span class=\"\">Wir haben beste Kontakte in den USA an der Ost- und Westk\u00fcste und auch in Kanada.<\/span><br \/>Au\u00dferdem pflegen wir Gesch\u00e4ftsbeziehungen zu Firmen in Hawaii, S\u00fcdafrika und Vietnam.<br \/>Mit Hilfe unseres modernen Maschinenparks k\u00f6nnen wir die gew\u00fcnschten Zuschnitte realisieren und auch sehr individuell auf Ihre W\u00fcnsche eingehen.<\/p>\n<p><span style=\"color: #ff6600;\"><span class=\"\">Nehmen Sie sich Zeit beim St\u00f6bern und sprechen Sie mit uns \u00fcber Ihre W\u00fcnsche.<\/span> <span class=\"\"><br \/>Wir beraten Sie gerne und machen Ihnen ein ma\u00dfgeschneidertes Angebot &#8230;<\/span><\/span><\/p>\n<\/div><\/div><\/div><\/div><\/div><\/p>\n","protected":false},"excerpt":{"rendered":"","protected":false},"author":1,"featured_media":0,"parent":0,"menu_order":0,"comment_status":"closed","ping_status":"closed","template":"100-width.php","meta":{"footnotes":""},"class_list":["post-5707","page","type-page","status-publish","hentry"],"_links":{"self":[{"href":"https:\/\/holz-faszination.de\/faszination\/de\/wp-json\/wp\/v2\/pages\/5707","targetHints":{"allow":["GET"]}}],"collection":[{"href":"https:\/\/holz-faszination.de\/faszination\/de\/wp-json\/wp\/v2\/pages"}],"about":[{"href":"https:\/\/holz-faszination.de\/faszination\/de\/wp-json\/wp\/v2\/types\/page"}],"author":[{"embeddable":true,"href":"https:\/\/holz-faszination.de\/faszination\/de\/wp-json\/wp\/v2\/users\/1"}],"replies":[{"embeddable":true,"href":"https:\/\/holz-faszination.de\/faszination\/de\/wp-json\/wp\/v2\/comments?post=5707"}],"version-history":[{"count":5,"href":"https:\/\/holz-faszination.de\/faszination\/de\/wp-json\/wp\/v2\/pages\/5707\/revisions"}],"predecessor-version":[{"id":5712,"href":"https:\/\/holz-faszination.de\/faszination\/de\/wp-json\/wp\/v2\/pages\/5707\/revisions\/5712"}],"wp:attachment":[{"href":"https:\/\/holz-faszination.de\/faszination\/de\/wp-json\/wp\/v2\/media?parent=5707"}],"curies":[{"name":"wp","href":"https:\/\/api.w.org\/{rel}","templated":true}]}}